{"id":3571,"date":"2019-07-08T18:17:35","date_gmt":"2019-07-08T16:17:35","guid":{"rendered":"https:\/\/chaire-eti.org\/lucas-sageot-chomel\/"},"modified":"2019-07-08T18:17:35","modified_gmt":"2019-07-08T16:17:35","slug":"lucas-sageot-chomel","status":"publish","type":"page","link":"https:\/\/chaire-eti.org\/es\/lucas-sageot-chomel\/","title":{"rendered":"Lucas Sageot-Chomel"},"content":{"rendered":"<p>[et_pb_section fb_built=&#8221;1&#8243; _builder_version=&#8221;3.22.3&#8243; background_image=&#8221;https:\/\/chaire-eti.org\/wp-content\/uploads\/2017\/11\/chaire-eti-sorbonne-parallaxe.jpg&#8221;][et_pb_row _builder_version=&#8221;3.25&#8243; background_size=&#8221;initial&#8221; background_position=&#8221;top_left&#8221; background_repeat=&#8221;repeat&#8221;][et_pb_column type=&#8221;4_4&#8243; _builder_version=&#8221;3.25&#8243; custom_padding=&#8221;|||&#8221; custom_padding__hover=&#8221;|||&#8221;][et_pb_text admin_label=&#8221;L&#8217;\u00e9quipe&#8221; _builder_version=&#8221;3.0.96&#8243; header_font=&#8221;|700|||||||&#8221; header_text_color=&#8221;#ffffff&#8221; header_font_size=&#8221;36px&#8221;]<\/p>\n<h1>L&#8217;\u00e9quipe<\/h1>\n<p>[\/et_pb_text][\/et_pb_column][\/et_pb_row][\/et_pb_section][et_pb_section fb_built=&#8221;1&#8243; specialty=&#8221;on&#8221; _builder_version=&#8221;3.22.3&#8243;][et_pb_column type=&#8221;1_4&#8243; _builder_version=&#8221;3.25&#8243; custom_padding=&#8221;|||&#8221; custom_padding__hover=&#8221;|||&#8221;][et_pb_sidebar area=&#8221;et_pb_widget_area_1&#8243; _builder_version=&#8221;3.25.4&#8243;][\/et_pb_sidebar][\/et_pb_column][et_pb_column type=&#8221;3_4&#8243; specialty_columns=&#8221;3&#8243; _builder_version=&#8221;3.25&#8243; custom_padding=&#8221;|||&#8221; custom_padding__hover=&#8221;|||&#8221;][et_pb_row_inner column_structure=&#8221;1_2,1_2&#8243; admin_label=&#8221;Ligne&#8221; _builder_version=&#8221;3.25&#8243;][et_pb_column_inner type=&#8221;1_2&#8243; saved_specialty_column_type=&#8221;3_4&#8243; _builder_version=&#8221;3.25&#8243; custom_padding=&#8221;|||&#8221; custom_padding__hover=&#8221;|||&#8221;][et_pb_image src=&#8221;https:\/\/chaire-eti.org\/wp-content\/uploads\/2019\/07\/lucas-sageot-chomel.jpg&#8221; align_tablet=&#8221;center&#8221; align_last_edited=&#8221;on|desktop&#8221; _builder_version=&#8221;3.25.4&#8243; always_center_on_mobile=&#8221;on&#8221;][\/et_pb_image][\/et_pb_column_inner][et_pb_column_inner type=&#8221;1_2&#8243; saved_specialty_column_type=&#8221;3_4&#8243; _builder_version=&#8221;3.25&#8243; custom_padding=&#8221;|||&#8221; custom_padding__hover=&#8221;|||&#8221;][\/et_pb_column_inner][\/et_pb_row_inner][et_pb_row_inner custom_padding=&#8221;0px|||&#8221; admin_label=&#8221;Ligne&#8221; _builder_version=&#8221;3.25&#8243; custom_margin=&#8221;0px|||&#8221;][et_pb_column_inner saved_specialty_column_type=&#8221;3_4&#8243; _builder_version=&#8221;3.25&#8243; custom_padding=&#8221;|||&#8221; custom_padding__hover=&#8221;|||&#8221;][et_pb_text _builder_version=&#8221;3.25.4&#8243; header_4_text_color=&#8221;#44b7d4&#8243;]<\/p>\n<h2>Lucas Sageot-Chomel<\/h2>\n<h4>Secr\u00e9taire Ex\u00e9cutif<\/h4>\n<p>[\/et_pb_text][et_pb_social_media_follow _builder_version=&#8221;3.25.4&#8243;][et_pb_social_media_follow_network social_network=&#8221;twitter&#8221; url=&#8221;https:\/\/twitter.com\/L_SageotChomel&#8221; _builder_version=&#8221;3.25.4&#8243; background_color=&#8221;#00aced&#8221; follow_button=&#8221;off&#8221; url_new_window=&#8221;on&#8221;]Twitter<br \/>\n[\/et_pb_social_media_follow_network][et_pb_social_media_follow_network social_network=&#8221;linkedin&#8221; url=&#8221;https:\/\/www.linkedin.com\/in\/lucassageot\/&#8221; _builder_version=&#8221;3.25.4&#8243; background_color=&#8221;#007bb6&#8243; follow_button=&#8221;off&#8221; url_new_window=&#8221;on&#8221;]LinkedIn<br \/>\n[\/et_pb_social_media_follow_network][\/et_pb_social_media_follow][et_pb_text _builder_version=&#8221;3.25.4&#8243;]Issu d\u2019un parcours universitaire nord-am\u00e9ricain \u2013 M.A. en Diplomatie et Relations Internationales et double B.A. en Science Politiques et Sociologie, Lucas Sageot-Chomel  a c\u00f4toy\u00e9 le secteur des ONGs, dont le si\u00e8ge de l\u2019ONU \u00e0 New York, avant de revenir en Europe pour organiser les Forums de l\u2019\u00c9conomie positive (LH Forum et Global Positive Forum). Il coordonne maintenant les op\u00e9rations de la Chaire ETI.[\/et_pb_text][\/et_pb_column_inner][\/et_pb_row_inner][\/et_pb_column][\/et_pb_section]<\/p>\n","protected":false},"excerpt":{"rendered":"<p>L&#8217;\u00e9quipe Lucas Sageot-Chomel Secr\u00e9taire Ex\u00e9cutifTwitter LinkedIn Issu d\u2019un parcours universitaire nord-am\u00e9ricain \u2013 M.A. en Diplomatie et Relations Internationales et double B.A. en Science Politiques et Sociologie, Lucas Sageot-Chomel a c\u00f4toy\u00e9 le secteur des ONGs, dont le si\u00e8ge de l\u2019ONU \u00e0 New York, avant de revenir en Europe pour organiser les Forums de l\u2019\u00c9conomie positive (LH [&hellip;]<\/p>\n","protected":false},"author":1,"featured_media":3550,"parent":0,"menu_order":0,"comment_status":"closed","ping_status":"closed","template":"","meta":{"_et_pb_use_builder":"on","_et_pb_old_content":"","_et_gb_content_width":"","_mi_skip_tracking":false},"yoast_head":"<!-- This site is optimized with the Yoast SEO plugin v19.2 - https:\/\/yoast.com\/wordpress\/plugins\/seo\/ -->\n<title>Lucas Sageot-Chomel - Chaire ETI<\/title>\n<meta name=\"robots\" content=\"index, follow, max-snippet:-1, max-image-preview:large, max-video-preview:-1\" \/>\n<link rel=\"canonical\" href=\"https:\/\/chaire-eti.org\/es\/lucas-sageot-chomel\/\" \/>\n<meta property=\"og:locale\" content=\"es_ES\" \/>\n<meta property=\"og:type\" content=\"article\" \/>\n<meta property=\"og:title\" content=\"Lucas Sageot-Chomel - Chaire ETI\" \/>\n<meta property=\"og:description\" content=\"L&#039;\u00e9quipe Lucas Sageot-Chomel Secr\u00e9taire Ex\u00e9cutifTwitter LinkedIn Issu d\u2019un parcours universitaire nord-am\u00e9ricain \u2013 M.A. en Diplomatie et Relations Internationales et double B.A. en Science Politiques et Sociologie, Lucas Sageot-Chomel a c\u00f4toy\u00e9 le secteur des ONGs, dont le si\u00e8ge de l\u2019ONU \u00e0 New York, avant de revenir en Europe pour organiser les Forums de l\u2019\u00c9conomie positive (LH [&hellip;]\" \/>\n<meta property=\"og:url\" content=\"https:\/\/chaire-eti.org\/es\/lucas-sageot-chomel\/\" \/>\n<meta property=\"og:site_name\" content=\"Chaire ETI\" \/>\n<meta property=\"og:image\" content=\"https:\/\/chaire-eti.org\/wp-content\/uploads\/2019\/07\/lucas-sageot-chomel.jpg\" \/>\n\t<meta property=\"og:image:width\" content=\"800\" \/>\n\t<meta property=\"og:image:height\" content=\"800\" \/>\n\t<meta property=\"og:image:type\" content=\"image\/jpeg\" \/>\n<meta name=\"author\" content=\"admin9390\" \/>\n<meta name=\"twitter:card\" content=\"summary_large_image\" \/>\n<meta name=\"twitter:label1\" content=\"Tiempo de lectura\" \/>\n\t<meta name=\"twitter:data1\" content=\"2 minutos\" \/>\n<script type=\"application\/ld+json\" class=\"yoast-schema-graph\">{\"@context\":\"https:\/\/schema.org\",\"@graph\":[{\"@type\":\"WebSite\",\"@id\":\"https:\/\/chaire-eti.org\/pt-br\/#website\",\"url\":\"https:\/\/chaire-eti.org\/pt-br\/\",\"name\":\"Chaire ETI\",\"description\":\"Entrepreneuriat, Territoire, Innovation\",\"potentialAction\":[{\"@type\":\"SearchAction\",\"target\":{\"@type\":\"EntryPoint\",\"urlTemplate\":\"https:\/\/chaire-eti.org\/pt-br\/?s={search_term_string}\"},\"query-input\":\"required name=search_term_string\"}],\"inLanguage\":\"es\"},{\"@type\":\"ImageObject\",\"inLanguage\":\"es\",\"@id\":\"https:\/\/chaire-eti.org\/es\/lucas-sageot-chomel\/#primaryimage\",\"url\":\"https:\/\/chaire-eti.org\/wp-content\/uploads\/2019\/07\/lucas-sageot-chomel.jpg\",\"contentUrl\":\"https:\/\/chaire-eti.org\/wp-content\/uploads\/2019\/07\/lucas-sageot-chomel.jpg\",\"width\":800,\"height\":800},{\"@type\":\"WebPage\",\"@id\":\"https:\/\/chaire-eti.org\/es\/lucas-sageot-chomel\/#webpage\",\"url\":\"https:\/\/chaire-eti.org\/es\/lucas-sageot-chomel\/\",\"name\":\"Lucas Sageot-Chomel - Chaire ETI\",\"isPartOf\":{\"@id\":\"https:\/\/chaire-eti.org\/pt-br\/#website\"},\"primaryImageOfPage\":{\"@id\":\"https:\/\/chaire-eti.org\/es\/lucas-sageot-chomel\/#primaryimage\"},\"datePublished\":\"2019-07-08T16:17:35+00:00\",\"dateModified\":\"2019-07-08T16:17:35+00:00\",\"breadcrumb\":{\"@id\":\"https:\/\/chaire-eti.org\/es\/lucas-sageot-chomel\/#breadcrumb\"},\"inLanguage\":\"es\",\"potentialAction\":[{\"@type\":\"ReadAction\",\"target\":[\"https:\/\/chaire-eti.org\/es\/lucas-sageot-chomel\/\"]}]},{\"@type\":\"BreadcrumbList\",\"@id\":\"https:\/\/chaire-eti.org\/es\/lucas-sageot-chomel\/#breadcrumb\",\"itemListElement\":[{\"@type\":\"ListItem\",\"position\":1,\"name\":\"Accueil\",\"item\":\"https:\/\/chaire-eti.org\/es\/\"},{\"@type\":\"ListItem\",\"position\":2,\"name\":\"Lucas Sageot-Chomel\"}]}]}<\/script>\n<!-- \/ Yoast SEO plugin. -->","yoast_head_json":{"title":"Lucas Sageot-Chomel - Chaire ETI","robots":{"index":"index","follow":"follow","max-snippet":"max-snippet:-1","max-image-preview":"max-image-preview:large","max-video-preview":"max-video-preview:-1"},"canonical":"https:\/\/chaire-eti.org\/es\/lucas-sageot-chomel\/","og_locale":"es_ES","og_type":"article","og_title":"Lucas Sageot-Chomel - Chaire ETI","og_description":"L'\u00e9quipe Lucas Sageot-Chomel Secr\u00e9taire Ex\u00e9cutifTwitter LinkedIn Issu d\u2019un parcours universitaire nord-am\u00e9ricain \u2013 M.A. en Diplomatie et Relations Internationales et double B.A. en Science Politiques et Sociologie, Lucas Sageot-Chomel a c\u00f4toy\u00e9 le secteur des ONGs, dont le si\u00e8ge de l\u2019ONU \u00e0 New York, avant de revenir en Europe pour organiser les Forums de l\u2019\u00c9conomie positive (LH [&hellip;]","og_url":"https:\/\/chaire-eti.org\/es\/lucas-sageot-chomel\/","og_site_name":"Chaire ETI","og_image":[{"width":800,"height":800,"url":"https:\/\/chaire-eti.org\/wp-content\/uploads\/2019\/07\/lucas-sageot-chomel.jpg","type":"image\/jpeg"}],"author":"admin9390","twitter_card":"summary_large_image","twitter_misc":{"Tiempo de lectura":"2 minutos"},"schema":{"@context":"https:\/\/schema.org","@graph":[{"@type":"WebSite","@id":"https:\/\/chaire-eti.org\/pt-br\/#website","url":"https:\/\/chaire-eti.org\/pt-br\/","name":"Chaire ETI","description":"Entrepreneuriat, Territoire, Innovation","potentialAction":[{"@type":"SearchAction","target":{"@type":"EntryPoint","urlTemplate":"https:\/\/chaire-eti.org\/pt-br\/?s={search_term_string}"},"query-input":"required name=search_term_string"}],"inLanguage":"es"},{"@type":"ImageObject","inLanguage":"es","@id":"https:\/\/chaire-eti.org\/es\/lucas-sageot-chomel\/#primaryimage","url":"https:\/\/chaire-eti.org\/wp-content\/uploads\/2019\/07\/lucas-sageot-chomel.jpg","contentUrl":"https:\/\/chaire-eti.org\/wp-content\/uploads\/2019\/07\/lucas-sageot-chomel.jpg","width":800,"height":800},{"@type":"WebPage","@id":"https:\/\/chaire-eti.org\/es\/lucas-sageot-chomel\/#webpage","url":"https:\/\/chaire-eti.org\/es\/lucas-sageot-chomel\/","name":"Lucas Sageot-Chomel - Chaire ETI","isPartOf":{"@id":"https:\/\/chaire-eti.org\/pt-br\/#website"},"primaryImageOfPage":{"@id":"https:\/\/chaire-eti.org\/es\/lucas-sageot-chomel\/#primaryimage"},"datePublished":"2019-07-08T16:17:35+00:00","dateModified":"2019-07-08T16:17:35+00:00","breadcrumb":{"@id":"https:\/\/chaire-eti.org\/es\/lucas-sageot-chomel\/#breadcrumb"},"inLanguage":"es","potentialAction":[{"@type":"ReadAction","target":["https:\/\/chaire-eti.org\/es\/lucas-sageot-chomel\/"]}]},{"@type":"BreadcrumbList","@id":"https:\/\/chaire-eti.org\/es\/lucas-sageot-chomel\/#breadcrumb","itemListElement":[{"@type":"ListItem","position":1,"name":"Accueil","item":"https:\/\/chaire-eti.org\/es\/"},{"@type":"ListItem","position":2,"name":"Lucas Sageot-Chomel"}]}]}},"_links":{"self":[{"href":"https:\/\/chaire-eti.org\/es\/wp-json\/wp\/v2\/pages\/3571\/"}],"collection":[{"href":"https:\/\/chaire-eti.org\/es\/wp-json\/wp\/v2\/pages\/"}],"about":[{"href":"https:\/\/chaire-eti.org\/es\/wp-json\/wp\/v2\/types\/page\/"}],"author":[{"embeddable":true,"href":"https:\/\/chaire-eti.org\/es\/wp-json\/wp\/v2\/users\/1\/"}],"replies":[{"embeddable":true,"href":"https:\/\/chaire-eti.org\/es\/wp-json\/wp\/v2\/comments\/?post=3571"}],"version-history":[{"count":0,"href":"https:\/\/chaire-eti.org\/es\/wp-json\/wp\/v2\/pages\/3571\/revisions\/"}],"wp:featuredmedia":[{"embeddable":true,"href":"https:\/\/chaire-eti.org\/es\/wp-json\/wp\/v2\/media\/3550\/"}],"wp:attachment":[{"href":"https:\/\/chaire-eti.org\/es\/wp-json\/wp\/v2\/media\/?parent=3571"}],"curies":[{"name":"wp","href":"https:\/\/api.w.org\/{rel}","templated":true}]}}