{"id":797,"date":"2018-01-07T15:16:55","date_gmt":"2018-01-07T14:16:55","guid":{"rendered":"https:\/\/chaire-eti.org\/la-chaire\/"},"modified":"2018-03-18T14:20:25","modified_gmt":"2018-03-18T13:20:25","slug":"la-chaire","status":"publish","type":"page","link":"https:\/\/chaire-eti.org\/es\/la-chaire\/","title":{"rendered":"La c\u00e1tedra"},"content":{"rendered":"<p>[et_pb_section bb_built=&#8221;1&#8243; _builder_version=&#8221;3.0.92&#8243; background_image=&#8221;https:\/\/chaire-eti.org\/wp-content\/uploads\/2017\/11\/chaire-eti-sorbonne-parallaxe.jpg&#8221; next_background_color=&#8221;#000000&#8243;][et_pb_row][et_pb_column type=&#8221;4_4&#8243;][et_pb_text admin_label=&#8221;La Chaire, Qui sommes-nous?&#8221; _builder_version=&#8221;3.0.105&#8243; background_layout=&#8221;dark&#8221; header_font=&#8221;|700|||||||&#8221; header_font_size=&#8221;36px&#8221; header_2_font=&#8221;|300|||||||&#8221;]<\/p>\n<h1>La c\u00e1tedra<\/h1>\n<h2>\u00bfQui\u00e9nes somos?<\/h2>\n<p>[\/et_pb_text][\/et_pb_column][\/et_pb_row][\/et_pb_section][et_pb_section bb_built=&#8221;1&#8243; fullwidth=&#8221;off&#8221; specialty=&#8221;off&#8221; prev_background_color=&#8221;#000000&#8243; next_background_color=&#8221;#f6f6f6&#8243;][et_pb_row][et_pb_column type=&#8221;1_3&#8243;][et_pb_text admin_label=&#8221;Notre Inspiration&#8221; _builder_version=&#8221;3.0.105&#8243; background_layout=&#8221;light&#8221; header_2_font=&#8221;|300||on|||||&#8221; header_2_font_size=&#8221;36px&#8221; header_2_text_color=&#8221;#44b7d4&#8243; header_font_size=&#8221;36px&#8221; saved_tabs=&#8221;all&#8221; header_font=&#8221;|700|||||||&#8221; header_text_color=&#8221;#44b7d4&#8243; header_line_height=&#8221;1.3em&#8221; header_2_line_height=&#8221;1.3em&#8221;]<\/p>\n<h2>Nuestra<\/h2>\n<h1>inspiraci\u00f3n<\/h1>\n<p>[\/et_pb_text][\/et_pb_column][et_pb_column type=&#8221;2_3&#8243;][et_pb_text _builder_version=&#8221;3.0.105&#8243; background_layout=&#8221;light&#8221;]<\/p>\n<p><strong>El mundo est\u00e1 cambiando<\/strong>. El punto de encuentro de un mundo urbanizado con la hiper conectividad trastorn\u00f3 la manera de vivir y de emprender en nuestros territorios<br \/>\nLugares de vida y de distribuciones compartidas donde se cruzan una multitud de necesidades y usos sociales, ning\u00fan componente escapa a esta mutaci\u00f3n. Las rebeliones son varias y nos obliga a interrogarnos en profundidad: <strong>mutaciones tecnol\u00f3gicas<\/strong> (el digital y sus implicaciones), <strong>los retos ecol\u00f3gicos<\/strong> (cambio clim\u00e1tico y desarrollo sostenible), <strong>nuevas vidas urbanas<\/strong> (ciudades y ciudadanos inteligentes), <strong>desaf\u00edos culturales y sociales<\/strong> (generaci\u00f3n Z, econom\u00eda plateada), <strong>nuevos esquemas econ\u00f3micos y de gesti\u00f3n p\u00fablica<\/strong>. <\/p>\n<p>En esta etapa de transici\u00f3n, compleja e interdependiente, hay que reconsiderar los v\u00ednculos entre econom\u00eda, territorio y sociedad. Las empresas y las autoridades locales y nacionales deben medir esos cambios para sobrevivir: la creaci\u00f3n de valor puede adoptar formas diferentes, los business models se est\u00e1n renovando y las organizaciones se reinventan, tanto internamente como en sus relaciones (clientes y proveedores, territorio, empleados, redes sociales).<\/p>\n<p>En aquel contexto, todos los actores deben reorientarse y desarrollar nuevas capacidades de adaptaci\u00f3n y de aprendizaje. Disrupciones, provisi\u00f3n de servicios, desmaterializaci\u00f3n, ecosistemas, innovaciones inclusivas, sostenibilidad, econom\u00eda colaborativa, ubicuidad, prestigio social: son certezas que tenemos que dominar para construir el cambio.<\/p>\n<p>[\/et_pb_text][\/et_pb_column][\/et_pb_row][\/et_pb_section][et_pb_section bb_built=&#8221;1&#8243; fullwidth=&#8221;off&#8221; specialty=&#8221;off&#8221; _builder_version=&#8221;3.0.92&#8243; background_color=&#8221;#f6f6f6&#8243; prev_background_color=&#8221;#ffffff&#8221; next_background_color=&#8221;#091f27&#8243;][et_pb_row][et_pb_column type=&#8221;4_4&#8243;][et_pb_text admin_label=&#8221;Repenser les lieux de l\u2019innovation &#8221; _builder_version=&#8221;3.0.105&#8243; background_layout=&#8221;light&#8221; header_text_align=&#8221;center&#8221; header_font=&#8221;|300||on|||||&#8221; header_font_size=&#8221;36px&#8221; header_text_color=&#8221;#44b7d4&#8243; header_line_height=&#8221;1.3em&#8221;]<\/p>\n<h1>RECONSIDERAR LOS ESPACIOS DE <strong>INNOVACI\u00d3N<\/strong> Y DE <strong>EMPRESARIADO<\/strong> EN NUESTROS <strong>TERRITORIOS<\/strong><\/h1>\n<p>[\/et_pb_text][\/et_pb_column][\/et_pb_row][et_pb_row][et_pb_column type=&#8221;1_3&#8243;][et_pb_image _builder_version=&#8221;3.0.92&#8243; src=&#8221;https:\/\/chaire-eti.org\/wp-content\/uploads\/2018\/01\/innovate-chaire-eti.png&#8221; show_in_lightbox=&#8221;off&#8221; url_new_window=&#8221;off&#8221; use_overlay=&#8221;off&#8221; always_center_on_mobile=&#8221;on&#8221; force_fullwidth=&#8221;off&#8221; show_bottom_space=&#8221;on&#8221; max_width=&#8221;50%&#8221; align=&#8221;center&#8221; \/][et_pb_text admin_label=&#8221;Innovar&#8221; _builder_version=&#8221;3.0.105&#8243; background_layout=&#8221;light&#8221; text_orientation=&#8221;center&#8221; header_text_align=&#8221;center&#8221; header_font_size=&#8221;32px&#8221; header_line_height=&#8221;1.5em&#8221; text_line_height=&#8221;1.5em&#8221; header_font=&#8221;|700|||||||&#8221;]<\/p>\n<h1>Innovar<\/h1>\n<p>Volver a imaginar las pr\u00e1cticas y las zonas de innovaci\u00f3n y de empresariado dentro de las instituciones; cultivar din\u00e1micas creativas y de innovaci\u00f3n inclusiva.<\/p>\n<p>[\/et_pb_text][\/et_pb_column][et_pb_column type=&#8221;1_3&#8243;][et_pb_image _builder_version=&#8221;3.0.92&#8243; src=&#8221;https:\/\/chaire-eti.org\/wp-content\/uploads\/2018\/01\/entreprendre-chaire-eti.png&#8221; show_in_lightbox=&#8221;off&#8221; url_new_window=&#8221;off&#8221; use_overlay=&#8221;off&#8221; always_center_on_mobile=&#8221;on&#8221; force_fullwidth=&#8221;off&#8221; show_bottom_space=&#8221;on&#8221; max_width=&#8221;50%&#8221; align=&#8221;center&#8221; \/][et_pb_text admin_label=&#8221;Entreprendre&#8221; _builder_version=&#8221;3.0.105&#8243; background_layout=&#8221;light&#8221; text_orientation=&#8221;center&#8221; header_text_align=&#8221;center&#8221; header_font_size=&#8221;32px&#8221; header_line_height=&#8221;1.5em&#8221; text_line_height=&#8221;1.5em&#8221; header_font=&#8221;|700|||||||&#8221;]<\/p>\n<h1>Emprender<\/h1>\n<p>Regenerarse &#8211; coedificar su entorno, reconsiderar su <em>business model<\/em> y su funcionamiento.<\/p>\n<p>[\/et_pb_text][\/et_pb_column][et_pb_column type=&#8221;1_3&#8243;][et_pb_image _builder_version=&#8221;3.0.92&#8243; src=&#8221;https:\/\/chaire-eti.org\/wp-content\/uploads\/2018\/01\/territoires-chaire-eti.png&#8221; show_in_lightbox=&#8221;off&#8221; url_new_window=&#8221;off&#8221; use_overlay=&#8221;off&#8221; always_center_on_mobile=&#8221;on&#8221; force_fullwidth=&#8221;off&#8221; show_bottom_space=&#8221;on&#8221; max_width=&#8221;50%&#8221; align=&#8221;center&#8221; \/][et_pb_text admin_label=&#8221;Territorio&#8221; _builder_version=&#8221;3.0.105&#8243; background_layout=&#8221;light&#8221; text_orientation=&#8221;center&#8221; header_text_align=&#8221;center&#8221; header_font_size=&#8221;32px&#8221; header_line_height=&#8221;1.5em&#8221; text_line_height=&#8221;1.5em&#8221; header_font=&#8221;|700|||||||&#8221;]<\/p>\n<h1>Territorio<\/h1>\n<p>Acompa\u00f1ar a las ciudades en el desarrollo de su atracci\u00f3n con fricciones creativas, con una iniciativa eficaz de ecosistemas empresariales, de innovaci\u00f3n, de modos de vida.<\/p>\n<p>[\/et_pb_text][\/et_pb_column][\/et_pb_row][\/et_pb_section][et_pb_section bb_built=&#8221;1&#8243; fullwidth=&#8221;off&#8221; specialty=&#8221;off&#8221; _builder_version=&#8221;3.0.92&#8243; background_color=&#8221;#091f27&#8243; prev_background_color=&#8221;#f6f6f6&#8243; next_background_color=&#8221;#ffffff&#8221;][et_pb_row][et_pb_column type=&#8221;1_3&#8243;][et_pb_text admin_label=&#8221;Notre Vocation&#8221; _builder_version=&#8221;3.0.105&#8243; background_layout=&#8221;light&#8221; header_2_font=&#8221;|300||on|||||&#8221; header_2_font_size=&#8221;36px&#8221; header_2_text_color=&#8221;#44b7d4&#8243; header_font_size=&#8221;36px&#8221; saved_tabs=&#8221;all&#8221; header_font=&#8221;|700|||||||&#8221; header_text_color=&#8221;#44b7d4&#8243; header_line_height=&#8221;1.3em&#8221; header_2_line_height=&#8221;1.3em&#8221;]<\/p>\n<h2>Nuestra<\/h2>\n<h1>vocaci\u00f3n<\/h1>\n<p>[\/et_pb_text][\/et_pb_column][et_pb_column type=&#8221;2_3&#8243;][et_pb_text _builder_version=&#8221;3.0.105&#8243; background_layout=&#8221;dark&#8221;]<\/p>\n<p>Apoyar a las estructuras &#8211; empresas, administraciones o instituciones &#8211; en la descodificaci\u00f3n de las revoluciones siguientes: anticipar las mutaciones futuras, dominar sus impactos, regenerar su <em>business model<\/em>, revitalizar los procesos y las aptitudes personales. <strong>La c\u00e1tedra es un espacio de encuentro, de visi\u00f3n prospectiva y de reflexi\u00f3n colectiva, de devoluci\u00f3n y de experiencia compartida<\/strong>.  Tiene por objetivo el desarrollo de nuevos modos empresariales para fertilizar nuestros territorios. Es una fuente de innovaci\u00f3n, de disrupci\u00f3n, de nuevas ideas, de mezcla de disciplinas cient\u00edficas y culturales. Favorece la convergencia de experiencias y de nuevas pr\u00e1cticas. Contribuye a renovar la cultura de la innovaci\u00f3n en los territorios.<\/p>\n<p>[\/et_pb_text][\/et_pb_column][\/et_pb_row][\/et_pb_section][et_pb_section bb_built=&#8221;1&#8243; fullwidth=&#8221;off&#8221; specialty=&#8221;off&#8221; _builder_version=&#8221;3.0.92&#8243; background_image=&#8221;https:\/\/chaire-eti.org\/wp-content\/uploads\/2018\/01\/bg-color.jpg&#8221; prev_background_color=&#8221;#091f27&#8243; next_background_color=&#8221;#000000&#8243;][et_pb_row][et_pb_column type=&#8221;4_4&#8243;][et_pb_text admin_label=&#8221;Notre Offre&#8221; _builder_version=&#8221;3.0.105&#8243; background_layout=&#8221;light&#8221; header_2_font=&#8221;|300||on|||||&#8221; header_2_font_size=&#8221;36px&#8221; header_2_text_color=&#8221;#ffffff&#8221; header_font_size=&#8221;36px&#8221; saved_tabs=&#8221;all&#8221; header_font=&#8221;|300|||||||&#8221; header_text_color=&#8221;#ffffff&#8221; header_line_height=&#8221;1.3em&#8221; header_2_line_height=&#8221;1.3em&#8221; header_text_align=&#8221;center&#8221;]<\/p>\n<h1>Nuestra <strong>oferta<\/strong><\/h1>\n<p>[\/et_pb_text][et_pb_blurb _builder_version=&#8221;3.0.105&#8243; url_new_window=&#8221;off&#8221; use_icon=&#8221;on&#8221; font_icon=&#8221;%%43%%&#8221; icon_color=&#8221;#ffffff&#8221; use_circle=&#8221;on&#8221; use_circle_border=&#8221;off&#8221; icon_placement=&#8221;left&#8221; use_icon_font_size=&#8221;off&#8221; background_layout=&#8221;dark&#8221; body_font_size=&#8221;16&#8243; circle_color=&#8221;#44b7d4&#8243; content_max_width=&#8221;600px&#8221;]<\/p>\n<p><strong>Acceso a una visi\u00f3n prospectiva y a soluciones innovadoras<\/strong> a trav\u00e9s de investigaciones y estudios con una metodolog\u00eda estricta, realizados por equipos reconocidos, introducidos en redes de expertos internacionales.<\/p>\n<p>[\/et_pb_blurb][et_pb_blurb _builder_version=&#8221;3.0.105&#8243; url_new_window=&#8221;off&#8221; use_icon=&#8221;on&#8221; font_icon=&#8221;%%43%%&#8221; icon_color=&#8221;#ffffff&#8221; use_circle=&#8221;on&#8221; use_circle_border=&#8221;off&#8221; icon_placement=&#8221;left&#8221; use_icon_font_size=&#8221;off&#8221; background_layout=&#8221;dark&#8221; body_font_size=&#8221;16&#8243; circle_color=&#8221;#44b7d4&#8243; content_max_width=&#8221;600px&#8221;]<\/p>\n<p><strong>Formaciones con certificados<\/strong> (adaptadas o inter-empresas \/ administraciones) y formaciones con diplomas para asegurar el aumento de competencias de sus colaboradores.<\/p>\n<p>[\/et_pb_blurb][et_pb_blurb _builder_version=&#8221;3.0.105&#8243; url_new_window=&#8221;off&#8221; use_icon=&#8221;on&#8221; font_icon=&#8221;%%43%%&#8221; icon_color=&#8221;#ffffff&#8221; use_circle=&#8221;on&#8221; use_circle_border=&#8221;off&#8221; icon_placement=&#8221;left&#8221; use_icon_font_size=&#8221;off&#8221; background_layout=&#8221;dark&#8221; body_font_size=&#8221;16&#8243; circle_color=&#8221;#44b7d4&#8243; content_max_width=&#8221;600px&#8221;]<\/p>\n<p><strong>Foros, conferencias, cursos de verano o de media temporada<\/strong>, con ense\u00f1anza presencial o a distancia.<\/p>\n<p>[\/et_pb_blurb][et_pb_blurb admin_label=&#8221;Sesiones tem\u00e1ticas de f\u00e1brica de ideas&#8221; _builder_version=&#8221;3.0.105&#8243; url_new_window=&#8221;off&#8221; use_icon=&#8221;on&#8221; font_icon=&#8221;%%43%%&#8221; icon_color=&#8221;#ffffff&#8221; use_circle=&#8221;on&#8221; use_circle_border=&#8221;off&#8221; icon_placement=&#8221;left&#8221; use_icon_font_size=&#8221;off&#8221; background_layout=&#8221;dark&#8221; body_font_size=&#8221;16&#8243; circle_color=&#8221;#44b7d4&#8243; content_max_width=&#8221;600px&#8221;]<\/p>\n<p>Sesiones tem\u00e1ticas de <strong>f\u00e1brica de ideas<\/strong><\/p>\n<p>[\/et_pb_blurb][et_pb_blurb admin_label=&#8221;Desarrollo de MOOCs y medios educativos innovadores&#8221; _builder_version=&#8221;3.0.105&#8243; url_new_window=&#8221;off&#8221; use_icon=&#8221;on&#8221; font_icon=&#8221;%%43%%&#8221; icon_color=&#8221;#ffffff&#8221; use_circle=&#8221;on&#8221; use_circle_border=&#8221;off&#8221; icon_placement=&#8221;left&#8221; use_icon_font_size=&#8221;off&#8221; background_layout=&#8221;dark&#8221; body_font_size=&#8221;16&#8243; circle_color=&#8221;#44b7d4&#8243; content_max_width=&#8221;600px&#8221;]<\/p>\n<p>Desarrollo de <strong>MOOCs y medios educativos innovadores<\/strong><\/p>\n<p>[\/et_pb_blurb][et_pb_blurb admin_label=&#8221;%22Learning exploration%22 y viajes de estudios&#8221; _builder_version=&#8221;3.0.105&#8243; url_new_window=&#8221;off&#8221; use_icon=&#8221;on&#8221; font_icon=&#8221;%%43%%&#8221; icon_color=&#8221;#ffffff&#8221; use_circle=&#8221;on&#8221; use_circle_border=&#8221;off&#8221; icon_placement=&#8221;left&#8221; use_icon_font_size=&#8221;off&#8221; background_layout=&#8221;dark&#8221; body_font_size=&#8221;16&#8243; circle_color=&#8221;#44b7d4&#8243; content_max_width=&#8221;600px&#8221;]<\/p>\n<p>&#8220;<strong>Learning exploration<\/strong>&#8221; y viajes de estudios<\/p>\n<p>[\/et_pb_blurb][et_pb_blurb admin_label=&#8221;Desayunos tem\u00e1ticos &#8221; _builder_version=&#8221;3.0.105&#8243; url_new_window=&#8221;off&#8221; use_icon=&#8221;on&#8221; font_icon=&#8221;%%43%%&#8221; icon_color=&#8221;#ffffff&#8221; use_circle=&#8221;on&#8221; use_circle_border=&#8221;off&#8221; icon_placement=&#8221;left&#8221; use_icon_font_size=&#8221;off&#8221; background_layout=&#8221;dark&#8221; body_font_size=&#8221;16&#8243; circle_color=&#8221;#44b7d4&#8243; content_max_width=&#8221;600px&#8221;]<\/p>\n<p><strong>Desayunos<\/strong> tem\u00e1ticos<\/p>\n<p>[\/et_pb_blurb][et_pb_blurb admin_label=&#8221;Publicaciones en l\u00ednea y plataforma colaborativa multimedia de cocreaci\u00f3n.&#8221; _builder_version=&#8221;3.0.105&#8243; url_new_window=&#8221;off&#8221; use_icon=&#8221;on&#8221; font_icon=&#8221;%%43%%&#8221; icon_color=&#8221;#ffffff&#8221; use_circle=&#8221;on&#8221; use_circle_border=&#8221;off&#8221; icon_placement=&#8221;left&#8221; use_icon_font_size=&#8221;off&#8221; background_layout=&#8221;dark&#8221; body_font_size=&#8221;16&#8243; circle_color=&#8221;#44b7d4&#8243; content_max_width=&#8221;600px&#8221;]<\/p>\n<p>Publicaciones en l\u00ednea y <strong>plataforma colaborativa multimedia<\/strong> de cocreaci\u00f3n.<\/p>\n<p>[\/et_pb_blurb][\/et_pb_column][\/et_pb_row][\/et_pb_section][et_pb_section bb_built=&#8221;1&#8243; fullwidth=&#8221;off&#8221; specialty=&#8221;off&#8221; prev_background_color=&#8221;#000000&#8243;][et_pb_row][et_pb_column type=&#8221;4_4&#8243;][et_pb_text admin_label=&#8221;Aporte esperado&#8221; _builder_version=&#8221;3.0.105&#8243; background_layout=&#8221;light&#8221; header_text_align=&#8221;center&#8221; header_font=&#8221;|300||on|||||&#8221; header_font_size=&#8221;36px&#8221; header_text_color=&#8221;#44b7d4&#8243; header_line_height=&#8221;1.3em&#8221;]<\/p>\n<h1><strong>Aporte<\/strong> esperado<\/h1>\n<p>[\/et_pb_text][\/et_pb_column][\/et_pb_row][et_pb_row][et_pb_column type=&#8221;1_2&#8243;][et_pb_text admin_label=&#8221;VOUS&#8221; _builder_version=&#8221;3.0.105&#8243; background_layout=&#8221;light&#8221; header_text_align=&#8221;center&#8221; header_font_size=&#8221;32px&#8221; header_line_height=&#8221;1.5em&#8221; text_line_height=&#8221;1.5em&#8221; header_font=&#8221;|700|||||||&#8221;]<\/p>\n<h1>USTED<\/h1>\n<ul>\n<li><strong>Mecenazgo<\/strong>, elegible a una deducci\u00f3n fiscal de 60%<\/li>\n<li><strong>L\u00edderes de proyectos<\/strong><\/li>\n<li>Formaciones con certificados (pueden ser personalizadas)<\/li>\n<li><strong>Formaciones con diplomas MBA-Master<\/strong> en formaci\u00f3n continua (programa a tiempo parcial)<\/li>\n<\/ul>\n<p>[\/et_pb_text][\/et_pb_column][et_pb_column type=&#8221;1_2&#8243;][et_pb_text admin_label=&#8221;VOUS&#8221; _builder_version=&#8221;3.0.106&#8243; background_layout=&#8221;light&#8221; header_text_align=&#8221;center&#8221; header_font_size=&#8221;32px&#8221; header_line_height=&#8221;1.5em&#8221; text_line_height=&#8221;1.5em&#8221; header_font=&#8221;|700|||||||&#8221;]<\/p>\n<h1>NOSOTROS<\/h1>\n<ul>\n<li>El IAE Paris-Sorbonne escuela de negocios y la Universidad Paris 1 Panth\u00e9on-Sorbonne: 60 a\u00f1os de innovaci\u00f3n al favor de las empresas<\/li>\n<li>Un comit\u00e9 <strong>directivo<\/strong><\/li>\n<li>Un comit\u00e9 <strong>cient\u00edfico<\/strong><\/li>\n<li>Un equipo de <strong>investigadores y de estudiantes de doctorado<\/strong><\/li>\n<li>Una red internacional de <strong>expertos<\/strong><\/li>\n<\/ul>\n<p>[\/et_pb_text][\/et_pb_column][\/et_pb_row][\/et_pb_section]<\/p>\n","protected":false},"excerpt":{"rendered":"<p><div class=\"et_pb_row et_pb_row_0 et_pb_row_empty\">\n\t\t\t\t\n\t\t\t\t\n\t\t\t\t\n\t\t\t\t\n\t\t\t\t\n\t\t\t<\/div> La c\u00e1tedra \u00bfQui\u00e9nes somos? <div class=\"et_pb_row et_pb_row_1 et_pb_row_empty\">\n\t\t\t\t\n\t\t\t\t\n\t\t\t\t\n\t\t\t\t\n\t\t\t\t\n\t\t\t<\/div> Nuestra inspiraci\u00f3n El mundo est\u00e1 cambiando. El punto de encuentro de un mundo urbanizado con la hiper conectividad trastorn\u00f3 la manera de vivir y de emprender en nuestros territorios Lugares de vida y de distribuciones compartidas donde se cruzan una multitud de necesidades y usos sociales, ning\u00fan componente escapa [&hellip;]<\/p>\n","protected":false},"author":1,"featured_media":0,"parent":0,"menu_order":0,"comment_status":"closed","ping_status":"closed","template":"","meta":{"_et_pb_use_builder":"on","_et_pb_old_content":"","_et_gb_content_width":"","_mi_skip_tracking":false},"yoast_head":"<!-- This site is optimized with the Yoast SEO plugin v19.2 - https:\/\/yoast.com\/wordpress\/plugins\/seo\/ -->\n<title>La c\u00e1tedra - Chaire ETI<\/title>\n<meta name=\"robots\" content=\"index, follow, max-snippet:-1, max-image-preview:large, max-video-preview:-1\" \/>\n<link rel=\"canonical\" href=\"https:\/\/chaire-eti.org\/es\/la-chaire\/\" \/>\n<meta property=\"og:locale\" content=\"es_ES\" \/>\n<meta property=\"og:type\" content=\"article\" \/>\n<meta property=\"og:title\" content=\"La c\u00e1tedra - Chaire ETI\" \/>\n<meta property=\"og:description\" content=\"La c\u00e1tedra \u00bfQui\u00e9nes somos? Nuestra inspiraci\u00f3n El mundo est\u00e1 cambiando. El punto de encuentro de un mundo urbanizado con la hiper conectividad trastorn\u00f3 la manera de vivir y de emprender en nuestros territorios Lugares de vida y de distribuciones compartidas donde se cruzan una multitud de necesidades y usos sociales, ning\u00fan componente escapa [&hellip;]\" \/>\n<meta property=\"og:url\" content=\"https:\/\/chaire-eti.org\/es\/la-chaire\/\" \/>\n<meta property=\"og:site_name\" content=\"Chaire ETI\" \/>\n<meta property=\"article:modified_time\" content=\"2018-03-18T13:20:25+00:00\" \/>\n<meta name=\"author\" content=\"admin9390\" \/>\n<meta name=\"twitter:card\" content=\"summary_large_image\" \/>\n<meta name=\"twitter:label1\" content=\"Tiempo de lectura\" \/>\n\t<meta name=\"twitter:data1\" content=\"9 minutos\" \/>\n<script type=\"application\/ld+json\" class=\"yoast-schema-graph\">{\"@context\":\"https:\/\/schema.org\",\"@graph\":[{\"@type\":\"WebSite\",\"@id\":\"https:\/\/chaire-eti.org\/#website\",\"url\":\"https:\/\/chaire-eti.org\/\",\"name\":\"Chaire ETI\",\"description\":\"Entrepreneuriat, Territoire, Innovation\",\"potentialAction\":[{\"@type\":\"SearchAction\",\"target\":{\"@type\":\"EntryPoint\",\"urlTemplate\":\"https:\/\/chaire-eti.org\/?s={search_term_string}\"},\"query-input\":\"required name=search_term_string\"}],\"inLanguage\":\"es\"},{\"@type\":\"WebPage\",\"@id\":\"https:\/\/chaire-eti.org\/es\/la-chaire\/#webpage\",\"url\":\"https:\/\/chaire-eti.org\/es\/la-chaire\/\",\"name\":\"La c\u00e1tedra - Chaire ETI\",\"isPartOf\":{\"@id\":\"https:\/\/chaire-eti.org\/#website\"},\"datePublished\":\"2018-01-07T14:16:55+00:00\",\"dateModified\":\"2018-03-18T13:20:25+00:00\",\"breadcrumb\":{\"@id\":\"https:\/\/chaire-eti.org\/es\/la-chaire\/#breadcrumb\"},\"inLanguage\":\"es\",\"potentialAction\":[{\"@type\":\"ReadAction\",\"target\":[\"https:\/\/chaire-eti.org\/es\/la-chaire\/\"]}]},{\"@type\":\"BreadcrumbList\",\"@id\":\"https:\/\/chaire-eti.org\/es\/la-chaire\/#breadcrumb\",\"itemListElement\":[{\"@type\":\"ListItem\",\"position\":1,\"name\":\"Accueil\",\"item\":\"https:\/\/chaire-eti.org\/es\/\"},{\"@type\":\"ListItem\",\"position\":2,\"name\":\"La c\u00e1tedra\"}]}]}<\/script>\n<!-- \/ Yoast SEO plugin. -->","yoast_head_json":{"title":"La c\u00e1tedra - Chaire ETI","robots":{"index":"index","follow":"follow","max-snippet":"max-snippet:-1","max-image-preview":"max-image-preview:large","max-video-preview":"max-video-preview:-1"},"canonical":"https:\/\/chaire-eti.org\/es\/la-chaire\/","og_locale":"es_ES","og_type":"article","og_title":"La c\u00e1tedra - Chaire ETI","og_description":"La c\u00e1tedra \u00bfQui\u00e9nes somos? Nuestra inspiraci\u00f3n El mundo est\u00e1 cambiando. El punto de encuentro de un mundo urbanizado con la hiper conectividad trastorn\u00f3 la manera de vivir y de emprender en nuestros territorios Lugares de vida y de distribuciones compartidas donde se cruzan una multitud de necesidades y usos sociales, ning\u00fan componente escapa [&hellip;]","og_url":"https:\/\/chaire-eti.org\/es\/la-chaire\/","og_site_name":"Chaire ETI","article_modified_time":"2018-03-18T13:20:25+00:00","author":"admin9390","twitter_card":"summary_large_image","twitter_misc":{"Tiempo de lectura":"9 minutos"},"schema":{"@context":"https:\/\/schema.org","@graph":[{"@type":"WebSite","@id":"https:\/\/chaire-eti.org\/#website","url":"https:\/\/chaire-eti.org\/","name":"Chaire ETI","description":"Entrepreneuriat, Territoire, Innovation","potentialAction":[{"@type":"SearchAction","target":{"@type":"EntryPoint","urlTemplate":"https:\/\/chaire-eti.org\/?s={search_term_string}"},"query-input":"required name=search_term_string"}],"inLanguage":"es"},{"@type":"WebPage","@id":"https:\/\/chaire-eti.org\/es\/la-chaire\/#webpage","url":"https:\/\/chaire-eti.org\/es\/la-chaire\/","name":"La c\u00e1tedra - Chaire ETI","isPartOf":{"@id":"https:\/\/chaire-eti.org\/#website"},"datePublished":"2018-01-07T14:16:55+00:00","dateModified":"2018-03-18T13:20:25+00:00","breadcrumb":{"@id":"https:\/\/chaire-eti.org\/es\/la-chaire\/#breadcrumb"},"inLanguage":"es","potentialAction":[{"@type":"ReadAction","target":["https:\/\/chaire-eti.org\/es\/la-chaire\/"]}]},{"@type":"BreadcrumbList","@id":"https:\/\/chaire-eti.org\/es\/la-chaire\/#breadcrumb","itemListElement":[{"@type":"ListItem","position":1,"name":"Accueil","item":"https:\/\/chaire-eti.org\/es\/"},{"@type":"ListItem","position":2,"name":"La c\u00e1tedra"}]}]}},"_links":{"self":[{"href":"https:\/\/chaire-eti.org\/es\/wp-json\/wp\/v2\/pages\/797\/"}],"collection":[{"href":"https:\/\/chaire-eti.org\/es\/wp-json\/wp\/v2\/pages\/"}],"about":[{"href":"https:\/\/chaire-eti.org\/es\/wp-json\/wp\/v2\/types\/page\/"}],"author":[{"embeddable":true,"href":"https:\/\/chaire-eti.org\/es\/wp-json\/wp\/v2\/users\/1\/"}],"replies":[{"embeddable":true,"href":"https:\/\/chaire-eti.org\/es\/wp-json\/wp\/v2\/comments\/?post=797"}],"version-history":[{"count":7,"href":"https:\/\/chaire-eti.org\/es\/wp-json\/wp\/v2\/pages\/797\/revisions\/"}],"predecessor-version":[{"id":1019,"href":"https:\/\/chaire-eti.org\/es\/wp-json\/wp\/v2\/pages\/797\/revisions\/1019\/"}],"wp:attachment":[{"href":"https:\/\/chaire-eti.org\/es\/wp-json\/wp\/v2\/media\/?parent=797"}],"curies":[{"name":"wp","href":"https:\/\/api.w.org\/{rel}","templated":true}]}}