{"id":801,"date":"2018-01-18T17:20:42","date_gmt":"2018-01-18T16:20:42","guid":{"rendered":"https:\/\/chaire-eti.org\/equipe\/"},"modified":"2021-10-06T12:25:49","modified_gmt":"2021-10-06T10:25:49","slug":"equipo","status":"publish","type":"page","link":"https:\/\/chaire-eti.org\/es\/equipo\/","title":{"rendered":"Equipo"},"content":{"rendered":"<p>[et_pb_section fb_built=&#8221;1&#8243; _builder_version=&#8221;3.22.3&#8243; background_image=&#8221;https:\/\/chaire-eti.org\/wp-content\/uploads\/2017\/11\/chaire-eti-sorbonne-parallaxe.jpg&#8221;][et_pb_row _builder_version=&#8221;3.25&#8243; background_size=&#8221;initial&#8221; background_position=&#8221;top_left&#8221; background_repeat=&#8221;repeat&#8221;][et_pb_column type=&#8221;4_4&#8243; _builder_version=&#8221;3.25&#8243; custom_padding=&#8221;|||&#8221; custom_padding__hover=&#8221;|||&#8221;][et_pb_text admin_label=&#8221;L&#8217;\u00e9quipe&#8221; _builder_version=&#8221;3.27.4&#8243; header_font=&#8221;|700|||||||&#8221; header_text_color=&#8221;#ffffff&#8221; header_font_size=&#8221;36px&#8221;]<\/p>\n<h1>equipo<\/h1>\n<p>[\/et_pb_text][\/et_pb_column][\/et_pb_row][\/et_pb_section][et_pb_section fb_built=&#8221;1&#8243; admin_label=&#8221;Section Comit\u00e9 de pilotage&#8221; _builder_version=&#8221;3.22.3&#8243;][et_pb_row _builder_version=&#8221;3.25&#8243; background_size=&#8221;initial&#8221; background_position=&#8221;top_left&#8221; background_repeat=&#8221;repeat&#8221;][et_pb_column type=&#8221;4_4&#8243; _builder_version=&#8221;3.25&#8243; custom_padding=&#8221;|||&#8221; custom_padding__hover=&#8221;|||&#8221;][et_pb_text admin_label=&#8221;Comit\u00e9 de pilotage&#8221; _builder_version=&#8221;3.27.4&#8243; header_font=&#8221;|300|||||||&#8221; header_text_color=&#8221;#44b7d4&#8243; header_font_size=&#8221;36px&#8221;]<\/p>\n<h1>COMIT\u00c9 <strong>DIRECTIVO<\/strong><\/h1>\n<p>[\/et_pb_text][\/et_pb_column][\/et_pb_row][\/et_pb_section][et_pb_section fb_built=&#8221;1&#8243; _builder_version=&#8221;4.4.7&#8243;][et_pb_row column_structure=&#8221;1_4,1_4,1_4,1_4&#8243; _builder_version=&#8221;4.4.7&#8243;][et_pb_column type=&#8221;1_4&#8243; _builder_version=&#8221;4.4.7&#8243;][et_pb_team_member name=&#8221;PROFESOR Didier CHABAUD&#8221; position=&#8221;Director general&#8221; image_url=&#8221;https:\/\/chaire-eti.org\/wp-content\/uploads\/2021\/02\/didier.jpg&#8221; linkedin_url=&#8221;https:\/\/www.linkedin.com\/in\/didier-chabaud-94a80582\/&#8221; _builder_version=&#8221;4.4.7&#8243;][\/et_pb_team_member][\/et_pb_column][et_pb_column type=&#8221;1_4&#8243; _builder_version=&#8221;4.4.7&#8243;][et_pb_team_member name=&#8221;PROFESOR Carlos MORENO&#8221; position=&#8221;Director cient\u00edfico&#8221; image_url=&#8221;https:\/\/chaire-eti.org\/wp-content\/uploads\/2021\/02\/Carlos.jpg&#8221; linkedin_url=&#8221;https:\/\/www.linkedin.com\/in\/carlos-moreno-71b34420\/&#8221; _builder_version=&#8221;4.4.7&#8243;][\/et_pb_team_member][\/et_pb_column][et_pb_column type=&#8221;1_4&#8243; _builder_version=&#8221;4.4.7&#8243;][et_pb_team_member name=&#8221;Dr. Florent PRATLONG&#8221; position=&#8221;Director General Adjunto&#8221; image_url=&#8221;https:\/\/chaire-eti.org\/wp-content\/uploads\/2021\/02\/florent.jpg&#8221; linkedin_url=&#8221;https:\/\/www.linkedin.com\/in\/florent-pratlong-132a0574\/&#8221; _builder_version=&#8221;4.4.7&#8243;][\/et_pb_team_member][\/et_pb_column][et_pb_column type=&#8221;1_4&#8243; _builder_version=&#8221;4.4.7&#8243;][et_pb_team_member name=&#8221;Catherine GALL&#8221; position=&#8221;Director ejecutivo&#8221; image_url=&#8221;https:\/\/chaire-eti.org\/wp-content\/uploads\/2021\/02\/Catherine.jpg&#8221; linkedin_url=&#8221;https:\/\/www.linkedin.com\/in\/catherine-arod-gall-0585a82\/&#8221; _builder_version=&#8221;4.4.7&#8243;][\/et_pb_team_member][\/et_pb_column][\/et_pb_row][et_pb_row column_structure=&#8221;1_4,1_4,1_4,1_4&#8243; _builder_version=&#8221;4.4.7&#8243;][et_pb_column type=&#8221;1_4&#8243; _builder_version=&#8221;4.4.7&#8243;][et_pb_team_member name=&#8221;Paula BERDUGO&#8221; position=&#8221;Jefe del Departamento de Investigaci\u00f3n del IAE Par\u00eds&#8221; image_url=&#8221;https:\/\/chaire-eti.org\/wp-content\/uploads\/2021\/02\/paula.jpg&#8221; _builder_version=&#8221;4.4.7&#8243;][\/et_pb_team_member][\/et_pb_column][et_pb_column type=&#8221;1_4&#8243; _builder_version=&#8221;4.4.7&#8243;][et_pb_team_member name=&#8221;Raphael HAGET&#8221; position=&#8221;Ingeniero de Investigaci\u00f3n IAE&#8221; image_url=&#8221;https:\/\/chaire-eti.org\/wp-content\/uploads\/2021\/02\/raphael.jpg&#8221; linkedin_url=&#8221;https:\/\/www.linkedin.com\/in\/rapha%C3%ABl-haget-aa5696b1\/&#8221; _builder_version=&#8221;4.4.7&#8243;][\/et_pb_team_member][\/et_pb_column][et_pb_column type=&#8221;1_4&#8243; _builder_version=&#8221;4.4.7&#8243;][et_pb_team_member name=&#8221;Juliette FEVRE&#8221; position=&#8221;Responsable de Pol\u00edtica Social Empresarial &#8211; Responsable de Comunicaci\u00f3n&#8221; image_url=&#8221;https:\/\/chaire-eti.org\/wp-content\/uploads\/2021\/02\/juliette.jpg&#8221; linkedin_url=&#8221;https:\/\/www.linkedin.com\/in\/juliette-fevre-146a7095\/&#8221; _builder_version=&#8221;4.4.7&#8243;][\/et_pb_team_member][\/et_pb_column][et_pb_column type=&#8221;1_4&#8243; _builder_version=&#8221;4.4.7&#8243;][et_pb_team_member name=&#8221;Hubert BEROCHE&#8221; position=&#8221;Responsable de proyecto %22Ciudad de 15 minutos e IA%22&#8243; image_url=&#8221;https:\/\/chaire-eti.org\/wp-content\/uploads\/2021\/02\/hubert.jpg&#8221; linkedin_url=&#8221;https:\/\/www.linkedin.com\/in\/hubert-beroche-510b95149\/&#8221; _builder_version=&#8221;4.4.7&#8243;][\/et_pb_team_member][\/et_pb_column][\/et_pb_row][et_pb_row column_structure=&#8221;1_4,1_4,1_4,1_4&#8243; _builder_version=&#8221;4.4.7&#8243;][et_pb_column type=&#8221;1_4&#8243; _builder_version=&#8221;4.4.7&#8243;][et_pb_team_member name=&#8221;Zaheer ALLAM&#8221; position=&#8221;Investigador asociado (Ciudad de 15 minutos)&#8221; image_url=&#8221;https:\/\/chaire-eti.org\/wp-content\/uploads\/2021\/02\/zaheer.jpg&#8221; linkedin_url=&#8221;https:\/\/www.linkedin.com\/in\/zaheer-allam\/&#8221; _builder_version=&#8221;4.4.7&#8243;][\/et_pb_team_member][\/et_pb_column][et_pb_column type=&#8221;1_4&#8243; _builder_version=&#8221;4.4.7&#8243;][et_pb_team_member name=&#8221;Fella Bouzid&#8221; position=&#8221;Nuevo ingeniero de investigaci\u00f3n de proximidad&#8221; image_url=&#8221;https:\/\/chaire-eti.org\/wp-content\/uploads\/2021\/04\/Fella-Bouzid.jpg&#8221; linkedin_url=&#8221;https:\/\/www.linkedin.com\/in\/bouzid-fella\/&#8221; _builder_version=&#8221;4.4.7&#8243;][\/et_pb_team_member][\/et_pb_column][et_pb_column type=&#8221;1_4&#8243; _builder_version=&#8221;4.4.7&#8243;][et_pb_team_member name=&#8221;Romario PHILIBERT&#8221; position=&#8221;Ingeniero de estudios (Ciudad de 15 minutos)&#8221; image_url=&#8221;https:\/\/chaire-eti.org\/wp-content\/uploads\/2021\/02\/romario.jpg&#8221; linkedin_url=&#8221;https:\/\/www.linkedin.com\/in\/romario-philibert\/&#8221; _builder_version=&#8221;4.4.7&#8243;][\/et_pb_team_member][\/et_pb_column][et_pb_column type=&#8221;1_4&#8243; _builder_version=&#8221;4.4.7&#8243;][et_pb_team_member name=&#8221;L\u00e9o-Paul Dana&#8221; position=&#8221;Profesor de la Universidad de Dalhousie (Canad\u00e1) y de la Escuela de Negocios de Montpellier (Francia)&#8221; image_url=&#8221;https:\/\/chaire-eti.org\/wp-content\/uploads\/2021\/07\/leo-paul-dana.jpg&#8221; linkedin_url=&#8221;https:\/\/www.linkedin.com\/in\/leo-paul-dana-a42b08\/&#8221; _builder_version=&#8221;4.4.7&#8243;][\/et_pb_team_member][\/et_pb_column][\/et_pb_row][et_pb_row column_structure=&#8221;1_4,1_4,1_4,1_4&#8243; _builder_version=&#8221;4.4.7&#8243;][et_pb_column type=&#8221;1_4&#8243; _builder_version=&#8221;4.4.7&#8243;][et_pb_team_member name=&#8221;Hedi YEZZA&#8221; position=&#8221;Profesor Universidad de Sherbrooke &#8211; Canad\u00e1&#8221; image_url=&#8221;https:\/\/chaire-eti.org\/wp-content\/uploads\/2021\/10\/hedi-yezza.jpg&#8221; _builder_version=&#8221;4.4.7&#8243;][\/et_pb_team_member][\/et_pb_column][et_pb_column type=&#8221;1_4&#8243; _builder_version=&#8221;4.4.7&#8243;][\/et_pb_column][et_pb_column type=&#8221;1_4&#8243; _builder_version=&#8221;4.4.7&#8243;][\/et_pb_column][et_pb_column type=&#8221;1_4&#8243; _builder_version=&#8221;4.4.7&#8243;][\/et_pb_column][\/et_pb_row][\/et_pb_section][et_pb_section fb_built=&#8221;1&#8243; _builder_version=&#8221;3.22.3&#8243;][et_pb_row _builder_version=&#8221;3.25&#8243; background_size=&#8221;initial&#8221; background_position=&#8221;top_left&#8221; background_repeat=&#8221;repeat&#8221;][et_pb_column type=&#8221;4_4&#8243; _builder_version=&#8221;3.25&#8243; custom_padding=&#8221;|||&#8221; custom_padding__hover=&#8221;|||&#8221;][et_pb_text admin_label=&#8221;Comit\u00e9 scientifique&#8221; _builder_version=&#8221;3.29.2&#8243; header_font=&#8221;|300|||||||&#8221; header_text_color=&#8221;#44b7d4&#8243; header_font_size=&#8221;36px&#8221;]<\/p>\n<h1>Comit\u00e9\u00a0<strong>scientifique<\/strong><\/h1>\n<p>[\/et_pb_text][et_pb_text _builder_version=&#8221;3.29.2&#8243;]<\/p>\n<div class=\"et_pb_module et_pb_text et_pb_text_1 et_pb_bg_layout_light  et_pb_text_align_left\">\n<div class=\"et_pb_text_inner\">\n<p>Presidido por el <strong>Prof.Carlos Moreno<\/strong> y con la presencia ex officio del Prof. Didier Chabaud y el Dr. Florent Pratlong, director y subdirector de la C\u00e1tedra eTi, un comit\u00e9 cient\u00edfico, integrado por destacadas personalidades nacionales e internacionales, se encuentra en proceso de presagio:<\/p>\n<\/div>\n<\/div>\n<div class=\"et_pb_module et_pb_text et_pb_text_2 et_pb_bg_layout_light  et_pb_text_align_left\">\n<div class=\"et_pb_text_inner\">\n<ul>\n<li><strong>Dra. Lorraine Amollo Ambole<\/strong>, Living Lab, Universidad de Nairobi, Kenia, Becaria en &#8220;Urbanizaci\u00f3n Sostenible II&#8221; (Programa Mundial de Becas de Ciencias Sociales)<\/li>\n<li><strong>Pr Franck Bar\u00e8s<\/strong>, exdirector del Departamento de Emprendimiento e Innovaci\u00f3n, HEC Montreal, Canad\u00e1.<\/li>\n<li><strong>Prof. Tereza Cristina Carvalho<\/strong>, Ingeniera Sc. En Innovaci\u00f3n Tecnol\u00f3gica y Desarrollo Sostenible, Escola Politecnica USP, Brasil<\/li>\n<li><strong>Pr Sunil Dubey,<\/strong> Departamento de Arquitectura, Dise\u00f1o y Planificaci\u00f3n, Universidad de Sydney, Australia, ex Director de la Organizaci\u00f3n Mundial Metropolis en Asia Meridional<\/li>\n<li><strong>Pr Alain Fayolle,<\/strong> EM Lyon, Francia, ex presidente, Academy of Management, Divisi\u00f3n de Emprendimiento<br \/>Nikos Fintikakis, arquitecto, Grecia, vicepresidente de la Uni\u00f3n Internacional de Arquitectos (UIA)<\/li>\n<li><strong>Dr. Marc Giget<\/strong>, miembro de la Academia Francesa de Tecnolog\u00edas y presidente del Instituto Europeo de Estrategias de Innovaci\u00f3n Creativa<\/li>\n<li><strong>Dr. Karuna Gopal<\/strong>, Presidente de la Fundaci\u00f3n para las Ciudades Futuristas, India<\/li>\n<li><strong>Prof. Aawatif Hayar<\/strong>, Universidad Hassan II Casablanca Marruecos<\/li>\n<li><strong>Dr. Christyl Johnson<\/strong>, Subdirectora del Centro de Inversiones en Tecnolog\u00eda e Investigaci\u00f3n de la NASA, EE. UU., Ex directora ejecutiva del Consejo Nacional de Ciencia y Tecnolog\u00eda, (Casa Blanca)<\/li>\n<li><strong>Prof.Catherine L\u00e9ger-Jarniou<\/strong>, Universidad Paris Dauphine, Francia, Presidenta de la Academia de Emprendimiento e Innovaci\u00f3n<\/li>\n<li><strong>Pr Natalia Novillo<\/strong>, antrop\u00f3loga, Universidad FLACSO Am\u00e9rica Latina, Directora de Ciudades y Cambio Clim\u00e1tico<\/li>\n<li><strong>Prof. Fernando Nunes<\/strong> <strong>da Silva Fernando<\/strong>, Presidente del Departamento de Ingenier\u00eda Civil, Arquitectura y Geo-recursos, Instituto Superior T\u00e9cnico, Universidad de Lisboa, Portugal, VP Asociaci\u00f3n Internacional de Desarrollo Urbano, INTA.<\/li>\n<li><strong>Prof. Denise Pumain<\/strong>, ge\u00f3grafa, Universidad Paris1 Panth\u00e9on Sorbonne, miembro del Institut de France, Prix Vautrin Lud 2010<\/li>\n<li><strong>Pr Elvira A. Quintero<\/strong>, arquitecta &#8211; Doctora en Literatura, Directora del Departamento de Literatura Universidad del Cauca, Colombia, Premio D\u00e1maso Alonso 2018 de la Academia Hispanoamericana de Buenas Letras.<\/li>\n<li><strong>Pr Carlo Ratti<\/strong>, Urban Technologies and Planning, MIT, Estados Unidos<\/li>\n<li><strong>Pr Sylvie Sammut,<\/strong> directora del laboratorio MRM-Entrepreneurship, Montpellier-Management, Universidad de Montpellier, Francia.<\/li>\n<li><strong>Profesora Saskia Sassen<\/strong>, soci\u00f3loga, Universidad de Columbia, Estados Unidos.<\/li>\n<li><strong>Gaetan Siew<\/strong>, arquitecto, Mauricio, ex presidente de la Uni\u00f3n Internacional de Arquitectos.<\/li>\n<li><strong>Prof. Ryad Titah<\/strong>, Gobierno Electr\u00f3nico y Ciudades Digitales, HEC Montreal, Canad\u00e1. Expresidente de la Asociaci\u00f3n de Ciencias Administrativas de Canad\u00e1 (ASAC)<\/li>\n<li><strong>Prof. Muhammad Yunus<\/strong>, Premio Nobel de la Paz 2006<\/li>\n<\/ul>\n<\/div>\n<\/div>\n<p>[\/et_pb_text][\/et_pb_column][\/et_pb_row][\/et_pb_section]<\/p>\n","protected":false},"excerpt":{"rendered":"<p>equipoCOMIT\u00c9 DIRECTIVOComit\u00e9\u00a0scientifique Presidido por el Prof.Carlos Moreno y con la presencia ex officio del Prof. Didier Chabaud y el Dr. Florent Pratlong, director y subdirector de la C\u00e1tedra eTi, un comit\u00e9 cient\u00edfico, integrado por destacadas personalidades nacionales e internacionales, se encuentra en proceso de presagio: Dra. Lorraine Amollo Ambole, Living Lab, Universidad de Nairobi, Kenia, [&hellip;]<\/p>\n","protected":false},"author":1,"featured_media":0,"parent":0,"menu_order":0,"comment_status":"closed","ping_status":"closed","template":"","meta":{"_et_pb_use_builder":"on","_et_pb_old_content":"","_et_gb_content_width":"","_mi_skip_tracking":false},"yoast_head":"<!-- This site is optimized with the Yoast SEO plugin v19.2 - https:\/\/yoast.com\/wordpress\/plugins\/seo\/ -->\n<title>Equipo - Chaire ETI<\/title>\n<meta name=\"robots\" content=\"index, follow, max-snippet:-1, max-image-preview:large, max-video-preview:-1\" \/>\n<link rel=\"canonical\" href=\"https:\/\/chaire-eti.org\/es\/equipo\/\" \/>\n<meta property=\"og:locale\" content=\"es_ES\" \/>\n<meta property=\"og:type\" content=\"article\" \/>\n<meta property=\"og:title\" content=\"Equipo - Chaire ETI\" \/>\n<meta property=\"og:description\" content=\"equipoCOMIT\u00c9 DIRECTIVOComit\u00e9\u00a0scientifique Presidido por el Prof.Carlos Moreno y con la presencia ex officio del Prof. Didier Chabaud y el Dr. Florent Pratlong, director y subdirector de la C\u00e1tedra eTi, un comit\u00e9 cient\u00edfico, integrado por destacadas personalidades nacionales e internacionales, se encuentra en proceso de presagio: Dra. Lorraine Amollo Ambole, Living Lab, Universidad de Nairobi, Kenia, [&hellip;]\" \/>\n<meta property=\"og:url\" content=\"https:\/\/chaire-eti.org\/es\/equipo\/\" \/>\n<meta property=\"og:site_name\" content=\"Chaire ETI\" \/>\n<meta property=\"article:modified_time\" content=\"2021-10-06T10:25:49+00:00\" \/>\n<meta name=\"author\" content=\"admin9390\" \/>\n<meta name=\"twitter:card\" content=\"summary_large_image\" \/>\n<meta name=\"twitter:label1\" content=\"Tiempo de lectura\" \/>\n\t<meta name=\"twitter:data1\" content=\"7 minutos\" \/>\n<script type=\"application\/ld+json\" class=\"yoast-schema-graph\">{\"@context\":\"https:\/\/schema.org\",\"@graph\":[{\"@type\":\"WebSite\",\"@id\":\"https:\/\/chaire-eti.org\/#website\",\"url\":\"https:\/\/chaire-eti.org\/\",\"name\":\"Chaire ETI\",\"description\":\"Entrepreneuriat, Territoire, Innovation\",\"potentialAction\":[{\"@type\":\"SearchAction\",\"target\":{\"@type\":\"EntryPoint\",\"urlTemplate\":\"https:\/\/chaire-eti.org\/?s={search_term_string}\"},\"query-input\":\"required name=search_term_string\"}],\"inLanguage\":\"es\"},{\"@type\":\"WebPage\",\"@id\":\"https:\/\/chaire-eti.org\/es\/equipo\/#webpage\",\"url\":\"https:\/\/chaire-eti.org\/es\/equipo\/\",\"name\":\"Equipo - Chaire ETI\",\"isPartOf\":{\"@id\":\"https:\/\/chaire-eti.org\/#website\"},\"datePublished\":\"2018-01-18T16:20:42+00:00\",\"dateModified\":\"2021-10-06T10:25:49+00:00\",\"breadcrumb\":{\"@id\":\"https:\/\/chaire-eti.org\/es\/equipo\/#breadcrumb\"},\"inLanguage\":\"es\",\"potentialAction\":[{\"@type\":\"ReadAction\",\"target\":[\"https:\/\/chaire-eti.org\/es\/equipo\/\"]}]},{\"@type\":\"BreadcrumbList\",\"@id\":\"https:\/\/chaire-eti.org\/es\/equipo\/#breadcrumb\",\"itemListElement\":[{\"@type\":\"ListItem\",\"position\":1,\"name\":\"Accueil\",\"item\":\"https:\/\/chaire-eti.org\/es\/\"},{\"@type\":\"ListItem\",\"position\":2,\"name\":\"Equipo\"}]}]}<\/script>\n<!-- \/ Yoast SEO plugin. -->","yoast_head_json":{"title":"Equipo - Chaire ETI","robots":{"index":"index","follow":"follow","max-snippet":"max-snippet:-1","max-image-preview":"max-image-preview:large","max-video-preview":"max-video-preview:-1"},"canonical":"https:\/\/chaire-eti.org\/es\/equipo\/","og_locale":"es_ES","og_type":"article","og_title":"Equipo - Chaire ETI","og_description":"equipoCOMIT\u00c9 DIRECTIVOComit\u00e9\u00a0scientifique Presidido por el Prof.Carlos Moreno y con la presencia ex officio del Prof. Didier Chabaud y el Dr. Florent Pratlong, director y subdirector de la C\u00e1tedra eTi, un comit\u00e9 cient\u00edfico, integrado por destacadas personalidades nacionales e internacionales, se encuentra en proceso de presagio: Dra. Lorraine Amollo Ambole, Living Lab, Universidad de Nairobi, Kenia, [&hellip;]","og_url":"https:\/\/chaire-eti.org\/es\/equipo\/","og_site_name":"Chaire ETI","article_modified_time":"2021-10-06T10:25:49+00:00","author":"admin9390","twitter_card":"summary_large_image","twitter_misc":{"Tiempo de lectura":"7 minutos"},"schema":{"@context":"https:\/\/schema.org","@graph":[{"@type":"WebSite","@id":"https:\/\/chaire-eti.org\/#website","url":"https:\/\/chaire-eti.org\/","name":"Chaire ETI","description":"Entrepreneuriat, Territoire, Innovation","potentialAction":[{"@type":"SearchAction","target":{"@type":"EntryPoint","urlTemplate":"https:\/\/chaire-eti.org\/?s={search_term_string}"},"query-input":"required name=search_term_string"}],"inLanguage":"es"},{"@type":"WebPage","@id":"https:\/\/chaire-eti.org\/es\/equipo\/#webpage","url":"https:\/\/chaire-eti.org\/es\/equipo\/","name":"Equipo - Chaire ETI","isPartOf":{"@id":"https:\/\/chaire-eti.org\/#website"},"datePublished":"2018-01-18T16:20:42+00:00","dateModified":"2021-10-06T10:25:49+00:00","breadcrumb":{"@id":"https:\/\/chaire-eti.org\/es\/equipo\/#breadcrumb"},"inLanguage":"es","potentialAction":[{"@type":"ReadAction","target":["https:\/\/chaire-eti.org\/es\/equipo\/"]}]},{"@type":"BreadcrumbList","@id":"https:\/\/chaire-eti.org\/es\/equipo\/#breadcrumb","itemListElement":[{"@type":"ListItem","position":1,"name":"Accueil","item":"https:\/\/chaire-eti.org\/es\/"},{"@type":"ListItem","position":2,"name":"Equipo"}]}]}},"_links":{"self":[{"href":"https:\/\/chaire-eti.org\/es\/wp-json\/wp\/v2\/pages\/801\/"}],"collection":[{"href":"https:\/\/chaire-eti.org\/es\/wp-json\/wp\/v2\/pages\/"}],"about":[{"href":"https:\/\/chaire-eti.org\/es\/wp-json\/wp\/v2\/types\/page\/"}],"author":[{"embeddable":true,"href":"https:\/\/chaire-eti.org\/es\/wp-json\/wp\/v2\/users\/1\/"}],"replies":[{"embeddable":true,"href":"https:\/\/chaire-eti.org\/es\/wp-json\/wp\/v2\/comments\/?post=801"}],"version-history":[{"count":13,"href":"https:\/\/chaire-eti.org\/es\/wp-json\/wp\/v2\/pages\/801\/revisions\/"}],"predecessor-version":[{"id":6613,"href":"https:\/\/chaire-eti.org\/es\/wp-json\/wp\/v2\/pages\/801\/revisions\/6613\/"}],"wp:attachment":[{"href":"https:\/\/chaire-eti.org\/es\/wp-json\/wp\/v2\/media\/?parent=801"}],"curies":[{"name":"wp","href":"https:\/\/api.w.org\/{rel}","templated":true}]}}