{"id":825,"date":"2018-01-18T17:27:24","date_gmt":"2018-01-18T16:27:24","guid":{"rendered":"https:\/\/chaire-eti.org\/axes-de-recherche\/"},"modified":"2018-03-07T14:25:15","modified_gmt":"2018-03-07T13:25:15","slug":"axes-de-recherche","status":"publish","type":"page","link":"https:\/\/chaire-eti.org\/es\/axes-de-recherche\/","title":{"rendered":"Enfoques de investigaci\u00f3n"},"content":{"rendered":"<p>[et_pb_section bb_built=&#8221;1&#8243; _builder_version=&#8221;3.0.96&#8243; background_image=&#8221;https:\/\/chaire-eti.org\/wp-content\/uploads\/2017\/11\/chaire-eti-sorbonne-parallaxe.jpg&#8221; next_background_color=&#8221;#000000&#8243;][et_pb_row][et_pb_column type=&#8221;4_4&#8243;][et_pb_text admin_label=&#8221;Axes de recherche&#8221; _builder_version=&#8221;3.0.105&#8243; background_layout=&#8221;light&#8221; header_font=&#8221;|700|||||||&#8221; header_font_size=&#8221;36px&#8221; header_text_color=&#8221;#ffffff&#8221; header_2_font_size=&#8221;36px&#8221;]<\/p>\n<h1>Enfoques de investigaci\u00f3n<\/h1>\n<p>[\/et_pb_text][\/et_pb_column][\/et_pb_row][\/et_pb_section][et_pb_section bb_built=&#8221;1&#8243; fullwidth=&#8221;off&#8221; specialty=&#8221;off&#8221; prev_background_color=&#8221;#000000&#8243; next_background_color=&#8221;#000000&#8243;][et_pb_row][et_pb_column type=&#8221;4_4&#8243;][et_pb_text admin_label=&#8221;Notre th\u00e9matique &#8230;&#8221; _builder_version=&#8221;3.0.105&#8243; background_layout=&#8221;light&#8221; header_2_font=&#8221;|300|||||||&#8221; header_2_text_color=&#8221;#44b7d4&#8243; header_2_line_height=&#8221;1.2em&#8221; header_2_font_size=&#8221;36px&#8221; text_text_color=&#8221;#042f40&#8243; header_3_font=&#8221;|700|||||||&#8221; header_3_line_height=&#8221;1.3em&#8221;]<\/p>\n<h2>Nuestra tem\u00e1tica<\/strong><\/h2>\n<p>[\/et_pb_text][et_pb_text admin_label=&#8221;Repenser&#8221; _builder_version=&#8221;3.0.105&#8243; background_layout=&#8221;light&#8221; header_2_font=&#8221;|300|||||||&#8221; header_2_text_color=&#8221;#44b7d4&#8243; header_2_line_height=&#8221;1.2em&#8221; header_2_font_size=&#8221;36px&#8221; text_text_color=&#8221;#042f40&#8243; header_3_font=&#8221;|700|||||||&#8221; header_3_line_height=&#8221;1.3em&#8221;]<\/p>\n<h3>\u00a1Reconsiderar la innovaci\u00f3n y la disrupci\u00f3n en nuestros territorios para estar al origen de la creaci\u00f3n de valor econ\u00f3mico, social y ecol\u00f3gico \u00a1<\/h3>\n<p>El objetivo de la c\u00e1tedra ETI es el desarrollo, la compartici\u00f3n y la difusi\u00f3n de reflexiones recientes y novadoras por sus investigadores y colaboradores. Aquellos pensamientos giran alrededor de la noci\u00f3n de territorio que desempe\u00f1a un papel activo en la creaci\u00f3n de valor econ\u00f3mico, social y ecol\u00f3gico. El trabajo rendido por los investigadores tiene varios formatos (cortos, escritos, visuales o videos) para ser f\u00e1cil de acceso. Queremos comunicarles a los practicantes que participan a esos trabajos un conocimiento cient\u00edfico que sea \u00fatil en la vida y en el desarrollo de nuestras ciudades y territorios. Mediante esta catedra ETI, deseamos generar fuertes v\u00ednculos entre la investigaci\u00f3n y los actores socioecon\u00f3micos p\u00fablicos y privados, a trav\u00e9s de nuestras investigaciones, estudios, publicaciones, eventos y nuestras misiones de consejo.<\/p>\n<p>[\/et_pb_text][\/et_pb_column][\/et_pb_row][\/et_pb_section][et_pb_section bb_built=&#8221;1&#8243; fullwidth=&#8221;off&#8221; specialty=&#8221;off&#8221; _builder_version=&#8221;3.0.96&#8243; background_video_mp4=&#8221;https:\/\/chaire-eti.org\/wp-content\/uploads\/2018\/01\/chaire-eti-paris-sorbonne-axes-de-recherche-hub.mp4&#8243; background_video_width=&#8221;960&#8243; background_video_height=&#8221;540&#8243; custom_padding=&#8221;150px||150px|&#8221; background_video_webm=&#8221;https:\/\/chaire-eti.org\/wp-content\/uploads\/2018\/01\/chaire-eti-paris-sorbonne-axes-de-recherche-hub.webm&#8221; background_image=&#8221;https:\/\/chaire-eti.org\/wp-content\/uploads\/2018\/01\/chaire-eti-hub-sorbonne.jpg&#8221; prev_background_color=&#8221;#000000&#8243; next_background_color=&#8221;#000000&#8243;][et_pb_row][et_pb_column type=&#8221;4_4&#8243;][et_pb_text admin_label=&#8221;Un Hub, un lieu de rencontres&#8221; _builder_version=&#8221;3.0.105&#8243; background_layout=&#8221;light&#8221; header_3_font=&#8221;|700|||||||&#8221; header_3_line_height=&#8221;1.3em&#8221; header_3_text_color=&#8221;#ffffff&#8221; text_orientation=&#8221;center&#8221; header_3_font_size=&#8221;32px&#8221;]<\/p>\n<h3>Un Hub, centro de encuentros con dimensi\u00f3n nacional e internacional<\/h3>\n<p>[\/et_pb_text][\/et_pb_column][\/et_pb_row][\/et_pb_section][et_pb_section bb_built=&#8221;1&#8243; fullwidth=&#8221;off&#8221; specialty=&#8221;off&#8221; prev_background_color=&#8221;#000000&#8243;][et_pb_row][et_pb_column type=&#8221;4_4&#8243;][et_pb_text admin_label=&#8221;Un Hub, un lieu de rencontres&#8221; _builder_version=&#8221;3.0.105&#8243; background_layout=&#8221;light&#8221; header_3_font=&#8221;|700|||||||&#8221; header_3_line_height=&#8221;1.3em&#8221;]<\/p>\n<p>La c\u00e1tedra ETI es un lugar f\u00edsico y virtual, como el siglo 21, que federa aptitudes, crisol de energ\u00edas cruzadas, multiplicador de inteligencias colectivas. Aunque haya sido creada en Paris, la c\u00e1tedra est\u00e1 presente en Francia y en el mundo. Es una red nacional e internacional de alto nivel, transdiciplinaria, m\u00faltiple, animada por la convicci\u00f3n profunda de que debemos crear juntos, con la variedad de nuestras pr\u00e1cticas, los nuevos paradigmas fundamentales para anticipar las mutaciones inminentes, frente a los retos de este siglo.<\/p>\n<p>[\/et_pb_text][et_pb_text _builder_version=&#8221;3.0.105&#8243; background_layout=&#8221;light&#8221; header_3_font=&#8221;|700|||||||&#8221;]<\/p>\n<h3>\u00a1Estamos inspirados para ser los exploradores de la ciudad de ma\u00f1ana, como fuente de creaci\u00f3n de valor \u00a1<\/h3>\n<p>Desarrollar territorios de innovaci\u00f3n, construir espacios de vida y de iniciativa empresarial, favoreciendo la calidad de vida frente a los desaf\u00edos ecol\u00f3gicos del siglo 21.<\/p>\n<p>Queremos apoyar a los cambios necesarios de paradigmas con idas y vueltas en el terreno.<\/p>\n<ul>\n<li><strong>EXPERIMENTO<\/strong>: las experiencias de investigaci\u00f3n de ETI ser\u00e1n conducidas en virtud de varias acciones empresariales e innovadoras a escala del territorio, con una repercusi\u00f3n focalizada sobre la creaci\u00f3n de valor, la calidad de vida de los habitantes y la sostenibilidad global del territorio implicado.<\/li>\n<li><strong>OPERATIVO<\/strong> : las investigaciones ETI se articular\u00e1n al logro de una ambici\u00f3n operacional, una perspectiva a largo plazo, innovaciones estructuradoras en varias actividades, iniciativas p\u00fablicas y privadas, en el punto de convergencia de las acciones universitarias y de los recursos cient\u00edficos, econ\u00f3micos e industriales. <\/li>\n<li><strong>INCLUSIVA: <\/strong> : los proyectos ETI formar\u00e1n parte de un enfoque integrador con una perspectiva de evaluaci\u00f3n, poniendo \u00e9nfasis en la aceptaci\u00f3n social de los cambios, la viabilidad, la relevancia de nuevos modelos econ\u00f3micos y sociales y los impactos de las experiencias realizadas. La evaluaci\u00f3n precedente y subsiguiente, edificada seg\u00fan el \u00e1nimo inicial del proyecto, ocupa un lugar central en los prop\u00f3sitos de la acci\u00f3n. <\/li>\n<\/ul>\n<p>[\/et_pb_text][\/et_pb_column][\/et_pb_row][\/et_pb_section]<\/p>\n","protected":false},"excerpt":{"rendered":"<p><div class=\"et_pb_row et_pb_row_0 et_pb_row_empty\">\n\t\t\t\t\n\t\t\t\t\n\t\t\t\t\n\t\t\t\t\n\t\t\t\t\n\t\t\t<\/div> Enfoques de investigaci\u00f3n <div class=\"et_pb_row et_pb_row_1 et_pb_row_empty\">\n\t\t\t\t\n\t\t\t\t\n\t\t\t\t\n\t\t\t\t\n\t\t\t\t\n\t\t\t<\/div> Nuestra tem\u00e1tica \u00a1Reconsiderar la innovaci\u00f3n y la disrupci\u00f3n en nuestros territorios para estar al origen de la creaci\u00f3n de valor econ\u00f3mico, social y ecol\u00f3gico \u00a1 El objetivo de la c\u00e1tedra ETI es el desarrollo, la compartici\u00f3n y la difusi\u00f3n de reflexiones recientes y novadoras por sus investigadores y colaboradores. Aquellos [&hellip;]<\/p>\n","protected":false},"author":1,"featured_media":0,"parent":0,"menu_order":0,"comment_status":"closed","ping_status":"closed","template":"","meta":{"_et_pb_use_builder":"on","_et_pb_old_content":"","_et_gb_content_width":"","_mi_skip_tracking":false},"yoast_head":"<!-- This site is optimized with the Yoast SEO plugin v19.2 - https:\/\/yoast.com\/wordpress\/plugins\/seo\/ -->\n<title>Enfoques de investigaci\u00f3n - Chaire ETI<\/title>\n<meta name=\"robots\" content=\"index, follow, max-snippet:-1, max-image-preview:large, max-video-preview:-1\" \/>\n<link rel=\"canonical\" href=\"https:\/\/chaire-eti.org\/es\/axes-de-recherche\/\" \/>\n<meta property=\"og:locale\" content=\"es_ES\" \/>\n<meta property=\"og:type\" content=\"article\" \/>\n<meta property=\"og:title\" content=\"Enfoques de investigaci\u00f3n - Chaire ETI\" \/>\n<meta property=\"og:description\" content=\"Enfoques de investigaci\u00f3n Nuestra tem\u00e1tica \u00a1Reconsiderar la innovaci\u00f3n y la disrupci\u00f3n en nuestros territorios para estar al origen de la creaci\u00f3n de valor econ\u00f3mico, social y ecol\u00f3gico \u00a1 El objetivo de la c\u00e1tedra ETI es el desarrollo, la compartici\u00f3n y la difusi\u00f3n de reflexiones recientes y novadoras por sus investigadores y colaboradores. Aquellos [&hellip;]\" \/>\n<meta property=\"og:url\" content=\"https:\/\/chaire-eti.org\/es\/axes-de-recherche\/\" \/>\n<meta property=\"og:site_name\" content=\"Chaire ETI\" \/>\n<meta property=\"article:modified_time\" content=\"2018-03-07T13:25:15+00:00\" \/>\n<meta name=\"author\" content=\"admin9390\" \/>\n<meta name=\"twitter:card\" content=\"summary_large_image\" \/>\n<meta name=\"twitter:label1\" content=\"Tiempo de lectura\" \/>\n\t<meta name=\"twitter:data1\" content=\"4 minutos\" \/>\n<script type=\"application\/ld+json\" class=\"yoast-schema-graph\">{\"@context\":\"https:\/\/schema.org\",\"@graph\":[{\"@type\":\"WebSite\",\"@id\":\"https:\/\/chaire-eti.org\/#website\",\"url\":\"https:\/\/chaire-eti.org\/\",\"name\":\"Chaire ETI\",\"description\":\"Entrepreneuriat, Territoire, Innovation\",\"potentialAction\":[{\"@type\":\"SearchAction\",\"target\":{\"@type\":\"EntryPoint\",\"urlTemplate\":\"https:\/\/chaire-eti.org\/?s={search_term_string}\"},\"query-input\":\"required name=search_term_string\"}],\"inLanguage\":\"es\"},{\"@type\":\"WebPage\",\"@id\":\"https:\/\/chaire-eti.org\/es\/axes-de-recherche\/#webpage\",\"url\":\"https:\/\/chaire-eti.org\/es\/axes-de-recherche\/\",\"name\":\"Enfoques de investigaci\u00f3n - Chaire ETI\",\"isPartOf\":{\"@id\":\"https:\/\/chaire-eti.org\/#website\"},\"datePublished\":\"2018-01-18T16:27:24+00:00\",\"dateModified\":\"2018-03-07T13:25:15+00:00\",\"breadcrumb\":{\"@id\":\"https:\/\/chaire-eti.org\/es\/axes-de-recherche\/#breadcrumb\"},\"inLanguage\":\"es\",\"potentialAction\":[{\"@type\":\"ReadAction\",\"target\":[\"https:\/\/chaire-eti.org\/es\/axes-de-recherche\/\"]}]},{\"@type\":\"BreadcrumbList\",\"@id\":\"https:\/\/chaire-eti.org\/es\/axes-de-recherche\/#breadcrumb\",\"itemListElement\":[{\"@type\":\"ListItem\",\"position\":1,\"name\":\"Accueil\",\"item\":\"https:\/\/chaire-eti.org\/es\/\"},{\"@type\":\"ListItem\",\"position\":2,\"name\":\"Enfoques de investigaci\u00f3n\"}]}]}<\/script>\n<!-- \/ Yoast SEO plugin. -->","yoast_head_json":{"title":"Enfoques de investigaci\u00f3n - Chaire ETI","robots":{"index":"index","follow":"follow","max-snippet":"max-snippet:-1","max-image-preview":"max-image-preview:large","max-video-preview":"max-video-preview:-1"},"canonical":"https:\/\/chaire-eti.org\/es\/axes-de-recherche\/","og_locale":"es_ES","og_type":"article","og_title":"Enfoques de investigaci\u00f3n - Chaire ETI","og_description":"Enfoques de investigaci\u00f3n Nuestra tem\u00e1tica \u00a1Reconsiderar la innovaci\u00f3n y la disrupci\u00f3n en nuestros territorios para estar al origen de la creaci\u00f3n de valor econ\u00f3mico, social y ecol\u00f3gico \u00a1 El objetivo de la c\u00e1tedra ETI es el desarrollo, la compartici\u00f3n y la difusi\u00f3n de reflexiones recientes y novadoras por sus investigadores y colaboradores. Aquellos [&hellip;]","og_url":"https:\/\/chaire-eti.org\/es\/axes-de-recherche\/","og_site_name":"Chaire ETI","article_modified_time":"2018-03-07T13:25:15+00:00","author":"admin9390","twitter_card":"summary_large_image","twitter_misc":{"Tiempo de lectura":"4 minutos"},"schema":{"@context":"https:\/\/schema.org","@graph":[{"@type":"WebSite","@id":"https:\/\/chaire-eti.org\/#website","url":"https:\/\/chaire-eti.org\/","name":"Chaire ETI","description":"Entrepreneuriat, Territoire, Innovation","potentialAction":[{"@type":"SearchAction","target":{"@type":"EntryPoint","urlTemplate":"https:\/\/chaire-eti.org\/?s={search_term_string}"},"query-input":"required name=search_term_string"}],"inLanguage":"es"},{"@type":"WebPage","@id":"https:\/\/chaire-eti.org\/es\/axes-de-recherche\/#webpage","url":"https:\/\/chaire-eti.org\/es\/axes-de-recherche\/","name":"Enfoques de investigaci\u00f3n - Chaire ETI","isPartOf":{"@id":"https:\/\/chaire-eti.org\/#website"},"datePublished":"2018-01-18T16:27:24+00:00","dateModified":"2018-03-07T13:25:15+00:00","breadcrumb":{"@id":"https:\/\/chaire-eti.org\/es\/axes-de-recherche\/#breadcrumb"},"inLanguage":"es","potentialAction":[{"@type":"ReadAction","target":["https:\/\/chaire-eti.org\/es\/axes-de-recherche\/"]}]},{"@type":"BreadcrumbList","@id":"https:\/\/chaire-eti.org\/es\/axes-de-recherche\/#breadcrumb","itemListElement":[{"@type":"ListItem","position":1,"name":"Accueil","item":"https:\/\/chaire-eti.org\/es\/"},{"@type":"ListItem","position":2,"name":"Enfoques de investigaci\u00f3n"}]}]}},"_links":{"self":[{"href":"https:\/\/chaire-eti.org\/es\/wp-json\/wp\/v2\/pages\/825\/"}],"collection":[{"href":"https:\/\/chaire-eti.org\/es\/wp-json\/wp\/v2\/pages\/"}],"about":[{"href":"https:\/\/chaire-eti.org\/es\/wp-json\/wp\/v2\/types\/page\/"}],"author":[{"embeddable":true,"href":"https:\/\/chaire-eti.org\/es\/wp-json\/wp\/v2\/users\/1\/"}],"replies":[{"embeddable":true,"href":"https:\/\/chaire-eti.org\/es\/wp-json\/wp\/v2\/comments\/?post=825"}],"version-history":[{"count":5,"href":"https:\/\/chaire-eti.org\/es\/wp-json\/wp\/v2\/pages\/825\/revisions\/"}],"predecessor-version":[{"id":931,"href":"https:\/\/chaire-eti.org\/es\/wp-json\/wp\/v2\/pages\/825\/revisions\/931\/"}],"wp:attachment":[{"href":"https:\/\/chaire-eti.org\/es\/wp-json\/wp\/v2\/media\/?parent=825"}],"curies":[{"name":"wp","href":"https:\/\/api.w.org\/{rel}","templated":true}]}}