{"id":828,"date":"2018-01-07T15:16:23","date_gmt":"2018-01-07T14:16:23","guid":{"rendered":"https:\/\/chaire-eti.org\/partenaires\/"},"modified":"2018-03-08T14:32:19","modified_gmt":"2018-03-08T13:32:19","slug":"partenaires","status":"publish","type":"page","link":"https:\/\/chaire-eti.org\/es\/partenaires\/","title":{"rendered":"Ser un COLABORADOR"},"content":{"rendered":"<p>[et_pb_section bb_built=&#8221;1&#8243; _builder_version=&#8221;3.0.92&#8243; background_image=&#8221;https:\/\/chaire-eti.org\/wp-content\/uploads\/2017\/11\/chaire-eti-sorbonne-parallaxe.jpg&#8221; next_background_color=&#8221;#000000&#8243;][et_pb_row][et_pb_column type=&#8221;4_4&#8243;][et_pb_text admin_label=&#8221;COLABORADORES&#8221; _builder_version=&#8221;3.0.105&#8243; background_layout=&#8221;light&#8221; header_font=&#8221;|700|||||||&#8221; header_font_size=&#8221;36px&#8221; header_text_color=&#8221;#ffffff&#8221;]<\/p>\n<h1>COLABORADORES<\/h1>\n<p>[\/et_pb_text][\/et_pb_column][\/et_pb_row][\/et_pb_section][et_pb_section bb_built=&#8221;1&#8243; fullwidth=&#8221;off&#8221; specialty=&#8221;off&#8221; prev_background_color=&#8221;#000000&#8243; next_background_color=&#8221;#f6f6f6&#8243;][et_pb_row][et_pb_column type=&#8221;4_4&#8243;][et_pb_text admin_label=&#8221;Partenaires &#8211; Axes d&#8217;int\u00e9r\u00eats &#8230;&#8221; _builder_version=&#8221;3.0.106&#8243; background_layout=&#8221;light&#8221; header_font=&#8221;|300|||||||&#8221; header_font_size=&#8221;36px&#8221; header_text_color=&#8221;#44b7d4&#8243; header_line_height=&#8221;1.3em&#8221;]<\/p>\n<h1>Colaboradores <strong>Enfoques posibles<\/strong> para la c\u00e1tedra de la Sorbonne IAE<\/h1>\n<p><strong>La c\u00e1tedra es un lugar de reflexi\u00f3n, de cooperaci\u00f3n y de trabajo cient\u00edfico, acad\u00e9mico y profesional en torno a la tem\u00e1tica: Empresariado, Territorio, Innovaci\u00f3n. <\/strong>.<\/p>\n<p>Ofrece a sus miembros un espacio amplio para desarrollar juntos acciones, recurriendo a los recursos de la c\u00e1tedra. Juntando equipos de muy alto nivel nacional e internacional, la c\u00e1tedra les brinda una gran visibilidad a sus miembros y accesos a proyectos de alta calidad, colaborativos y estructuradores.<\/p>\n<p>El compromiso de 3 a\u00f1os es una garant\u00eda de continuidad para maximizar los esfuerzos y la dedicaci\u00f3n de cada uno de los actores. Los apoyos institucionales nacionales e internacionales tambi\u00e9n son un impulso mayor. El conjunto de las colaboraciones establecidas por los 3 equipos fundadores da acceso a una red extensa reconocida a nivel internacional: El foro &#8220;Live in a living city&#8221; del profesor Carlos Moreno, director cient\u00edfico de la catedra, el equipo del IAE (Escuela de negocios de la Sorbonne) representado por el profesor Didier Chabaud, y el master (maestr\u00eda) IGT (innovaci\u00f3n y gesti\u00f3n de tecnolog\u00edas) de la Universidad Paris 1 Panth\u00e9on Sorbonne, representado por Florent Pratlong. <\/p>\n<p><strong>El colaborador, siendo miembro fundador, ocupa un esca\u00f1o en el comit\u00e9 de orientaci\u00f3n de la catedra. <\/strong><\/p>\n<p>[\/et_pb_text][\/et_pb_column][\/et_pb_row][\/et_pb_section][et_pb_section bb_built=&#8221;1&#8243; fullwidth=&#8221;off&#8221; specialty=&#8221;off&#8221; _builder_version=&#8221;3.0.92&#8243; background_color=&#8221;#f6f6f6&#8243; prev_background_color=&#8221;#ffffff&#8221;][et_pb_row][et_pb_column type=&#8221;4_4&#8243;][et_pb_text admin_label=&#8221;Les actions et retours d&#8217;investissement&#8221; _builder_version=&#8221;3.0.105&#8243; background_layout=&#8221;light&#8221; header_font=&#8221;|300|||||||&#8221; header_font_size=&#8221;36px&#8221; header_text_color=&#8221;#44b7d4&#8243; header_line_height=&#8221;1.3em&#8221; header_text_align=&#8221;center&#8221;]<\/p>\n<h1><strong>Acciones y rendimiento de inversi\u00f3n<\/strong><\/h1>\n<p>[\/et_pb_text][\/et_pb_column][\/et_pb_row][et_pb_row][et_pb_column type=&#8221;1_4&#8243;][et_pb_image _builder_version=&#8221;3.0.92&#8243; src=&#8221;https:\/\/chaire-eti.org\/wp-content\/uploads\/2018\/01\/prspectives-chaire-eti.png&#8221; show_in_lightbox=&#8221;off&#8221; url_new_window=&#8221;off&#8221; use_overlay=&#8221;off&#8221; align=&#8221;center&#8221; always_center_on_mobile=&#8221;on&#8221; force_fullwidth=&#8221;off&#8221; max_width=&#8221;60%&#8221; show_bottom_space=&#8221;on&#8221; \/][\/et_pb_column][et_pb_column type=&#8221;3_4&#8243;][et_pb_text admin_label=&#8221;Prospective\/Etudes&#8221; _builder_version=&#8221;3.0.105&#8243; background_layout=&#8221;light&#8221; header_2_font=&#8221;|700|||||||&#8221;]<\/p>\n<h2>Previsi\u00f3n\/Estudio<\/h2>\n<p><strong>Las tem\u00e1ticas est\u00e1n abiertas en las 3 orientaciones de la c\u00e1tedra: empresariado, territorios e innovaci\u00f3n.<\/strong><\/p>\n<ul>\n<li>&#8211;\tIniciar y\/o participar a un grupo de reflexiones tem\u00e1ticas sobre los estudios realizados por estudiantes\/ investigadores, incluso investigadores internacionales, en virtud de la cooperaci\u00f3n de la catedra y de sus componentes. <\/li>\n<li>Temas estudiados en cumplimiento de un master o de una tesis<\/li>\n<li>&#8211;\tAmpliaci\u00f3n de plazo de los Master con una pr\u00e1ctica de 3 a 6 meses<\/li>\n<li>&#8211;\tAsignaciones y becas doctorales en CIFRE<\/li>\n<\/ul>\n<p>[\/et_pb_text][\/et_pb_column][\/et_pb_row][et_pb_row][et_pb_column type=&#8221;1_4&#8243;][et_pb_image _builder_version=&#8221;3.0.92&#8243; src=&#8221;https:\/\/chaire-eti.org\/wp-content\/uploads\/2018\/01\/formations-chaire-eti.png&#8221; show_in_lightbox=&#8221;off&#8221; url_new_window=&#8221;off&#8221; use_overlay=&#8221;off&#8221; align=&#8221;center&#8221; always_center_on_mobile=&#8221;on&#8221; force_fullwidth=&#8221;off&#8221; max_width=&#8221;60%&#8221; show_bottom_space=&#8221;on&#8221; \/][\/et_pb_column][et_pb_column type=&#8221;3_4&#8243;][et_pb_text admin_label=&#8221;Formations&#8221; _builder_version=&#8221;3.0.105&#8243; background_layout=&#8221;light&#8221; header_2_font=&#8221;|700|||||||&#8221;]<\/p>\n<h2>Formaciones<\/h2>\n<p><strong>La c\u00e1tedra esta desarrollando formaciones con certificados y diplomas.<\/strong><\/p>\n<ul>\n<li>&#8211;\tLos miembros de la c\u00e1tedra pueden asistir a unos cursos de formaciones con diploma (formaci\u00f3n de aprendizaje o educaci\u00f3n continua)<\/li>\n<li>La c\u00e1tedra puede crear formaciones con temas espec\u00edficos, con certificado.<\/li>\n<li>El colaborador puede desarrollar la formaci\u00f3n a t\u00edtulo inter-empresarial, con un panel de sus clientes\/colaboradores, p\u00fablicos o privados. <\/li>\n<li>Las formaciones pueden ser creadas <em>ad hoc<\/em> y tener formatos flexibles <\/li>\n<li>El colaborador puede organizar eventos con oradores.<\/li>\n<\/ul>\n<p>[\/et_pb_text][\/et_pb_column][\/et_pb_row][et_pb_row][et_pb_column type=&#8221;1_4&#8243;][et_pb_image _builder_version=&#8221;3.0.92&#8243; src=&#8221;https:\/\/chaire-eti.org\/wp-content\/uploads\/2018\/01\/conference-chaire-eti.png&#8221; show_in_lightbox=&#8221;off&#8221; url_new_window=&#8221;off&#8221; use_overlay=&#8221;off&#8221; align=&#8221;center&#8221; always_center_on_mobile=&#8221;on&#8221; force_fullwidth=&#8221;off&#8221; max_width=&#8221;60%&#8221; show_bottom_space=&#8221;on&#8221; \/][\/et_pb_column][et_pb_column type=&#8221;3_4&#8243;][et_pb_text admin_label=&#8221;FORUMS, CONF\u00c9RENCES, \u00c9COLES D\u2019\u00c9T\u00c9 OU INTER SAISONS&#8221; _builder_version=&#8221;3.0.105&#8243; background_layout=&#8221;light&#8221; header_2_font=&#8221;|700|||||||&#8221;]<\/p>\n<h2>Foros, conferencias, universidad de verano o inter-temporada<\/h2>\n<p><strong>El colaborador est\u00e1 vinculado con los eventos que organiza la c\u00e1tedra, y para los cuales su imagen y su contenido est\u00e1n visibles. <\/strong><\/p>\n<ul>\n<li>Hemos desarrollado la idea siguiente: una tarde por mes (10 tardes al a\u00f1o) abordaremos una tem\u00e1tica con actores externos invitados, nacionales o internacionales. <\/li>\n<li>Sin ser una acci\u00f3n de venta o comercial, y teniendo siempre en mente un principio de alta calidad cient\u00edfica, el colaborador puede proponer o participar en el desarrollo de acciones en el contexto de la c\u00e1tedra. La cooperaci\u00f3n y las acciones comunes con otros colaboradores tambi\u00e9n pueden existir.<\/li>\n<li>El colaborador puede proponer acciones espec\u00edficas con los recursos de la c\u00e1tedra, como el Desayuno Tem\u00e1tico<\/li>\n<li>Aquellas acciones pueden ocurrir en Paris u otros lugares en virtud de la cooperaci\u00f3n que la c\u00e1tedra est\u00e1 implementando.<\/li>\n<\/ul>\n<p>[\/et_pb_text][\/et_pb_column][\/et_pb_row][et_pb_row][et_pb_column type=&#8221;1_4&#8243;][et_pb_image _builder_version=&#8221;3.0.92&#8243; src=&#8221;https:\/\/chaire-eti.org\/wp-content\/uploads\/2018\/01\/innovate-chaire-eti.png&#8221; show_in_lightbox=&#8221;off&#8221; url_new_window=&#8221;off&#8221; use_overlay=&#8221;off&#8221; align=&#8221;center&#8221; always_center_on_mobile=&#8221;on&#8221; force_fullwidth=&#8221;off&#8221; max_width=&#8221;60%&#8221; show_bottom_space=&#8221;on&#8221; \/][\/et_pb_column][et_pb_column type=&#8221;3_4&#8243;][et_pb_text admin_label=&#8221;Fabrique d&#8217;id\u00e9es&#8221; _builder_version=&#8221;3.0.105&#8243; background_layout=&#8221;light&#8221; header_2_font=&#8221;|700|||||||&#8221;]<\/p>\n<h2>F\u00e1brica de ideas<\/h2>\n<p><strong>En el marco de la c\u00e1tedra, tambi\u00e9n podr\u00e1n desarrollarse acciones abiertas de &#8220;brainstorming&#8221;, f\u00e1bricas de ideas.<\/strong><\/p>\n<ul>\n<li>Establecer una tem\u00e1tica que puede ser el fruto de una reflexi\u00f3n precedente en el contexto de la c\u00e1tedra y desarrollarla en modo innovaci\u00f3n abierta<\/li>\n<li>Tambi\u00e9n puede existir a trav\u00e9s de la plataforma digital.<\/li>\n<\/ul>\n<p>[\/et_pb_text][\/et_pb_column][\/et_pb_row][et_pb_row][et_pb_column type=&#8221;1_4&#8243;][et_pb_image _builder_version=&#8221;3.0.92&#8243; src=&#8221;https:\/\/chaire-eti.org\/wp-content\/uploads\/2018\/01\/mooc-chaire-eti.png&#8221; show_in_lightbox=&#8221;off&#8221; url_new_window=&#8221;off&#8221; use_overlay=&#8221;off&#8221; align=&#8221;center&#8221; always_center_on_mobile=&#8221;on&#8221; force_fullwidth=&#8221;off&#8221; max_width=&#8221;60%&#8221; show_bottom_space=&#8221;on&#8221; \/][\/et_pb_column][et_pb_column type=&#8221;3_4&#8243;][et_pb_text admin_label=&#8221;MOOCS&#8221; _builder_version=&#8221;3.0.105&#8243; background_layout=&#8221;light&#8221; header_2_font=&#8221;|700|||||||&#8221;]<\/p>\n<h2>MOOCS (curso online masivo en abierto)<\/h2>\n<p><strong>Con el desarrollo de los MOOC, la c\u00e1tedra tiene por objetivo ampliar su p\u00fablico y su sector de intervenci\u00f3n.<\/strong><\/p>\n<ul>\n<li>Estas herramientas est\u00e1n a disposici\u00f3n del colaborador.<\/li>\n<li>Los miembros de la c\u00e1tedra ser\u00e1n los oradores de los MOOC<\/li>\n<li>Una forma espec\u00edfica de intervenci\u00f3n tendr\u00e1 lugar una vez por trimestre: un Hang out tem\u00e1tico, tele conferencia en la red, con 4 personalidades cada uno en una parte del mundo.<\/li>\n<\/ul>\n<p>[\/et_pb_text][\/et_pb_column][\/et_pb_row][et_pb_row][et_pb_column type=&#8221;1_4&#8243;][et_pb_image _builder_version=&#8221;3.0.92&#8243; src=&#8221;https:\/\/chaire-eti.org\/wp-content\/uploads\/2018\/01\/territoires-chaire-eti.png&#8221; show_in_lightbox=&#8221;off&#8221; url_new_window=&#8221;off&#8221; use_overlay=&#8221;off&#8221; align=&#8221;center&#8221; always_center_on_mobile=&#8221;on&#8221; force_fullwidth=&#8221;off&#8221; max_width=&#8221;60%&#8221; show_bottom_space=&#8221;on&#8221; \/][\/et_pb_column][et_pb_column type=&#8221;3_4&#8243;][et_pb_text admin_label=&#8221;LEARNING EXPEDITION ET VOYAGES D\u2019\u00c9TUDES&#8221; _builder_version=&#8221;3.0.105&#8243; background_layout=&#8221;light&#8221; header_2_font=&#8221;|700|||||||&#8221;]<\/p>\n<h2>Viajes de estudios<\/h2>\n<p><strong>La c\u00e1tedra puede compartir los recursos humanos y materiales para proponer viajes de estudios\/tem\u00e1ticos. 2 niveles de viajes:<\/strong><\/p>\n<ul>\n<li>Viajes de estudios para estudiantes que trabajan sobre un tema y publican contenido enseguida.<\/li>\n<li>Viajes de estudios para profesionales, miembros de la c\u00e1tedra, que trabajan sobre tem\u00e1ticas de su inter\u00e9s, con las intenciones de la catedra.<\/li>\n<\/ul>\n<p><strong>Plataforma colaborativa:<\/strong><br \/>\nLos miembros podr\u00e1n beneficiar de La plataforma colaborativa de la catedra y de su pol\u00edtica de publicaci\u00f3n.  <\/p>\n<ul>\n<li>Publicaciones multimedia, revista en l\u00ednea, co-creaci\u00f3n<\/li>\n<li>Acceso a otras publicaciones y otras herramientas.<\/li>\n<li>Edici\u00f3n especifica de publicaciones propuestas por los miembros y publicadas por la c\u00e1tedra. <\/li>\n<\/ul>\n<p>[\/et_pb_text][\/et_pb_column][\/et_pb_row][\/et_pb_section]<\/p>\n","protected":false},"excerpt":{"rendered":"<p><div class=\"et_pb_row et_pb_row_0 et_pb_row_empty\">\n\t\t\t\t\n\t\t\t\t\n\t\t\t\t\n\t\t\t\t\n\t\t\t\t\n\t\t\t<\/div> COLABORADORES <div class=\"et_pb_row et_pb_row_1 et_pb_row_empty\">\n\t\t\t\t\n\t\t\t\t\n\t\t\t\t\n\t\t\t\t\n\t\t\t\t\n\t\t\t<\/div> Colaboradores Enfoques posibles para la c\u00e1tedra de la Sorbonne IAE La c\u00e1tedra es un lugar de reflexi\u00f3n, de cooperaci\u00f3n y de trabajo cient\u00edfico, acad\u00e9mico y profesional en torno a la tem\u00e1tica: Empresariado, Territorio, Innovaci\u00f3n. . Ofrece a sus miembros un espacio amplio para desarrollar juntos acciones, recurriendo a los recursos de la [&hellip;]<\/p>\n","protected":false},"author":1,"featured_media":0,"parent":0,"menu_order":0,"comment_status":"closed","ping_status":"closed","template":"","meta":{"_et_pb_use_builder":"on","_et_pb_old_content":"","_et_gb_content_width":"","_mi_skip_tracking":false},"yoast_head":"<!-- This site is optimized with the Yoast SEO plugin v19.2 - https:\/\/yoast.com\/wordpress\/plugins\/seo\/ -->\n<title>Ser un COLABORADOR - Chaire ETI<\/title>\n<meta name=\"robots\" content=\"index, follow, max-snippet:-1, max-image-preview:large, max-video-preview:-1\" \/>\n<link rel=\"canonical\" href=\"https:\/\/chaire-eti.org\/es\/partenaires\/\" \/>\n<meta property=\"og:locale\" content=\"es_ES\" \/>\n<meta property=\"og:type\" content=\"article\" \/>\n<meta property=\"og:title\" content=\"Ser un COLABORADOR - Chaire ETI\" \/>\n<meta property=\"og:description\" content=\"COLABORADORES Colaboradores Enfoques posibles para la c\u00e1tedra de la Sorbonne IAE La c\u00e1tedra es un lugar de reflexi\u00f3n, de cooperaci\u00f3n y de trabajo cient\u00edfico, acad\u00e9mico y profesional en torno a la tem\u00e1tica: Empresariado, Territorio, Innovaci\u00f3n. . Ofrece a sus miembros un espacio amplio para desarrollar juntos acciones, recurriendo a los recursos de la [&hellip;]\" \/>\n<meta property=\"og:url\" content=\"https:\/\/chaire-eti.org\/es\/partenaires\/\" \/>\n<meta property=\"og:site_name\" content=\"Chaire ETI\" \/>\n<meta property=\"article:modified_time\" content=\"2018-03-08T13:32:19+00:00\" \/>\n<meta name=\"author\" content=\"admin9390\" \/>\n<meta name=\"twitter:card\" content=\"summary_large_image\" \/>\n<meta name=\"twitter:label1\" content=\"Tiempo de lectura\" \/>\n\t<meta name=\"twitter:data1\" content=\"7 minutos\" \/>\n<script type=\"application\/ld+json\" class=\"yoast-schema-graph\">{\"@context\":\"https:\/\/schema.org\",\"@graph\":[{\"@type\":\"WebSite\",\"@id\":\"https:\/\/chaire-eti.org\/pt-br\/#website\",\"url\":\"https:\/\/chaire-eti.org\/pt-br\/\",\"name\":\"Chaire ETI\",\"description\":\"Entrepreneuriat, Territoire, Innovation\",\"potentialAction\":[{\"@type\":\"SearchAction\",\"target\":{\"@type\":\"EntryPoint\",\"urlTemplate\":\"https:\/\/chaire-eti.org\/pt-br\/?s={search_term_string}\"},\"query-input\":\"required name=search_term_string\"}],\"inLanguage\":\"es\"},{\"@type\":\"WebPage\",\"@id\":\"https:\/\/chaire-eti.org\/es\/partenaires\/#webpage\",\"url\":\"https:\/\/chaire-eti.org\/es\/partenaires\/\",\"name\":\"Ser un COLABORADOR - Chaire ETI\",\"isPartOf\":{\"@id\":\"https:\/\/chaire-eti.org\/pt-br\/#website\"},\"datePublished\":\"2018-01-07T14:16:23+00:00\",\"dateModified\":\"2018-03-08T13:32:19+00:00\",\"breadcrumb\":{\"@id\":\"https:\/\/chaire-eti.org\/es\/partenaires\/#breadcrumb\"},\"inLanguage\":\"es\",\"potentialAction\":[{\"@type\":\"ReadAction\",\"target\":[\"https:\/\/chaire-eti.org\/es\/partenaires\/\"]}]},{\"@type\":\"BreadcrumbList\",\"@id\":\"https:\/\/chaire-eti.org\/es\/partenaires\/#breadcrumb\",\"itemListElement\":[{\"@type\":\"ListItem\",\"position\":1,\"name\":\"Accueil\",\"item\":\"https:\/\/chaire-eti.org\/es\/\"},{\"@type\":\"ListItem\",\"position\":2,\"name\":\"Ser un COLABORADOR\"}]}]}<\/script>\n<!-- \/ Yoast SEO plugin. -->","yoast_head_json":{"title":"Ser un COLABORADOR - Chaire ETI","robots":{"index":"index","follow":"follow","max-snippet":"max-snippet:-1","max-image-preview":"max-image-preview:large","max-video-preview":"max-video-preview:-1"},"canonical":"https:\/\/chaire-eti.org\/es\/partenaires\/","og_locale":"es_ES","og_type":"article","og_title":"Ser un COLABORADOR - Chaire ETI","og_description":"COLABORADORES Colaboradores Enfoques posibles para la c\u00e1tedra de la Sorbonne IAE La c\u00e1tedra es un lugar de reflexi\u00f3n, de cooperaci\u00f3n y de trabajo cient\u00edfico, acad\u00e9mico y profesional en torno a la tem\u00e1tica: Empresariado, Territorio, Innovaci\u00f3n. . Ofrece a sus miembros un espacio amplio para desarrollar juntos acciones, recurriendo a los recursos de la [&hellip;]","og_url":"https:\/\/chaire-eti.org\/es\/partenaires\/","og_site_name":"Chaire ETI","article_modified_time":"2018-03-08T13:32:19+00:00","author":"admin9390","twitter_card":"summary_large_image","twitter_misc":{"Tiempo de lectura":"7 minutos"},"schema":{"@context":"https:\/\/schema.org","@graph":[{"@type":"WebSite","@id":"https:\/\/chaire-eti.org\/pt-br\/#website","url":"https:\/\/chaire-eti.org\/pt-br\/","name":"Chaire ETI","description":"Entrepreneuriat, Territoire, Innovation","potentialAction":[{"@type":"SearchAction","target":{"@type":"EntryPoint","urlTemplate":"https:\/\/chaire-eti.org\/pt-br\/?s={search_term_string}"},"query-input":"required name=search_term_string"}],"inLanguage":"es"},{"@type":"WebPage","@id":"https:\/\/chaire-eti.org\/es\/partenaires\/#webpage","url":"https:\/\/chaire-eti.org\/es\/partenaires\/","name":"Ser un COLABORADOR - Chaire ETI","isPartOf":{"@id":"https:\/\/chaire-eti.org\/pt-br\/#website"},"datePublished":"2018-01-07T14:16:23+00:00","dateModified":"2018-03-08T13:32:19+00:00","breadcrumb":{"@id":"https:\/\/chaire-eti.org\/es\/partenaires\/#breadcrumb"},"inLanguage":"es","potentialAction":[{"@type":"ReadAction","target":["https:\/\/chaire-eti.org\/es\/partenaires\/"]}]},{"@type":"BreadcrumbList","@id":"https:\/\/chaire-eti.org\/es\/partenaires\/#breadcrumb","itemListElement":[{"@type":"ListItem","position":1,"name":"Accueil","item":"https:\/\/chaire-eti.org\/es\/"},{"@type":"ListItem","position":2,"name":"Ser un COLABORADOR"}]}]}},"_links":{"self":[{"href":"https:\/\/chaire-eti.org\/es\/wp-json\/wp\/v2\/pages\/828\/"}],"collection":[{"href":"https:\/\/chaire-eti.org\/es\/wp-json\/wp\/v2\/pages\/"}],"about":[{"href":"https:\/\/chaire-eti.org\/es\/wp-json\/wp\/v2\/types\/page\/"}],"author":[{"embeddable":true,"href":"https:\/\/chaire-eti.org\/es\/wp-json\/wp\/v2\/users\/1\/"}],"replies":[{"embeddable":true,"href":"https:\/\/chaire-eti.org\/es\/wp-json\/wp\/v2\/comments\/?post=828"}],"version-history":[{"count":6,"href":"https:\/\/chaire-eti.org\/es\/wp-json\/wp\/v2\/pages\/828\/revisions\/"}],"predecessor-version":[{"id":983,"href":"https:\/\/chaire-eti.org\/es\/wp-json\/wp\/v2\/pages\/828\/revisions\/983\/"}],"wp:attachment":[{"href":"https:\/\/chaire-eti.org\/es\/wp-json\/wp\/v2\/media\/?parent=828"}],"curies":[{"name":"wp","href":"https:\/\/api.w.org\/{rel}","templated":true}]}}