{"id":1046,"date":"2017-11-22T18:18:27","date_gmt":"2017-11-22T17:18:27","guid":{"rendered":"https:\/\/chaire-eti.org\/accueil\/"},"modified":"2018-05-22T07:49:57","modified_gmt":"2018-05-22T05:49:57","slug":"accueil","status":"publish","type":"page","link":"https:\/\/chaire-eti.org\/pt-br\/","title":{"rendered":"Home"},"content":{"rendered":"<p>[et_pb_section bb_built=&#8221;1&#8243; fullwidth=&#8221;on&#8221; specialty=&#8221;off&#8221; _builder_version=&#8221;3.0.96&#8243; background_video_mp4=&#8221;https:\/\/chaire-eti.org\/wp-content\/uploads\/2018\/01\/la-sorbonne-chaire-eti.mp4&#8243; background_video_width=&#8221;960&#8243; background_video_height=&#8221;540&#8243; background_video_webm=&#8221;https:\/\/chaire-eti.org\/wp-content\/uploads\/2018\/01\/la-sorbonne-chaire-eti.webm&#8221; background_image=&#8221;https:\/\/chaire-eti.org\/wp-content\/uploads\/2018\/01\/la-sorbonne-chaire-eti.jpg&#8221; next_background_color=&#8221;#ffffff&#8221;][et_pb_fullwidth_header _builder_version=&#8221;3.0.106&#8243; text_orientation=&#8221;left&#8221; header_fullscreen=&#8221;on&#8221; header_scroll_down=&#8221;on&#8221; image_orientation=&#8221;center&#8221; background_layout=&#8221;light&#8221; content_orientation=&#8221;center&#8221; title_font_size=&#8221;36px&#8221; title_text_color=&#8221;#ffffff&#8221; custom_button_two=&#8221;off&#8221; button_two_icon_placement=&#8221;right&#8221; custom_button_one=&#8221;off&#8221; button_one_icon_placement=&#8221;right&#8221; title_font=&#8221;|300|||||||&#8221; scroll_down_icon=&#8221;%%0%%&#8221; scroll_down_icon_color=&#8221;#44b7d4&#8243; scroll_down_icon_size=&#8221;40px&#8221; content_text_color=&#8221;#44b7d4&#8243; background_color=&#8221;rgba(255, 255, 255, 0)&#8221;]<\/p>\n<h1>C\u00c1TEDRA<br \/>\n<strong>Empreendedorismo<br \/>\nTerrit\u00d3rio<br \/>\nInova\u00e7\u00e3o<\/strong><\/h1>\n<p>Repensar a inova\u00e7\u00e3o e a disrup\u00e7\u00e3o nos territ\u00f3rios<br \/>\npara ser fonte de cria\u00e7\u00e3o de valor econ\u00f4mico, social e ecol\u00f3gico.<\/p>\n<p>[\/et_pb_fullwidth_header][\/et_pb_section][et_pb_section bb_built=&#8221;1&#8243; fullwidth=&#8221;off&#8221; specialty=&#8221;off&#8221; prev_background_color=&#8221;#000000&#8243; next_background_color=&#8221;#000000&#8243;][et_pb_row][et_pb_column type=&#8221;1_3&#8243;][et_pb_image _builder_version=&#8221;3.0.89&#8243; src=&#8221;https:\/\/chaire-eti.org\/wp-content\/uploads\/2017\/11\/cercles-chaire-eti.png&#8221; show_in_lightbox=&#8221;off&#8221; url_new_window=&#8221;off&#8221; use_overlay=&#8221;off&#8221; always_center_on_mobile=&#8221;on&#8221; force_fullwidth=&#8221;off&#8221; show_bottom_space=&#8221;on&#8221; max_width=&#8221;90%&#8221; disabled=&#8221;off&#8221; disabled_on=&#8221;on|on|&#8221; \/][\/et_pb_column][et_pb_column type=&#8221;2_3&#8243;][et_pb_text admin_label=&#8221;NOSSA INSPIRA\u00c7\u00c3O&#8221; _builder_version=&#8221;3.0.106&#8243; background_layout=&#8221;light&#8221; header_2_font=&#8221;|300||on|||||&#8221; header_2_font_size=&#8221;32px&#8221; header_2_text_color=&#8221;#44b7d4&#8243; header_font_size=&#8221;32px&#8221; saved_tabs=&#8221;all&#8221;]<\/p>\n<h2>NOSSA <strong>INSPIRA\u00c7\u00c3O<\/strong><\/h2>\n<p>[\/et_pb_text][et_pb_text _builder_version=&#8221;3.0.106&#8243; background_layout=&#8221;light&#8221;]<\/p>\n<p><strong>O mundo muda<\/strong>. A converg\u00eancia entre um mundo urbanizado e a hiper conectividade veio subverter a maneira de viver e de empreender em nossos territ\u00f3rios. \u00a0Neste mundo em transi\u00e7\u00e3o, complexo e interdependente, n\u00f3s devemos <strong>repensar os v\u00ednculos entre economia, territ\u00f3rio e sociedade<\/strong>.<\/p>\n<p>Disrup\u00e7\u00e3o, serviciza\u00e7\u00e3o, desmaterializa\u00e7\u00e3o, ecossistema, inova\u00e7\u00e3o inclusiva, sustentabilidade, economia colaborativa, ubiquidade, reputa\u00e7\u00e3o social s\u00e3o realidades que \u00e9 preciso conhecer para construir a mudan\u00e7a.<\/p>\n<p>[\/et_pb_text][et_pb_button admin_label=&#8221;Ler mais&#8221; _builder_version=&#8221;3.0.106&#8243; button_text=&#8221;Ler mais&#8221; button_url=&#8221;\/pt-br\/la-chaire\/&#8221; url_new_window=&#8221;off&#8221; button_alignment=&#8221;left&#8221; background_layout=&#8221;dark&#8221; custom_button=&#8221;on&#8221; button_text_size=&#8221;15&#8243; button_text_color=&#8221;#ffffff&#8221; button_bg_color=&#8221;#043f54&#8243; button_border_radius=&#8221;24&#8243; button_icon_placement=&#8221;right&#8221; button_bg_color_hover=&#8221;#44b7d4&#8243; button_font=&#8221;|600||on|||||&#8221; custom_padding=&#8221;10px|26px|10px|26px&#8221; saved_tabs=&#8221;all&#8221; \/][\/et_pb_column][\/et_pb_row][\/et_pb_section][et_pb_section bb_built=&#8221;1&#8243; fullwidth=&#8221;off&#8221; specialty=&#8221;off&#8221; _builder_version=&#8221;3.0.96&#8243; background_image=&#8221;https:\/\/chaire-eti.org\/wp-content\/uploads\/2017\/11\/chaire-eti-sorbonne-homepage.jpg&#8221; custom_padding=&#8221;100px||100px|&#8221; parallax=&#8221;on&#8221; prev_background_color=&#8221;#ffffff&#8221; next_background_color=&#8221;#ffffff&#8221;][et_pb_row][et_pb_column type=&#8221;4_4&#8243;][et_pb_text admin_label=&#8221;Inspiring transformation, enabling disruption&#8221; _builder_version=&#8221;3.0.96&#8243; background_layout=&#8221;light&#8221; header_2_font=&#8221;|300||on|||||&#8221; header_2_text_align=&#8221;left&#8221; header_2_font_size=&#8221;36px&#8221; header_2_text_color=&#8221;#ffffff&#8221;]<\/p>\n<h2>Inspiring <strong>transformation<\/strong>,<br \/>\nenabling <strong>disruption<\/strong><\/h2>\n<p>[\/et_pb_text][\/et_pb_column][\/et_pb_row][\/et_pb_section][et_pb_section bb_built=&#8221;1&#8243; fullwidth=&#8221;off&#8221; specialty=&#8221;off&#8221; prev_background_color=&#8221;#000000&#8243;][et_pb_row _builder_version=&#8221;3.3.1&#8243; use_custom_gutter=&#8221;on&#8221; gutter_width=&#8221;2&#8243;][et_pb_column type=&#8221;4_4&#8243;][et_pb_text admin_label=&#8221;Ev\u00e9nements&#8221; _builder_version=&#8221;3.0.106&#8243; background_layout=&#8221;light&#8221; header_2_font=&#8221;|300||on|||||&#8221; header_2_font_size=&#8221;32px&#8221; header_2_text_color=&#8221;#44b7d4&#8243; header_font_size=&#8221;32px&#8221;]<\/p>\n<h2><strong>Atualidades<\/strong><\/h2>\n<p>[\/et_pb_text][et_pb_blog _builder_version=&#8221;3.3.1&#8243; posts_number=&#8221;3&#8243; include_categories=&#8221;17&#8243; meta_date=&#8221;j M Y&#8221; show_author=&#8221;off&#8221; show_categories=&#8221;off&#8221; show_pagination=&#8221;off&#8221; fullwidth=&#8221;off&#8221; pagination_font_size_tablet=&#8221;51&#8243; pagination_line_height_tablet=&#8221;2&#8243; \/][et_pb_text admin_label=&#8221;Ev\u00e9nements&#8221; _builder_version=&#8221;3.0.106&#8243; background_layout=&#8221;light&#8221; header_2_font=&#8221;|300||on|||||&#8221; header_2_font_size=&#8221;32px&#8221; header_2_text_color=&#8221;#44b7d4&#8243; header_font_size=&#8221;32px&#8221;]<\/p>\n<h2>Nossos <strong>eventos<\/strong><\/h2>\n<p>[\/et_pb_text][et_pb_text _builder_version=&#8221;3.3.1&#8243;]<\/p>\n<div id='evcal_calendar_690' class='ajde_evcal_calendar ' ><div class='evo-data' data-cyear=\"2026\" data-cmonth=\"4\" data-runajax=\"1\" data-evc_open=\"0\" data-cal_ver=\"2.6.6\" data-mapscroll=\"true\" data-mapformat=\"roadmap\" data-mapzoom=\"18\" data-mapiconurl=\"\" data-ev_cnt=\"0\" data-show_limit=\"no\" data-tiles=\"no\" data-sort_by=\"sort_date\" data-filters_on=\"false\" data-range_start=\"0\" data-range_end=\"0\" data-send_unix=\"0\" data-ux_val=\"0\" data-accord=\"0\" data-rtl=\"no\"  ><\/div><div id='evcal_head' class='calendar_header ' ><div class='evo_cal_above'><span class='evo-gototoday-btn' style='display:none' data-mo='4' data-yr='2026' data-dy=''>Current Month<\/span><\/div><div class='evo_cal_above_content'><\/div><p id='evcal_cur' class='evo_month_title'> april, 26<\/p><p class='evo_arrows'><span id='evcal_prev' class='evcal_arrows evcal_btn_prev' ><i class='fa fa-angle-left'><\/i><\/span><span id='evcal_next' class='evcal_arrows evcal_btn_next' ><i class='fa fa-angle-right'><\/i><\/span><\/p><div class='cal_arguments' style='display:none' data-hide_past=\"no\" data-show_et_ft_img=\"no\" data-event_order=\"ASC\" data-ft_event_priority=\"no\" data-lang=\"L1\" data-month_incre=\"0\" data-only_ft=\"no\" data-evc_open=\"no\" data-show_limit=\"no\" data-etc_override=\"no\" data-show_limit_redir=\"0\" data-tiles=\"no\" data-tile_height=\"0\" data-tile_bg=\"0\" data-tile_count=\"2\" data-tile_style=\"0\" data-s=\"\" data-members_only=\"no\" data-ux_val=\"0\" data-show_limit_ajax=\"no\" data-show_limit_paged=\"1\" data-hide_mult_occur=\"no\" data-show_repeats=\"no\" ><\/div><div class='clear'><\/div><\/div><div class='eventon_sorting_section' style='display:none'><div class='eventon_filter_line '><div class='eventon_filter' data-filter_field='event_type' data-filter_val='all' data-filter_type='tax' data-fl_o='IN'><\/div><div class='eventon_filter' data-filter_field='event_type_2' data-filter_val='all' data-filter_type='tax' data-fl_o='IN'><\/div><div class='eventon_filter' data-filter_field='event_type_3' data-filter_val='all' data-filter_type='tax' data-fl_o='IN'><\/div><div class='eventon_filter' data-filter_field='event_type_4' data-filter_val='all' data-filter_type='tax' data-fl_o='IN'><\/div><div class='eventon_filter' data-filter_field='event_type_5' data-filter_val='all' data-filter_type='tax' data-fl_o='IN'><\/div><div class='eventon_filter' data-filter_field='event_location' data-filter_val='all' data-filter_type='tax' data-fl_o='IN'><\/div><div class='eventon_filter' data-filter_field='event_organizer' data-filter_val='all' data-filter_type='tax' data-fl_o='IN'><\/div><\/div><div class='clear'><\/div><\/div><div id='eventon_loadbar_section'><div id='eventon_loadbar'><\/div><\/div><div id='evcal_list' class='eventon_events_list'><div class='eventon_list_event'><p class='no_events' >No Events<\/p><\/div>\t\t\t<div class='clear'><\/div>\r\n\t\t\t<\/div><!-- #evcal_list-->\r\n\t\t\t<div class='clear'><\/div>\r\n\t\r\n\t\t\t\r\n\t\t\t\t\t\t<\/div><!-- .ajde_evcal_calendar-->\r\n\r\n\t\t\t\n<p>[\/et_pb_text][\/et_pb_column][\/et_pb_row][\/et_pb_section]<\/p>\n","protected":false},"excerpt":{"rendered":"<p>[et_pb_section bb_built=&#8221;1&#8243; fullwidth=&#8221;on&#8221; specialty=&#8221;off&#8221; _builder_version=&#8221;3.0.96&#8243; background_video_mp4=&#8221;https:\/\/chaire-eti.org\/wp-content\/uploads\/2018\/01\/la-sorbonne-chaire-eti.mp4&#8243; background_video_width=&#8221;960&#8243; background_video_height=&#8221;540&#8243; background_video_webm=&#8221;https:\/\/chaire-eti.org\/wp-content\/uploads\/2018\/01\/la-sorbonne-chaire-eti.webm&#8221; background_image=&#8221;https:\/\/chaire-eti.org\/wp-content\/uploads\/2018\/01\/la-sorbonne-chaire-eti.jpg&#8221; next_background_color=&#8221;#ffffff&#8221;][et_pb_fullwidth_header _builder_version=&#8221;3.0.106&#8243; text_orientation=&#8221;left&#8221; header_fullscreen=&#8221;on&#8221; header_scroll_down=&#8221;on&#8221; image_orientation=&#8221;center&#8221; background_layout=&#8221;light&#8221; content_orientation=&#8221;center&#8221; title_font_size=&#8221;36px&#8221; title_text_color=&#8221;#ffffff&#8221; custom_button_two=&#8221;off&#8221; button_two_icon_placement=&#8221;right&#8221; custom_button_one=&#8221;off&#8221; button_one_icon_placement=&#8221;right&#8221; title_font=&#8221;|300|||||||&#8221; scroll_down_icon=&#8221;%%0%%&#8221; scroll_down_icon_color=&#8221;#44b7d4&#8243; scroll_down_icon_size=&#8221;40px&#8221; content_text_color=&#8221;#44b7d4&#8243; background_color=&#8221;rgba(255, 255, 255, 0)&#8221;] C\u00c1TEDRA Empreendedorismo Territ\u00d3rio Inova\u00e7\u00e3o Repensar a inova\u00e7\u00e3o e a disrup\u00e7\u00e3o nos territ\u00f3rios para ser fonte de cria\u00e7\u00e3o de valor econ\u00f4mico, social e [&hellip;]<\/p>\n","protected":false},"author":1,"featured_media":0,"parent":0,"menu_order":0,"comment_status":"closed","ping_status":"closed","template":"","meta":{"_et_pb_use_builder":"on","_et_pb_old_content":"","_et_gb_content_width":"","_mi_skip_tracking":false},"yoast_head":"<!-- This site is optimized with the Yoast SEO plugin v19.2 - https:\/\/yoast.com\/wordpress\/plugins\/seo\/ -->\n<title>Home - Chaire ETI<\/title>\n<meta name=\"robots\" content=\"index, follow, max-snippet:-1, max-image-preview:large, max-video-preview:-1\" \/>\n<link rel=\"canonical\" href=\"https:\/\/chaire-eti.org\/pt-br\/\" \/>\n<meta property=\"og:locale\" content=\"pt_BR\" \/>\n<meta property=\"og:type\" content=\"article\" \/>\n<meta property=\"og:title\" content=\"Home - Chaire ETI\" \/>\n<meta property=\"og:description\" content=\"[et_pb_section bb_built=&#8221;1&#8243; fullwidth=&#8221;on&#8221; specialty=&#8221;off&#8221; _builder_version=&#8221;3.0.96&#8243; background_video_mp4=&#8221;https:\/\/chaire-eti.org\/wp-content\/uploads\/2018\/01\/la-sorbonne-chaire-eti.mp4&#8243; background_video_width=&#8221;960&#8243; background_video_height=&#8221;540&#8243; background_video_webm=&#8221;https:\/\/chaire-eti.org\/wp-content\/uploads\/2018\/01\/la-sorbonne-chaire-eti.webm&#8221; background_image=&#8221;https:\/\/chaire-eti.org\/wp-content\/uploads\/2018\/01\/la-sorbonne-chaire-eti.jpg&#8221; next_background_color=&#8221;#ffffff&#8221;][et_pb_fullwidth_header _builder_version=&#8221;3.0.106&#8243; text_orientation=&#8221;left&#8221; header_fullscreen=&#8221;on&#8221; header_scroll_down=&#8221;on&#8221; image_orientation=&#8221;center&#8221; background_layout=&#8221;light&#8221; content_orientation=&#8221;center&#8221; title_font_size=&#8221;36px&#8221; title_text_color=&#8221;#ffffff&#8221; custom_button_two=&#8221;off&#8221; button_two_icon_placement=&#8221;right&#8221; custom_button_one=&#8221;off&#8221; button_one_icon_placement=&#8221;right&#8221; title_font=&#8221;|300|||||||&#8221; scroll_down_icon=&#8221;&#8221; scroll_down_icon_color=&#8221;#44b7d4&#8243; scroll_down_icon_size=&#8221;40px&#8221; content_text_color=&#8221;#44b7d4&#8243; background_color=&#8221;rgba(255, 255, 255, 0)&#8221;] C\u00c1TEDRA Empreendedorismo Territ\u00d3rio Inova\u00e7\u00e3o Repensar a inova\u00e7\u00e3o e a disrup\u00e7\u00e3o nos territ\u00f3rios para ser fonte de cria\u00e7\u00e3o de valor econ\u00f4mico, social e [&hellip;]\" \/>\n<meta property=\"og:url\" content=\"https:\/\/chaire-eti.org\/pt-br\/\" \/>\n<meta property=\"og:site_name\" content=\"Chaire ETI\" \/>\n<meta property=\"article:modified_time\" content=\"2018-05-22T05:49:57+00:00\" \/>\n<meta name=\"author\" content=\"admin9390\" \/>\n<meta name=\"twitter:card\" content=\"summary_large_image\" \/>\n<meta name=\"twitter:label1\" content=\"Est. tempo de leitura\" \/>\n\t<meta name=\"twitter:data1\" content=\"3 minutos\" \/>\n<script type=\"application\/ld+json\" class=\"yoast-schema-graph\">{\"@context\":\"https:\/\/schema.org\",\"@graph\":[{\"@type\":\"WebSite\",\"@id\":\"https:\/\/chaire-eti.org\/#website\",\"url\":\"https:\/\/chaire-eti.org\/\",\"name\":\"Chaire ETI\",\"description\":\"Entrepreneuriat, Territoire, Innovation\",\"potentialAction\":[{\"@type\":\"SearchAction\",\"target\":{\"@type\":\"EntryPoint\",\"urlTemplate\":\"https:\/\/chaire-eti.org\/?s={search_term_string}\"},\"query-input\":\"required name=search_term_string\"}],\"inLanguage\":\"pt-BR\"},{\"@type\":\"WebPage\",\"@id\":\"https:\/\/chaire-eti.org\/pt-br\/#webpage\",\"url\":\"https:\/\/chaire-eti.org\/pt-br\/\",\"name\":\"Home - Chaire ETI\",\"isPartOf\":{\"@id\":\"https:\/\/chaire-eti.org\/#website\"},\"datePublished\":\"2017-11-22T17:18:27+00:00\",\"dateModified\":\"2018-05-22T05:49:57+00:00\",\"breadcrumb\":{\"@id\":\"https:\/\/chaire-eti.org\/pt-br\/#breadcrumb\"},\"inLanguage\":\"pt-BR\",\"potentialAction\":[{\"@type\":\"ReadAction\",\"target\":[\"https:\/\/chaire-eti.org\/pt-br\/\"]}]},{\"@type\":\"BreadcrumbList\",\"@id\":\"https:\/\/chaire-eti.org\/pt-br\/#breadcrumb\",\"itemListElement\":[{\"@type\":\"ListItem\",\"position\":1,\"name\":\"Accueil\",\"item\":\"https:\/\/chaire-eti.org\/pt-br\/\"},{\"@type\":\"ListItem\",\"position\":2,\"name\":\"Home\"}]}]}<\/script>\n<!-- \/ Yoast SEO plugin. -->","yoast_head_json":{"title":"Home - Chaire ETI","robots":{"index":"index","follow":"follow","max-snippet":"max-snippet:-1","max-image-preview":"max-image-preview:large","max-video-preview":"max-video-preview:-1"},"canonical":"https:\/\/chaire-eti.org\/pt-br\/","og_locale":"pt_BR","og_type":"article","og_title":"Home - Chaire ETI","og_description":"[et_pb_section bb_built=&#8221;1&#8243; fullwidth=&#8221;on&#8221; specialty=&#8221;off&#8221; _builder_version=&#8221;3.0.96&#8243; background_video_mp4=&#8221;https:\/\/chaire-eti.org\/wp-content\/uploads\/2018\/01\/la-sorbonne-chaire-eti.mp4&#8243; background_video_width=&#8221;960&#8243; background_video_height=&#8221;540&#8243; background_video_webm=&#8221;https:\/\/chaire-eti.org\/wp-content\/uploads\/2018\/01\/la-sorbonne-chaire-eti.webm&#8221; background_image=&#8221;https:\/\/chaire-eti.org\/wp-content\/uploads\/2018\/01\/la-sorbonne-chaire-eti.jpg&#8221; next_background_color=&#8221;#ffffff&#8221;][et_pb_fullwidth_header _builder_version=&#8221;3.0.106&#8243; text_orientation=&#8221;left&#8221; header_fullscreen=&#8221;on&#8221; header_scroll_down=&#8221;on&#8221; image_orientation=&#8221;center&#8221; background_layout=&#8221;light&#8221; content_orientation=&#8221;center&#8221; title_font_size=&#8221;36px&#8221; title_text_color=&#8221;#ffffff&#8221; custom_button_two=&#8221;off&#8221; button_two_icon_placement=&#8221;right&#8221; custom_button_one=&#8221;off&#8221; button_one_icon_placement=&#8221;right&#8221; title_font=&#8221;|300|||||||&#8221; scroll_down_icon=&#8221;&#8221; scroll_down_icon_color=&#8221;#44b7d4&#8243; scroll_down_icon_size=&#8221;40px&#8221; content_text_color=&#8221;#44b7d4&#8243; background_color=&#8221;rgba(255, 255, 255, 0)&#8221;] C\u00c1TEDRA Empreendedorismo Territ\u00d3rio Inova\u00e7\u00e3o Repensar a inova\u00e7\u00e3o e a disrup\u00e7\u00e3o nos territ\u00f3rios para ser fonte de cria\u00e7\u00e3o de valor econ\u00f4mico, social e [&hellip;]","og_url":"https:\/\/chaire-eti.org\/pt-br\/","og_site_name":"Chaire ETI","article_modified_time":"2018-05-22T05:49:57+00:00","author":"admin9390","twitter_card":"summary_large_image","twitter_misc":{"Est. tempo de leitura":"3 minutos"},"schema":{"@context":"https:\/\/schema.org","@graph":[{"@type":"WebSite","@id":"https:\/\/chaire-eti.org\/#website","url":"https:\/\/chaire-eti.org\/","name":"Chaire ETI","description":"Entrepreneuriat, Territoire, Innovation","potentialAction":[{"@type":"SearchAction","target":{"@type":"EntryPoint","urlTemplate":"https:\/\/chaire-eti.org\/?s={search_term_string}"},"query-input":"required name=search_term_string"}],"inLanguage":"pt-BR"},{"@type":"WebPage","@id":"https:\/\/chaire-eti.org\/pt-br\/#webpage","url":"https:\/\/chaire-eti.org\/pt-br\/","name":"Home - Chaire ETI","isPartOf":{"@id":"https:\/\/chaire-eti.org\/#website"},"datePublished":"2017-11-22T17:18:27+00:00","dateModified":"2018-05-22T05:49:57+00:00","breadcrumb":{"@id":"https:\/\/chaire-eti.org\/pt-br\/#breadcrumb"},"inLanguage":"pt-BR","potentialAction":[{"@type":"ReadAction","target":["https:\/\/chaire-eti.org\/pt-br\/"]}]},{"@type":"BreadcrumbList","@id":"https:\/\/chaire-eti.org\/pt-br\/#breadcrumb","itemListElement":[{"@type":"ListItem","position":1,"name":"Accueil","item":"https:\/\/chaire-eti.org\/pt-br\/"},{"@type":"ListItem","position":2,"name":"Home"}]}]}},"_links":{"self":[{"href":"https:\/\/chaire-eti.org\/pt-br\/wp-json\/wp\/v2\/pages\/1046\/"}],"collection":[{"href":"https:\/\/chaire-eti.org\/pt-br\/wp-json\/wp\/v2\/pages\/"}],"about":[{"href":"https:\/\/chaire-eti.org\/pt-br\/wp-json\/wp\/v2\/types\/page\/"}],"author":[{"embeddable":true,"href":"https:\/\/chaire-eti.org\/pt-br\/wp-json\/wp\/v2\/users\/1\/"}],"replies":[{"embeddable":true,"href":"https:\/\/chaire-eti.org\/pt-br\/wp-json\/wp\/v2\/comments\/?post=1046"}],"version-history":[{"count":4,"href":"https:\/\/chaire-eti.org\/pt-br\/wp-json\/wp\/v2\/pages\/1046\/revisions\/"}],"predecessor-version":[{"id":1697,"href":"https:\/\/chaire-eti.org\/pt-br\/wp-json\/wp\/v2\/pages\/1046\/revisions\/1697\/"}],"wp:attachment":[{"href":"https:\/\/chaire-eti.org\/pt-br\/wp-json\/wp\/v2\/media\/?parent=1046"}],"curies":[{"name":"wp","href":"https:\/\/api.w.org\/{rel}","templated":true}]}}