{"id":1052,"date":"2018-01-07T15:16:55","date_gmt":"2018-01-07T14:16:55","guid":{"rendered":"https:\/\/chaire-eti.org\/la-chaire\/"},"modified":"2018-03-30T11:01:44","modified_gmt":"2018-03-30T09:01:44","slug":"la-chaire","status":"publish","type":"page","link":"https:\/\/chaire-eti.org\/pt-br\/la-chaire\/","title":{"rendered":"A C\u00c1TEDRA"},"content":{"rendered":"<p>[et_pb_section bb_built=&#8221;1&#8243; _builder_version=&#8221;3.0.92&#8243; background_image=&#8221;https:\/\/chaire-eti.org\/wp-content\/uploads\/2017\/11\/chaire-eti-sorbonne-parallaxe.jpg&#8221; next_background_color=&#8221;#000000&#8243;][et_pb_row][et_pb_column type=&#8221;4_4&#8243;][et_pb_text admin_label=&#8221;Quem somos?&#8221; _builder_version=&#8221;3.0.106&#8243; background_layout=&#8221;dark&#8221; header_font=&#8221;|700|||||||&#8221; header_font_size=&#8221;36px&#8221; header_2_font=&#8221;|300|||||||&#8221;]<\/p>\n<h1>A C\u00c1TEDRA<\/h1>\n<h2>Quem somos?<\/h2>\n<p>[\/et_pb_text][\/et_pb_column][\/et_pb_row][\/et_pb_section][et_pb_section bb_built=&#8221;1&#8243; fullwidth=&#8221;off&#8221; specialty=&#8221;off&#8221; prev_background_color=&#8221;#000000&#8243; next_background_color=&#8221;#f6f6f6&#8243;][et_pb_row][et_pb_column type=&#8221;1_3&#8243;][et_pb_text admin_label=&#8221;Nossa INSPIRA\u00c7\u00c3O&#8221; _builder_version=&#8221;3.0.106&#8243; background_layout=&#8221;light&#8221; header_2_font=&#8221;|300||on|||||&#8221; header_2_font_size=&#8221;36px&#8221; header_2_text_color=&#8221;#44b7d4&#8243; header_font_size=&#8221;36px&#8221; saved_tabs=&#8221;all&#8221; header_font=&#8221;|700|||||||&#8221; header_text_color=&#8221;#44b7d4&#8243; header_line_height=&#8221;1.3em&#8221; header_2_line_height=&#8221;1.3em&#8221;]<\/p>\n<h2>Nossa<\/h2>\n<h1>INSPIRA\u00c7\u00c3O<\/h1>\n<p>[\/et_pb_text][\/et_pb_column][et_pb_column type=&#8221;2_3&#8243;][et_pb_text _builder_version=&#8221;3.0.106&#8243; background_layout=&#8221;light&#8221;]<\/p>\n<p><strong>O mundo muda<\/strong>. A converg\u00eancia de um mundo urbanizado com a hiper conectividade veio subverter a maneira de viver e de empreender em nossos territ\u00f3rios. Lugares de vida e de trocas onde se cruzam uma multitude de necessidades e de usos sociais, nenhuma componente escapa \u00e0 essa transforma\u00e7\u00e3o. As revolu\u00e7\u00f5es s\u00e3o m\u00faltiplas e nos obrigam a nos interrogar mais profundamente sobre: <strong>muta\u00e7\u00f5es tecnol\u00f3gicas <\/strong>(o digital e suas implica\u00e7\u00f5es<strong>), o desafio ecol\u00f3gico<\/strong> (mudan\u00e7a clim\u00e1tica e desenvolvimento sustent\u00e1vel), <strong>novas vidas urbanas<\/strong> (smart cities, smart citizens), <strong>quest\u00f5es culturais e sociais<\/strong> (gera\u00e7\u00e3o Z, a chamada \u201csilver economia\u201d), <strong>novos modelos econ\u00f4micos e de governan\u00e7a<\/strong>, &#8230;<\/p>\n<p>Nesse mundo em transi\u00e7\u00e3o, complexo e interdependente, temos de repensar os v\u00ednculos entre economia, territ\u00f3rio e sociedade. As Empresas e os poderes p\u00fablicos, nacionais e locais devem considerar essas mudan\u00e7as para sobreviver: a cria\u00e7\u00e3o de valor assume formas diferentes, os modelos de neg\u00f3cios se renovam, e as organiza\u00e7\u00f5es se reinventam \u2013 tanto internamente quanto nas suas rela\u00e7\u00f5es com clientes, fornecedores, territ\u00f3rio, empregados, m\u00eddias sociais.<\/p>\n<p>Nesse contexto, todos os atores devem se reposicionar e desenvolver capacidades in\u00e9ditas de adapta\u00e7\u00e3o e de aprendizagem. <strong>Disrup\u00e7\u00e3o, serviciza\u00e7\u00e3o, desmaterializa\u00e7\u00e3o, ecossistema, inova\u00e7\u00e3o inclusiva, sustentabilidade, economia colaborativa, ubiquidade, reputa\u00e7\u00e3o social s\u00e3o realidades que \u00e9 preciso conhecer para construir a mudan\u00e7a.<\/strong><\/p>\n<p>[\/et_pb_text][\/et_pb_column][\/et_pb_row][\/et_pb_section][et_pb_section bb_built=&#8221;1&#8243; fullwidth=&#8221;off&#8221; specialty=&#8221;off&#8221; _builder_version=&#8221;3.0.92&#8243; background_color=&#8221;#f6f6f6&#8243; prev_background_color=&#8221;#ffffff&#8221; next_background_color=&#8221;#091f27&#8243;][et_pb_row][et_pb_column type=&#8221;4_4&#8243;][et_pb_text admin_label=&#8221;Repensar os lugares de inova\u00e7\u00e3o &#8221; _builder_version=&#8221;3.0.106&#8243; background_layout=&#8221;light&#8221; header_text_align=&#8221;center&#8221; header_font=&#8221;|300||on|||||&#8221; header_font_size=&#8221;36px&#8221; header_text_color=&#8221;#44b7d4&#8243; header_line_height=&#8221;1.3em&#8221;]<\/p>\n<h1>Repensar os lugares de <strong>inova\u00e7\u00e3o<\/strong> e de <strong>empreendedorismo<\/strong> em nossos <strong>territ\u00f3rios<\/strong><\/h1>\n<p>[\/et_pb_text][\/et_pb_column][\/et_pb_row][et_pb_row][et_pb_column type=&#8221;1_3&#8243;][et_pb_image _builder_version=&#8221;3.0.92&#8243; src=&#8221;https:\/\/chaire-eti.org\/wp-content\/uploads\/2018\/01\/innovate-chaire-eti.png&#8221; show_in_lightbox=&#8221;off&#8221; url_new_window=&#8221;off&#8221; use_overlay=&#8221;off&#8221; always_center_on_mobile=&#8221;on&#8221; force_fullwidth=&#8221;off&#8221; show_bottom_space=&#8221;on&#8221; max_width=&#8221;50%&#8221; align=&#8221;center&#8221; \/][et_pb_text admin_label=&#8221;Innover&#8221; _builder_version=&#8221;3.0.106&#8243; background_layout=&#8221;light&#8221; text_orientation=&#8221;center&#8221; header_text_align=&#8221;center&#8221; header_font_size=&#8221;32px&#8221; header_line_height=&#8221;1.5em&#8221; text_line_height=&#8221;1.5em&#8221; header_font=&#8221;|700|||||||&#8221;]<\/p>\n<h1>Inovar<\/h1>\n<p>Reinventar as pr\u00e1ticas e os lugares de inova\u00e7\u00e3o e de empreendedorismo no seio das organiza\u00e7\u00f5es; cultivar din\u00e2micas criativas e de inova\u00e7\u00e3o inclusiva.<\/p>\n<p>[\/et_pb_text][\/et_pb_column][et_pb_column type=&#8221;1_3&#8243;][et_pb_image _builder_version=&#8221;3.0.92&#8243; src=&#8221;https:\/\/chaire-eti.org\/wp-content\/uploads\/2018\/01\/entreprendre-chaire-eti.png&#8221; show_in_lightbox=&#8221;off&#8221; url_new_window=&#8221;off&#8221; use_overlay=&#8221;off&#8221; always_center_on_mobile=&#8221;on&#8221; force_fullwidth=&#8221;off&#8221; show_bottom_space=&#8221;on&#8221; max_width=&#8221;50%&#8221; align=&#8221;center&#8221; \/][et_pb_text admin_label=&#8221;Entreprendre&#8221; _builder_version=&#8221;3.0.106&#8243; background_layout=&#8221;light&#8221; text_orientation=&#8221;center&#8221; header_text_align=&#8221;center&#8221; header_font_size=&#8221;32px&#8221; header_line_height=&#8221;1.5em&#8221; text_line_height=&#8221;1.5em&#8221; header_font=&#8221;|700|||||||&#8221;]<\/p>\n<h1>EMPREENDER<\/h1>\n<p>Se renovar \u2013 co-construir seu entorno, repensar seu modelo de neg\u00f3cios e seu funcionamento.<\/p>\n<p>[\/et_pb_text][\/et_pb_column][et_pb_column type=&#8221;1_3&#8243;][et_pb_image _builder_version=&#8221;3.0.92&#8243; src=&#8221;https:\/\/chaire-eti.org\/wp-content\/uploads\/2018\/01\/territoires-chaire-eti.png&#8221; show_in_lightbox=&#8221;off&#8221; url_new_window=&#8221;off&#8221; use_overlay=&#8221;off&#8221; always_center_on_mobile=&#8221;on&#8221; force_fullwidth=&#8221;off&#8221; show_bottom_space=&#8221;on&#8221; max_width=&#8221;50%&#8221; align=&#8221;center&#8221; \/][et_pb_text admin_label=&#8221;Territoire&#8221; _builder_version=&#8221;3.0.106&#8243; background_layout=&#8221;light&#8221; text_orientation=&#8221;center&#8221; header_text_align=&#8221;center&#8221; header_font_size=&#8221;32px&#8221; header_line_height=&#8221;1.5em&#8221; text_line_height=&#8221;1.5em&#8221; header_font=&#8221;|700|||||||&#8221;]<\/p>\n<h1>TERRiT\u00d3RIO<\/h1>\n<p>Acompanhar as cidades no desenvolvimento de suas atratividades mediante fric\u00e7\u00f5es criativas com ecossistemas eficientes de empreendedorismo, de inova\u00e7\u00e3o, de modos de vida.<\/p>\n<p>[\/et_pb_text][\/et_pb_column][\/et_pb_row][\/et_pb_section][et_pb_section bb_built=&#8221;1&#8243; fullwidth=&#8221;off&#8221; specialty=&#8221;off&#8221; _builder_version=&#8221;3.0.92&#8243; background_color=&#8221;#091f27&#8243; prev_background_color=&#8221;#f6f6f6&#8243; next_background_color=&#8221;#ffffff&#8221;][et_pb_row][et_pb_column type=&#8221;1_3&#8243;][et_pb_text admin_label=&#8221;Notre Vocation&#8221; _builder_version=&#8221;3.0.106&#8243; background_layout=&#8221;light&#8221; header_2_font=&#8221;|300||on|||||&#8221; header_2_font_size=&#8221;36px&#8221; header_2_text_color=&#8221;#44b7d4&#8243; header_font_size=&#8221;36px&#8221; saved_tabs=&#8221;all&#8221; header_font=&#8221;|700|||||||&#8221; header_text_color=&#8221;#44b7d4&#8243; header_line_height=&#8221;1.3em&#8221; header_2_line_height=&#8221;1.3em&#8221;]<\/p>\n<h2>Nossa<\/h2>\n<h1>voca\u00e7\u00e3o<\/h1>\n<p>[\/et_pb_text][\/et_pb_column][et_pb_column type=&#8221;2_3&#8243;][et_pb_text _builder_version=&#8221;3.0.106&#8243; background_layout=&#8221;dark&#8221;]<\/p>\n<p>Ajudar as organiza\u00e7\u00f5es \u2013 empresas, coletividades ou institui\u00e7\u00f5es \u2013 a decodificar essas revolu\u00e7\u00f5es: antecipar futuras muta\u00e7\u00f5es, dominar os impactos, fortalecer seus modelos de neg\u00f3cios, revitalizar os processos e o saber\u2013ser. <strong>A C\u00e1tedra \u00e9 um espa\u00e7o de encontro, de prospectiva e de reflex\u00e3o coletiva, mas tamb\u00e9m de trocas de experi\u00eancias e de parcerias<\/strong>. Ela visa a desenvolver novas maneiras de empreender para fertilizar nossos territ\u00f3rios. Ela \u00e9 fonte de inova\u00e7\u00e3o, de disrup\u00e7\u00e3o, de novas ideias, de fus\u00f5es disciplinares, cient\u00edficas e culturais. Ela favorece a converg\u00eancia de experi\u00eancias e de novas pr\u00e1ticas. Ela contribui para renovar a cultura de inova\u00e7\u00e3o nos territ\u00f3rios.<\/p>\n<p>[\/et_pb_text][\/et_pb_column][\/et_pb_row][\/et_pb_section][et_pb_section bb_built=&#8221;1&#8243; fullwidth=&#8221;off&#8221; specialty=&#8221;off&#8221; _builder_version=&#8221;3.0.92&#8243; background_image=&#8221;https:\/\/chaire-eti.org\/wp-content\/uploads\/2018\/01\/bg-color.jpg&#8221; prev_background_color=&#8221;#091f27&#8243; next_background_color=&#8221;#000000&#8243;][et_pb_row][et_pb_column type=&#8221;4_4&#8243;][et_pb_text admin_label=&#8221;Notre Offre&#8221; _builder_version=&#8221;3.0.106&#8243; background_layout=&#8221;light&#8221; header_2_font=&#8221;|300||on|||||&#8221; header_2_font_size=&#8221;36px&#8221; header_2_text_color=&#8221;#ffffff&#8221; header_font_size=&#8221;36px&#8221; saved_tabs=&#8221;all&#8221; header_font=&#8221;|300|||||||&#8221; header_text_color=&#8221;#ffffff&#8221; header_line_height=&#8221;1.3em&#8221; header_2_line_height=&#8221;1.3em&#8221; header_text_align=&#8221;center&#8221;]<\/p>\n<h1>NOSSA <strong>OFERTA<\/strong><\/h1>\n<p>[\/et_pb_text][et_pb_blurb _builder_version=&#8221;3.0.106&#8243; url_new_window=&#8221;off&#8221; use_icon=&#8221;on&#8221; font_icon=&#8221;%%43%%&#8221; icon_color=&#8221;#ffffff&#8221; use_circle=&#8221;on&#8221; use_circle_border=&#8221;off&#8221; icon_placement=&#8221;left&#8221; use_icon_font_size=&#8221;off&#8221; background_layout=&#8221;dark&#8221; body_font_size=&#8221;16&#8243; circle_color=&#8221;#44b7d4&#8243; content_max_width=&#8221;600px&#8221;]<\/p>\n<p><strong>Acesso a horizontes de solu\u00e7\u00f5es inovadoras<\/strong> gra\u00e7as \u00e0s pesquisas e estudos desenvolvidos com base em metodologias rigorosas, liderados por equipes reconhecidas e inseridas em redes de <em>experts <\/em>internacionais.<\/p>\n<p>[\/et_pb_blurb][et_pb_blurb admin_label=&#8221;Forma\u00e7\u00f5es certificativas&#8221; _builder_version=&#8221;3.0.106&#8243; url_new_window=&#8221;off&#8221; use_icon=&#8221;on&#8221; font_icon=&#8221;%%43%%&#8221; icon_color=&#8221;#ffffff&#8221; use_circle=&#8221;on&#8221; use_circle_border=&#8221;off&#8221; icon_placement=&#8221;left&#8221; use_icon_font_size=&#8221;off&#8221; background_layout=&#8221;dark&#8221; body_font_size=&#8221;16&#8243; circle_color=&#8221;#44b7d4&#8243; content_max_width=&#8221;600px&#8221;]<\/p>\n<p><strong>Forma\u00e7\u00f5es certificativas<\/strong> (sob medida ou interempresariais \/ coletivas) com oferta de diplomas visando assegurar o desenvolvimento de compet\u00eancias dos colaboradores.<\/p>\n<p>[\/et_pb_blurb][et_pb_blurb admin_label=&#8221;F\u00f3runs, confer\u00eancias, escolas de ver\u00e3o &#8221; _builder_version=&#8221;3.0.106&#8243; url_new_window=&#8221;off&#8221; use_icon=&#8221;on&#8221; font_icon=&#8221;%%43%%&#8221; icon_color=&#8221;#ffffff&#8221; use_circle=&#8221;on&#8221; use_circle_border=&#8221;off&#8221; icon_placement=&#8221;left&#8221; use_icon_font_size=&#8221;off&#8221; background_layout=&#8221;dark&#8221; body_font_size=&#8221;16&#8243; circle_color=&#8221;#44b7d4&#8243; content_max_width=&#8221;600px&#8221;]<\/p>\n<p><strong>F\u00f3runs, confer\u00eancias, escolas de ver\u00e3o ou intersazonais<\/strong>, presenciais ou \u00e0 dist\u00e2ncia.<\/p>\n<p>[\/et_pb_blurb][et_pb_blurb admin_label=&#8221;Sess\u00f5es tem\u00e1ticas de f\u00e1bricas de ideias&#8221; _builder_version=&#8221;3.0.106&#8243; url_new_window=&#8221;off&#8221; use_icon=&#8221;on&#8221; font_icon=&#8221;%%43%%&#8221; icon_color=&#8221;#ffffff&#8221; use_circle=&#8221;on&#8221; use_circle_border=&#8221;off&#8221; icon_placement=&#8221;left&#8221; use_icon_font_size=&#8221;off&#8221; background_layout=&#8221;dark&#8221; body_font_size=&#8221;16&#8243; circle_color=&#8221;#44b7d4&#8243; content_max_width=&#8221;600px&#8221;]<\/p>\n<p>Sess\u00f5es tem\u00e1ticas de <strong>f\u00e1bricas de ideias<\/strong><\/p>\n<p>[\/et_pb_blurb][et_pb_blurb admin_label=&#8221;Desenvolvimento de MOOCs &#8221; _builder_version=&#8221;3.0.106&#8243; url_new_window=&#8221;off&#8221; use_icon=&#8221;on&#8221; font_icon=&#8221;%%43%%&#8221; icon_color=&#8221;#ffffff&#8221; use_circle=&#8221;on&#8221; use_circle_border=&#8221;off&#8221; icon_placement=&#8221;left&#8221; use_icon_font_size=&#8221;off&#8221; background_layout=&#8221;dark&#8221; body_font_size=&#8221;16&#8243; circle_color=&#8221;#44b7d4&#8243; content_max_width=&#8221;600px&#8221;]<\/p>\n<p>Desenvolvimento de <strong>MOOCs e pr\u00e1ticas pedag\u00f3gicas inovadoras<\/strong><\/p>\n<p>[\/et_pb_blurb][et_pb_blurb admin_label=&#8221;\u00ab Learning exploration \u00bb e viagens de estudos&#8221; _builder_version=&#8221;3.0.106&#8243; url_new_window=&#8221;off&#8221; use_icon=&#8221;on&#8221; font_icon=&#8221;%%43%%&#8221; icon_color=&#8221;#ffffff&#8221; use_circle=&#8221;on&#8221; use_circle_border=&#8221;off&#8221; icon_placement=&#8221;left&#8221; use_icon_font_size=&#8221;off&#8221; background_layout=&#8221;dark&#8221; body_font_size=&#8221;16&#8243; circle_color=&#8221;#44b7d4&#8243; content_max_width=&#8221;600px&#8221;]<\/p>\n<p>\u00ab\u00a0Learning exploration\u00a0\u00bb e<strong> viagens de estudos<\/strong><\/p>\n<p>[\/et_pb_blurb][et_pb_blurb admin_label=&#8221;Caf\u00e9 da manh\u00e3 tem\u00e1ticos&#8221; _builder_version=&#8221;3.0.106&#8243; url_new_window=&#8221;off&#8221; use_icon=&#8221;on&#8221; font_icon=&#8221;%%43%%&#8221; icon_color=&#8221;#ffffff&#8221; use_circle=&#8221;on&#8221; use_circle_border=&#8221;off&#8221; icon_placement=&#8221;left&#8221; use_icon_font_size=&#8221;off&#8221; background_layout=&#8221;dark&#8221; body_font_size=&#8221;16&#8243; circle_color=&#8221;#44b7d4&#8243; content_max_width=&#8221;600px&#8221;]<\/p>\n<p><strong>Caf\u00e9s da manh\u00e3<\/strong> tem\u00e1ticos<\/p>\n<p>[\/et_pb_blurb][et_pb_blurb admin_label=&#8221;Publica\u00e7\u00f5es online e plataformas&#8221; _builder_version=&#8221;3.0.106&#8243; url_new_window=&#8221;off&#8221; use_icon=&#8221;on&#8221; font_icon=&#8221;%%43%%&#8221; icon_color=&#8221;#ffffff&#8221; use_circle=&#8221;on&#8221; use_circle_border=&#8221;off&#8221; icon_placement=&#8221;left&#8221; use_icon_font_size=&#8221;off&#8221; background_layout=&#8221;dark&#8221; body_font_size=&#8221;16&#8243; circle_color=&#8221;#44b7d4&#8243; content_max_width=&#8221;600px&#8221;]<\/p>\n<p><strong>Publica\u00e7\u00f5es online<\/strong> e plataformas colaborativas multim\u00eddia de co-cria\u00e7\u00e3o.<\/p>\n<p>[\/et_pb_blurb][\/et_pb_column][\/et_pb_row][\/et_pb_section][et_pb_section bb_built=&#8221;1&#8243; fullwidth=&#8221;off&#8221; specialty=&#8221;off&#8221; prev_background_color=&#8221;#000000&#8243;][et_pb_row][et_pb_column type=&#8221;4_4&#8243;][et_pb_text admin_label=&#8221;Contributions attendues&#8221; _builder_version=&#8221;3.0.106&#8243; background_layout=&#8221;light&#8221; header_text_align=&#8221;center&#8221; header_font=&#8221;|300||on|||||&#8221; header_font_size=&#8221;36px&#8221; header_text_color=&#8221;#44b7d4&#8243; header_line_height=&#8221;1.3em&#8221;]<\/p>\n<h1><strong>CONTRIBUI\u00c7\u00f5ES<\/strong> ESPERADAS<\/h1>\n<p>[\/et_pb_text][\/et_pb_column][\/et_pb_row][et_pb_row][et_pb_column type=&#8221;1_2&#8243;][et_pb_text admin_label=&#8221;VOUS&#8221; _builder_version=&#8221;3.0.106&#8243; background_layout=&#8221;light&#8221; header_text_align=&#8221;center&#8221; header_font_size=&#8221;32px&#8221; header_line_height=&#8221;1.5em&#8221; text_line_height=&#8221;1.5em&#8221; header_font=&#8221;|700|||||||&#8221;]<\/p>\n<h1>VOC\u00ca<\/h1>\n<ul>\n<li><strong>Mecenato<\/strong>, eleg\u00edvel a uma dedu\u00e7\u00e3o fiscal de 60%<\/li>\n<li><strong>L\u00edderes de projetos<\/strong><\/li>\n<li><strong>Cursos certificativos<\/strong> (possibilidade de cursos individualizados)<\/li>\n<li><strong>Forma\u00e7\u00f5es com diplomas de MBA-Master<\/strong> de forma\u00e7\u00e3o continuada (programas em tempo parcial)<\/li>\n<\/ul>\n<p>[\/et_pb_text][\/et_pb_column][et_pb_column type=&#8221;1_2&#8243;][et_pb_text admin_label=&#8221;VOUS&#8221; _builder_version=&#8221;3.0.106&#8243; background_layout=&#8221;light&#8221; header_text_align=&#8221;center&#8221; header_font_size=&#8221;32px&#8221; header_line_height=&#8221;1.5em&#8221; text_line_height=&#8221;1.5em&#8221; header_font=&#8221;|700|||||||&#8221;]<\/p>\n<h1>N\u00d3s<\/h1>\n<ul>\n<li><strong>O IAE Paris-Sorbonne Business School Paris 1 Panth\u00e9on-Sorbonne: <\/strong>60 anos de inova\u00e7\u00e3o a favor das empresas<\/li>\n<li>Um comit\u00ea <strong>diretivo<\/strong><\/li>\n<li>Um comit\u00ea <strong>cient\u00edfico<\/strong><\/li>\n<li>Uma equipe de pesquisadores e de jovens doutorandos<\/li>\n<li>Uma rede internacional de <strong>experts<\/strong><\/li>\n<\/ul>\n<p>[\/et_pb_text][\/et_pb_column][\/et_pb_row][\/et_pb_section]<\/p>\n","protected":false},"excerpt":{"rendered":"<p><div class=\"et_pb_row et_pb_row_0 et_pb_row_empty\">\n\t\t\t\t\n\t\t\t\t\n\t\t\t\t\n\t\t\t\t\n\t\t\t\t\n\t\t\t<\/div> A C\u00c1TEDRA Quem somos? <div class=\"et_pb_row et_pb_row_1 et_pb_row_empty\">\n\t\t\t\t\n\t\t\t\t\n\t\t\t\t\n\t\t\t\t\n\t\t\t\t\n\t\t\t<\/div> Nossa INSPIRA\u00c7\u00c3O O mundo muda. A converg\u00eancia de um mundo urbanizado com a hiper conectividade veio subverter a maneira de viver e de empreender em nossos territ\u00f3rios. Lugares de vida e de trocas onde se cruzam uma multitude de necessidades e de usos sociais, nenhuma componente escapa \u00e0 essa [&hellip;]<\/p>\n","protected":false},"author":1,"featured_media":0,"parent":0,"menu_order":0,"comment_status":"closed","ping_status":"closed","template":"","meta":{"_et_pb_use_builder":"on","_et_pb_old_content":"","_et_gb_content_width":"","_mi_skip_tracking":false},"yoast_head":"<!-- This site is optimized with the Yoast SEO plugin v19.2 - https:\/\/yoast.com\/wordpress\/plugins\/seo\/ -->\n<title>A C\u00c1TEDRA - Chaire ETI<\/title>\n<meta name=\"robots\" content=\"index, follow, max-snippet:-1, max-image-preview:large, max-video-preview:-1\" \/>\n<link rel=\"canonical\" href=\"https:\/\/chaire-eti.org\/pt-br\/la-chaire\/\" \/>\n<meta property=\"og:locale\" content=\"pt_BR\" \/>\n<meta property=\"og:type\" content=\"article\" \/>\n<meta property=\"og:title\" content=\"A C\u00c1TEDRA - Chaire ETI\" \/>\n<meta property=\"og:description\" content=\"A C\u00c1TEDRA Quem somos? Nossa INSPIRA\u00c7\u00c3O O mundo muda. A converg\u00eancia de um mundo urbanizado com a hiper conectividade veio subverter a maneira de viver e de empreender em nossos territ\u00f3rios. Lugares de vida e de trocas onde se cruzam uma multitude de necessidades e de usos sociais, nenhuma componente escapa \u00e0 essa [&hellip;]\" \/>\n<meta property=\"og:url\" content=\"https:\/\/chaire-eti.org\/pt-br\/la-chaire\/\" \/>\n<meta property=\"og:site_name\" content=\"Chaire ETI\" \/>\n<meta property=\"article:modified_time\" content=\"2018-03-30T09:01:44+00:00\" \/>\n<meta name=\"author\" content=\"admin9390\" \/>\n<meta name=\"twitter:card\" content=\"summary_large_image\" \/>\n<meta name=\"twitter:label1\" content=\"Est. tempo de leitura\" \/>\n\t<meta name=\"twitter:data1\" content=\"10 minutos\" \/>\n<script type=\"application\/ld+json\" class=\"yoast-schema-graph\">{\"@context\":\"https:\/\/schema.org\",\"@graph\":[{\"@type\":\"WebSite\",\"@id\":\"https:\/\/chaire-eti.org\/pt-br\/#website\",\"url\":\"https:\/\/chaire-eti.org\/pt-br\/\",\"name\":\"Chaire ETI\",\"description\":\"Entrepreneuriat, Territoire, Innovation\",\"potentialAction\":[{\"@type\":\"SearchAction\",\"target\":{\"@type\":\"EntryPoint\",\"urlTemplate\":\"https:\/\/chaire-eti.org\/pt-br\/?s={search_term_string}\"},\"query-input\":\"required name=search_term_string\"}],\"inLanguage\":\"pt-BR\"},{\"@type\":\"WebPage\",\"@id\":\"https:\/\/chaire-eti.org\/pt-br\/la-chaire\/#webpage\",\"url\":\"https:\/\/chaire-eti.org\/pt-br\/la-chaire\/\",\"name\":\"A C\u00c1TEDRA - Chaire ETI\",\"isPartOf\":{\"@id\":\"https:\/\/chaire-eti.org\/pt-br\/#website\"},\"datePublished\":\"2018-01-07T14:16:55+00:00\",\"dateModified\":\"2018-03-30T09:01:44+00:00\",\"breadcrumb\":{\"@id\":\"https:\/\/chaire-eti.org\/pt-br\/la-chaire\/#breadcrumb\"},\"inLanguage\":\"pt-BR\",\"potentialAction\":[{\"@type\":\"ReadAction\",\"target\":[\"https:\/\/chaire-eti.org\/pt-br\/la-chaire\/\"]}]},{\"@type\":\"BreadcrumbList\",\"@id\":\"https:\/\/chaire-eti.org\/pt-br\/la-chaire\/#breadcrumb\",\"itemListElement\":[{\"@type\":\"ListItem\",\"position\":1,\"name\":\"Accueil\",\"item\":\"https:\/\/chaire-eti.org\/pt-br\/\"},{\"@type\":\"ListItem\",\"position\":2,\"name\":\"A C\u00c1TEDRA\"}]}]}<\/script>\n<!-- \/ Yoast SEO plugin. -->","yoast_head_json":{"title":"A C\u00c1TEDRA - Chaire ETI","robots":{"index":"index","follow":"follow","max-snippet":"max-snippet:-1","max-image-preview":"max-image-preview:large","max-video-preview":"max-video-preview:-1"},"canonical":"https:\/\/chaire-eti.org\/pt-br\/la-chaire\/","og_locale":"pt_BR","og_type":"article","og_title":"A C\u00c1TEDRA - Chaire ETI","og_description":"A C\u00c1TEDRA Quem somos? Nossa INSPIRA\u00c7\u00c3O O mundo muda. A converg\u00eancia de um mundo urbanizado com a hiper conectividade veio subverter a maneira de viver e de empreender em nossos territ\u00f3rios. Lugares de vida e de trocas onde se cruzam uma multitude de necessidades e de usos sociais, nenhuma componente escapa \u00e0 essa [&hellip;]","og_url":"https:\/\/chaire-eti.org\/pt-br\/la-chaire\/","og_site_name":"Chaire ETI","article_modified_time":"2018-03-30T09:01:44+00:00","author":"admin9390","twitter_card":"summary_large_image","twitter_misc":{"Est. tempo de leitura":"10 minutos"},"schema":{"@context":"https:\/\/schema.org","@graph":[{"@type":"WebSite","@id":"https:\/\/chaire-eti.org\/pt-br\/#website","url":"https:\/\/chaire-eti.org\/pt-br\/","name":"Chaire ETI","description":"Entrepreneuriat, Territoire, Innovation","potentialAction":[{"@type":"SearchAction","target":{"@type":"EntryPoint","urlTemplate":"https:\/\/chaire-eti.org\/pt-br\/?s={search_term_string}"},"query-input":"required name=search_term_string"}],"inLanguage":"pt-BR"},{"@type":"WebPage","@id":"https:\/\/chaire-eti.org\/pt-br\/la-chaire\/#webpage","url":"https:\/\/chaire-eti.org\/pt-br\/la-chaire\/","name":"A C\u00c1TEDRA - Chaire ETI","isPartOf":{"@id":"https:\/\/chaire-eti.org\/pt-br\/#website"},"datePublished":"2018-01-07T14:16:55+00:00","dateModified":"2018-03-30T09:01:44+00:00","breadcrumb":{"@id":"https:\/\/chaire-eti.org\/pt-br\/la-chaire\/#breadcrumb"},"inLanguage":"pt-BR","potentialAction":[{"@type":"ReadAction","target":["https:\/\/chaire-eti.org\/pt-br\/la-chaire\/"]}]},{"@type":"BreadcrumbList","@id":"https:\/\/chaire-eti.org\/pt-br\/la-chaire\/#breadcrumb","itemListElement":[{"@type":"ListItem","position":1,"name":"Accueil","item":"https:\/\/chaire-eti.org\/pt-br\/"},{"@type":"ListItem","position":2,"name":"A C\u00c1TEDRA"}]}]}},"_links":{"self":[{"href":"https:\/\/chaire-eti.org\/pt-br\/wp-json\/wp\/v2\/pages\/1052\/"}],"collection":[{"href":"https:\/\/chaire-eti.org\/pt-br\/wp-json\/wp\/v2\/pages\/"}],"about":[{"href":"https:\/\/chaire-eti.org\/pt-br\/wp-json\/wp\/v2\/types\/page\/"}],"author":[{"embeddable":true,"href":"https:\/\/chaire-eti.org\/pt-br\/wp-json\/wp\/v2\/users\/1\/"}],"replies":[{"embeddable":true,"href":"https:\/\/chaire-eti.org\/pt-br\/wp-json\/wp\/v2\/comments\/?post=1052"}],"version-history":[{"count":4,"href":"https:\/\/chaire-eti.org\/pt-br\/wp-json\/wp\/v2\/pages\/1052\/revisions\/"}],"predecessor-version":[{"id":1146,"href":"https:\/\/chaire-eti.org\/pt-br\/wp-json\/wp\/v2\/pages\/1052\/revisions\/1146\/"}],"wp:attachment":[{"href":"https:\/\/chaire-eti.org\/pt-br\/wp-json\/wp\/v2\/media\/?parent=1052"}],"curies":[{"name":"wp","href":"https:\/\/api.w.org\/{rel}","templated":true}]}}