{"id":1057,"date":"2018-01-18T17:20:42","date_gmt":"2018-01-18T16:20:42","guid":{"rendered":"https:\/\/chaire-eti.org\/equipe\/"},"modified":"2021-10-05T11:29:37","modified_gmt":"2021-10-05T09:29:37","slug":"equipe","status":"publish","type":"page","link":"https:\/\/chaire-eti.org\/pt-br\/equipe\/","title":{"rendered":"Equipe"},"content":{"rendered":"<p>[et_pb_section fb_built=&#8221;1&#8243; _builder_version=&#8221;3.22.3&#8243; background_image=&#8221;https:\/\/chaire-eti.org\/wp-content\/uploads\/2017\/11\/chaire-eti-sorbonne-parallaxe.jpg&#8221;][et_pb_row _builder_version=&#8221;3.25&#8243; background_size=&#8221;initial&#8221; background_position=&#8221;top_left&#8221; background_repeat=&#8221;repeat&#8221;][et_pb_column type=&#8221;4_4&#8243; _builder_version=&#8221;3.25&#8243; custom_padding=&#8221;|||&#8221; custom_padding__hover=&#8221;|||&#8221;][et_pb_text admin_label=&#8221;L&#8217;\u00e9quipe&#8221; _builder_version=&#8221;3.27.4&#8243; header_font=&#8221;|700|||||||&#8221; header_text_color=&#8221;#ffffff&#8221; header_font_size=&#8221;36px&#8221;]<\/p>\n<h1>equipo<\/h1>\n<p>[\/et_pb_text][\/et_pb_column][\/et_pb_row][\/et_pb_section][et_pb_section fb_built=&#8221;1&#8243; admin_label=&#8221;Section Comit\u00e9 de pilotage&#8221; _builder_version=&#8221;3.22.3&#8243;][et_pb_row _builder_version=&#8221;3.25&#8243; background_size=&#8221;initial&#8221; background_position=&#8221;top_left&#8221; background_repeat=&#8221;repeat&#8221;][et_pb_column type=&#8221;4_4&#8243; _builder_version=&#8221;3.25&#8243; custom_padding=&#8221;|||&#8221; custom_padding__hover=&#8221;|||&#8221;][et_pb_text admin_label=&#8221;Comit\u00e9 de pilotage&#8221; _builder_version=&#8221;3.27.4&#8243; header_font=&#8221;|300|||||||&#8221; header_text_color=&#8221;#44b7d4&#8243; header_font_size=&#8221;36px&#8221;]<\/p>\n<h1>COMIT\u00ca <strong>DIRETIVO<\/strong><\/h1>\n<p>[\/et_pb_text][\/et_pb_column][\/et_pb_row][\/et_pb_section][et_pb_section fb_built=&#8221;1&#8243; _builder_version=&#8221;4.4.7&#8243;][et_pb_row column_structure=&#8221;1_4,1_4,1_4,1_4&#8243; _builder_version=&#8221;4.4.7&#8243;][et_pb_column type=&#8221;1_4&#8243; _builder_version=&#8221;4.4.7&#8243;][et_pb_team_member name=&#8221;PROFESOR Didier CHABAUD&#8221; position=&#8221;Diretor geral&#8221; image_url=&#8221;https:\/\/chaire-eti.org\/wp-content\/uploads\/2021\/02\/didier.jpg&#8221; linkedin_url=&#8221;https:\/\/www.linkedin.com\/in\/didier-chabaud-94a80582\/&#8221; _builder_version=&#8221;4.4.7&#8243;][\/et_pb_team_member][\/et_pb_column][et_pb_column type=&#8221;1_4&#8243; _builder_version=&#8221;4.4.7&#8243;][et_pb_team_member name=&#8221;PROFESOR Carlos MORENO&#8221; position=&#8221;Diretor cient\u00edfico&#8221; image_url=&#8221;https:\/\/chaire-eti.org\/wp-content\/uploads\/2021\/02\/Carlos.jpg&#8221; linkedin_url=&#8221;https:\/\/www.linkedin.com\/in\/carlos-moreno-71b34420\/&#8221; _builder_version=&#8221;4.4.7&#8243;][\/et_pb_team_member][\/et_pb_column][et_pb_column type=&#8221;1_4&#8243; _builder_version=&#8221;4.4.7&#8243;][et_pb_team_member name=&#8221;Dr. Florent PRATLONG&#8221; position=&#8221;Diretor geral adjunto&#8221; image_url=&#8221;https:\/\/chaire-eti.org\/wp-content\/uploads\/2021\/02\/florent.jpg&#8221; linkedin_url=&#8221;https:\/\/www.linkedin.com\/in\/florent-pratlong-132a0574\/&#8221; _builder_version=&#8221;4.4.7&#8243;][\/et_pb_team_member][\/et_pb_column][et_pb_column type=&#8221;1_4&#8243; _builder_version=&#8221;4.4.7&#8243;][et_pb_team_member name=&#8221;Catherine GALL&#8221; position=&#8221;Diretor executivo&#8221; image_url=&#8221;https:\/\/chaire-eti.org\/wp-content\/uploads\/2021\/02\/Catherine.jpg&#8221; linkedin_url=&#8221;https:\/\/www.linkedin.com\/in\/catherine-arod-gall-0585a82\/&#8221; _builder_version=&#8221;4.4.7&#8243;][\/et_pb_team_member][\/et_pb_column][\/et_pb_row][et_pb_row column_structure=&#8221;1_4,1_4,1_4,1_4&#8243; _builder_version=&#8221;4.4.7&#8243;][et_pb_column type=&#8221;1_4&#8243; _builder_version=&#8221;4.4.7&#8243;][et_pb_team_member name=&#8221;Paula BERDUGO&#8221; position=&#8221;Chefe do Departamento de Pesquisa IAE Paris&#8221; image_url=&#8221;https:\/\/chaire-eti.org\/wp-content\/uploads\/2021\/02\/paula.jpg&#8221; _builder_version=&#8221;4.4.7&#8243;][\/et_pb_team_member][\/et_pb_column][et_pb_column type=&#8221;1_4&#8243; _builder_version=&#8221;4.4.7&#8243;][et_pb_team_member name=&#8221;Raphael HAGET&#8221; position=&#8221;IAE Research Engineer&#8221; image_url=&#8221;https:\/\/chaire-eti.org\/wp-content\/uploads\/2021\/02\/raphael.jpg&#8221; linkedin_url=&#8221;https:\/\/www.linkedin.com\/in\/rapha%C3%ABl-haget-aa5696b1\/&#8221; _builder_version=&#8221;4.4.7&#8243;][\/et_pb_team_member][\/et_pb_column][et_pb_column type=&#8221;1_4&#8243; _builder_version=&#8221;4.4.7&#8243;][et_pb_team_member name=&#8221;Juliette FEVRE&#8221; position=&#8221;Respons\u00e1vel pela Pol\u00edtica Social Corporativa &#8211; Respons\u00e1vel pela Comunica\u00e7\u00e3o&#8221; image_url=&#8221;https:\/\/chaire-eti.org\/wp-content\/uploads\/2021\/02\/juliette.jpg&#8221; linkedin_url=&#8221;https:\/\/www.linkedin.com\/in\/juliette-fevre-146a7095\/&#8221; _builder_version=&#8221;4.4.7&#8243;][\/et_pb_team_member][\/et_pb_column][et_pb_column type=&#8221;1_4&#8243; _builder_version=&#8221;4.4.7&#8243;][et_pb_team_member name=&#8221;Hubert BEROCHE&#8221; position=&#8221;Gerente de projeto %22Cidade dos 15 minutos e IA%22&#8243; image_url=&#8221;https:\/\/chaire-eti.org\/wp-content\/uploads\/2021\/02\/hubert.jpg&#8221; linkedin_url=&#8221;https:\/\/www.linkedin.com\/in\/hubert-beroche-510b95149\/&#8221; _builder_version=&#8221;4.4.7&#8243;][\/et_pb_team_member][\/et_pb_column][\/et_pb_row][et_pb_row column_structure=&#8221;1_4,1_4,1_4,1_4&#8243; _builder_version=&#8221;4.4.7&#8243;][et_pb_column type=&#8221;1_4&#8243; _builder_version=&#8221;4.4.7&#8243;][et_pb_team_member name=&#8221;Zaheer ALLAM&#8221; position=&#8221;Pesquisador Associado (Cidade de 15 minutos)&#8221; image_url=&#8221;https:\/\/chaire-eti.org\/wp-content\/uploads\/2021\/02\/zaheer.jpg&#8221; linkedin_url=&#8221;https:\/\/www.linkedin.com\/in\/zaheer-allam\/&#8221; _builder_version=&#8221;4.4.7&#8243;][\/et_pb_team_member][\/et_pb_column][et_pb_column type=&#8221;1_4&#8243; _builder_version=&#8221;4.4.7&#8243;][et_pb_team_member name=&#8221;Fella Bouzid&#8221; position=&#8221;Novo engenheiro de pesquisa de proximidade&#8221; image_url=&#8221;https:\/\/chaire-eti.org\/wp-content\/uploads\/2021\/04\/Fella-Bouzid.jpg&#8221; linkedin_url=&#8221;https:\/\/www.linkedin.com\/in\/bouzid-fella\/&#8221; _builder_version=&#8221;4.4.7&#8243;][\/et_pb_team_member][\/et_pb_column][et_pb_column type=&#8221;1_4&#8243; _builder_version=&#8221;4.4.7&#8243;][et_pb_team_member name=&#8221;Romario PHILIBERT&#8221; position=&#8221;Engenheiro de estudos (cidade de 15 minutos)&#8221; image_url=&#8221;https:\/\/chaire-eti.org\/wp-content\/uploads\/2021\/02\/romario.jpg&#8221; linkedin_url=&#8221;https:\/\/www.linkedin.com\/in\/romario-philibert\/&#8221; _builder_version=&#8221;4.4.7&#8243;][\/et_pb_team_member][\/et_pb_column][et_pb_column type=&#8221;1_4&#8243; _builder_version=&#8221;4.4.7&#8243;][et_pb_team_member name=&#8221;L\u00e9o-Paul Dana&#8221; position=&#8221;Professor na Dalhousie University (Canad\u00e1) e Montpellier Business School (Fran\u00e7a)&#8221; image_url=&#8221;https:\/\/chaire-eti.org\/wp-content\/uploads\/2021\/07\/leo-paul-dana.jpg&#8221; linkedin_url=&#8221;https:\/\/www.linkedin.com\/in\/leo-paul-dana-a42b08\/&#8221; _builder_version=&#8221;4.4.7&#8243;][\/et_pb_team_member][\/et_pb_column][\/et_pb_row][et_pb_row column_structure=&#8221;1_4,1_4,1_4,1_4&#8243; _builder_version=&#8221;4.4.7&#8243;][et_pb_column type=&#8221;1_4&#8243; _builder_version=&#8221;4.4.7&#8243;][et_pb_team_member name=&#8221;Hedi YEZZA&#8221; position=&#8221;Professor da Universidade de Sherbrooke &#8211; Canad\u00e1&#8221; image_url=&#8221;https:\/\/chaire-eti.org\/wp-content\/uploads\/2021\/10\/hedi-yezza.jpg&#8221; _builder_version=&#8221;4.4.7&#8243;][\/et_pb_team_member][\/et_pb_column][et_pb_column type=&#8221;1_4&#8243; _builder_version=&#8221;4.4.7&#8243;][\/et_pb_column][et_pb_column type=&#8221;1_4&#8243; _builder_version=&#8221;4.4.7&#8243;][\/et_pb_column][et_pb_column type=&#8221;1_4&#8243; _builder_version=&#8221;4.4.7&#8243;][\/et_pb_column][\/et_pb_row][\/et_pb_section][et_pb_section fb_built=&#8221;1&#8243; _builder_version=&#8221;3.22.3&#8243;][et_pb_row _builder_version=&#8221;3.25&#8243; background_size=&#8221;initial&#8221; background_position=&#8221;top_left&#8221; background_repeat=&#8221;repeat&#8221;][et_pb_column type=&#8221;4_4&#8243; _builder_version=&#8221;3.25&#8243; custom_padding=&#8221;|||&#8221; custom_padding__hover=&#8221;|||&#8221;][et_pb_text admin_label=&#8221;Comit\u00e9 scientifique&#8221; _builder_version=&#8221;3.29.2&#8243; header_font=&#8221;|300|||||||&#8221; header_text_color=&#8221;#44b7d4&#8243; header_font_size=&#8221;36px&#8221;]<\/p>\n<h1>COMIT\u00ca <strong>CIENT\u00cdFICO<\/strong><\/h1>\n<p>[\/et_pb_text][et_pb_text _builder_version=&#8221;3.29.2&#8243;]<\/p>\n<div class=\"et_pb_module et_pb_text et_pb_text_1 et_pb_bg_layout_light  et_pb_text_align_left\">\n<div class=\"et_pb_text_inner\">\n<p>Presidido pelo <strong>Prof. Carlos Moreno<\/strong> e com a presen\u00e7a ex officio do Prof. Didier Chabaud e do Dr. Florent Pratlong, diretor e vice-diretor da eTi Chair, um comit\u00ea cient\u00edfico, composto por destacadas personalidades nacionais e internacionais, est\u00e1 em processo de press\u00e1gio:<\/p>\n<\/div>\n<\/div>\n<div class=\"et_pb_module et_pb_text et_pb_text_2 et_pb_bg_layout_light  et_pb_text_align_left\">\n<div class=\"et_pb_text_inner\">\n<ul>\n<li><strong>Dra. Lorraine Amollo Ambole,<\/strong> Living Lab, Universidade de Nairobi, Qu\u00eania, bolsista em &#8220;Urbaniza\u00e7\u00e3o Sustent\u00e1vel II&#8221; (Programa Mundial de Bolsas de Estudo em Ci\u00eancias Sociais)<\/li>\n<li><strong>Pr Franck Bar\u00e8s<\/strong>, ex-Diretor do Departamento de Empreendedorismo e Inova\u00e7\u00e3o, HEC Montreal, Canad\u00e1.<\/li>\n<li><strong>Prof. Tereza Cristina Carvalho<\/strong>, Engenheira Sc. Em Inova\u00e7\u00e3o Tecnol\u00f3gica e Desenvolvimento Sustent\u00e1vel, Escola Polit\u00e9cnica USP, Brasil<\/li>\n<li><strong>Pr Sunil Dubey<\/strong>, Departamento de Arquitetura, Design e Planejamento, University of Sydney, Austr\u00e1lia, ex-diretor da Metropolis World Organization no Sul da \u00c1sia<\/li>\n<li><strong>Pr Alain Fayolle<\/strong>, EM Lyon, Fran\u00e7a, ex-presidente, Academy of Management, Entrepreneurship Division<\/li>\n<li><strong>Nikos Fintikakis<\/strong>, arquiteto, Gr\u00e9cia, vice-presidente da Uni\u00e3o Internacional de Arquitetos (UIA)<\/li>\n<li><strong>Dr. Marc Giget<\/strong>, membro da Academia Francesa de Tecnologias e presidente do Instituto Europeu de Estrat\u00e9gias de Inova\u00e7\u00e3o Criativa<\/li>\n<li><strong>Dra. Karuna Gopal,<\/strong> presidente da Foundation for Futuristic Cities, \u00cdndia<\/li>\n<li><strong>Prof. Aawatif Hayar,<\/strong> Hassan II University Casablanca Marrocos<\/li>\n<li><strong>Dra. Christyl Johnson<\/strong>, Diretora Adjunta, Centro de Investimentos em Pesquisa e Tecnologia da NASA, EUA, Ex-Diretora Executiva do Conselho Nacional de Ci\u00eancia e Tecnologia, (Casa Branca)<\/li>\n<li><strong>Prof. Catherine L\u00e9ger-Jarniou<\/strong>, Paris Dauphine University, Fran\u00e7a, Presidente da Academia de Empreendedorismo e Inova\u00e7\u00e3o<\/li>\n<li><strong>Pr Natalia Novillo<\/strong>, antrop\u00f3loga, FLACSO Latin America University, Diretora de Cidades e Mudan\u00e7as Clim\u00e1ticas<\/li>\n<li><strong>Prof. Fernando Nunes da Silva Fernando,<\/strong> Presidente do Departamento de Engenharia Civil, Arquitetura e Geo-recursos, Instituto Superior T\u00e9cnico, Universidade de Lisboa, Portugal, VP International Urban Development Association, INTA.<\/li>\n<li><strong>Prof. Denise Pumain<\/strong>, ge\u00f3grafa, University Paris1 Panth\u00e9on Sorbonne, membro do Institut de France, Prix Vautrin Lud 2010<\/li>\n<li><strong>Pr Elvira A. Quintero<\/strong>, arquiteta &#8211; Doutora em Literatura, Diretora do Departamento de Literatura, Universidad del Cauca, Col\u00f4mbia, Pr\u00eamio D\u00e1maso Alonso 2018 da Academia Hispano-Americana de Boas Letras.<\/li>\n<li><strong>Pr Carlo Ratti<\/strong>, Urban Technologies and Planning, MIT, Estados Unidos<\/li>\n<li><strong>Pr Sylvie Sammut,<\/strong> Diretora do MRM-Entrepreneurship Laboratory, Montpellier-Management, University of Montpellier, Fran\u00e7a.<\/li>\n<li><strong>Professora Saskia Sassen<\/strong>, Soci\u00f3loga, Columbia University, Estados Unidos.<\/li>\n<li><strong>Gaetan Siew, arquiteto<\/strong>, Mauricio, ex-presidente da Uni\u00e3o Internacional de Arquitetos.<\/li>\n<li><strong>Prof. Ryad Titah<\/strong>, Governo Eletr\u00f4nico e Cidades Digitais, HEC Montreal, Canad\u00e1. Ex-presidente da Associa\u00e7\u00e3o de Ci\u00eancias Administrativas do Canad\u00e1 (ASAC)<\/li>\n<li><strong>Prof. Muhammad Yunus<\/strong>, Pr\u00eamio Nobel da Paz de 2006<\/li>\n<\/ul>\n<\/div>\n<\/div>\n<p>[\/et_pb_text][\/et_pb_column][\/et_pb_row][\/et_pb_section]<\/p>\n","protected":false},"excerpt":{"rendered":"<p>equipoCOMIT\u00ca DIRETIVOCOMIT\u00ca CIENT\u00cdFICO Presidido pelo Prof. Carlos Moreno e com a presen\u00e7a ex officio do Prof. Didier Chabaud e do Dr. Florent Pratlong, diretor e vice-diretor da eTi Chair, um comit\u00ea cient\u00edfico, composto por destacadas personalidades nacionais e internacionais, est\u00e1 em processo de press\u00e1gio: Dra. Lorraine Amollo Ambole, Living Lab, Universidade de Nairobi, Qu\u00eania, bolsista [&hellip;]<\/p>\n","protected":false},"author":1,"featured_media":0,"parent":0,"menu_order":0,"comment_status":"closed","ping_status":"closed","template":"","meta":{"_et_pb_use_builder":"on","_et_pb_old_content":"","_et_gb_content_width":"","_mi_skip_tracking":false},"yoast_head":"<!-- This site is optimized with the Yoast SEO plugin v19.2 - https:\/\/yoast.com\/wordpress\/plugins\/seo\/ -->\n<title>Equipe - Chaire ETI<\/title>\n<meta name=\"robots\" content=\"index, follow, max-snippet:-1, max-image-preview:large, max-video-preview:-1\" \/>\n<link rel=\"canonical\" href=\"https:\/\/chaire-eti.org\/pt-br\/equipe\/\" \/>\n<meta property=\"og:locale\" content=\"pt_BR\" \/>\n<meta property=\"og:type\" content=\"article\" \/>\n<meta property=\"og:title\" content=\"Equipe - Chaire ETI\" \/>\n<meta property=\"og:description\" content=\"equipoCOMIT\u00ca DIRETIVOCOMIT\u00ca CIENT\u00cdFICO Presidido pelo Prof. Carlos Moreno e com a presen\u00e7a ex officio do Prof. Didier Chabaud e do Dr. Florent Pratlong, diretor e vice-diretor da eTi Chair, um comit\u00ea cient\u00edfico, composto por destacadas personalidades nacionais e internacionais, est\u00e1 em processo de press\u00e1gio: Dra. Lorraine Amollo Ambole, Living Lab, Universidade de Nairobi, Qu\u00eania, bolsista [&hellip;]\" \/>\n<meta property=\"og:url\" content=\"https:\/\/chaire-eti.org\/pt-br\/equipe\/\" \/>\n<meta property=\"og:site_name\" content=\"Chaire ETI\" \/>\n<meta property=\"article:modified_time\" content=\"2021-10-05T09:29:37+00:00\" \/>\n<meta name=\"author\" content=\"admin9390\" \/>\n<meta name=\"twitter:card\" content=\"summary_large_image\" \/>\n<meta name=\"twitter:label1\" content=\"Est. tempo de leitura\" \/>\n\t<meta name=\"twitter:data1\" content=\"7 minutos\" \/>\n<script type=\"application\/ld+json\" class=\"yoast-schema-graph\">{\"@context\":\"https:\/\/schema.org\",\"@graph\":[{\"@type\":\"WebSite\",\"@id\":\"https:\/\/chaire-eti.org\/#website\",\"url\":\"https:\/\/chaire-eti.org\/\",\"name\":\"Chaire ETI\",\"description\":\"Entrepreneuriat, Territoire, Innovation\",\"potentialAction\":[{\"@type\":\"SearchAction\",\"target\":{\"@type\":\"EntryPoint\",\"urlTemplate\":\"https:\/\/chaire-eti.org\/?s={search_term_string}\"},\"query-input\":\"required name=search_term_string\"}],\"inLanguage\":\"pt-BR\"},{\"@type\":\"WebPage\",\"@id\":\"https:\/\/chaire-eti.org\/pt-br\/equipe\/#webpage\",\"url\":\"https:\/\/chaire-eti.org\/pt-br\/equipe\/\",\"name\":\"Equipe - Chaire ETI\",\"isPartOf\":{\"@id\":\"https:\/\/chaire-eti.org\/#website\"},\"datePublished\":\"2018-01-18T16:20:42+00:00\",\"dateModified\":\"2021-10-05T09:29:37+00:00\",\"breadcrumb\":{\"@id\":\"https:\/\/chaire-eti.org\/pt-br\/equipe\/#breadcrumb\"},\"inLanguage\":\"pt-BR\",\"potentialAction\":[{\"@type\":\"ReadAction\",\"target\":[\"https:\/\/chaire-eti.org\/pt-br\/equipe\/\"]}]},{\"@type\":\"BreadcrumbList\",\"@id\":\"https:\/\/chaire-eti.org\/pt-br\/equipe\/#breadcrumb\",\"itemListElement\":[{\"@type\":\"ListItem\",\"position\":1,\"name\":\"Accueil\",\"item\":\"https:\/\/chaire-eti.org\/pt-br\/\"},{\"@type\":\"ListItem\",\"position\":2,\"name\":\"Equipe\"}]}]}<\/script>\n<!-- \/ Yoast SEO plugin. -->","yoast_head_json":{"title":"Equipe - Chaire ETI","robots":{"index":"index","follow":"follow","max-snippet":"max-snippet:-1","max-image-preview":"max-image-preview:large","max-video-preview":"max-video-preview:-1"},"canonical":"https:\/\/chaire-eti.org\/pt-br\/equipe\/","og_locale":"pt_BR","og_type":"article","og_title":"Equipe - Chaire ETI","og_description":"equipoCOMIT\u00ca DIRETIVOCOMIT\u00ca CIENT\u00cdFICO Presidido pelo Prof. Carlos Moreno e com a presen\u00e7a ex officio do Prof. Didier Chabaud e do Dr. Florent Pratlong, diretor e vice-diretor da eTi Chair, um comit\u00ea cient\u00edfico, composto por destacadas personalidades nacionais e internacionais, est\u00e1 em processo de press\u00e1gio: Dra. Lorraine Amollo Ambole, Living Lab, Universidade de Nairobi, Qu\u00eania, bolsista [&hellip;]","og_url":"https:\/\/chaire-eti.org\/pt-br\/equipe\/","og_site_name":"Chaire ETI","article_modified_time":"2021-10-05T09:29:37+00:00","author":"admin9390","twitter_card":"summary_large_image","twitter_misc":{"Est. tempo de leitura":"7 minutos"},"schema":{"@context":"https:\/\/schema.org","@graph":[{"@type":"WebSite","@id":"https:\/\/chaire-eti.org\/#website","url":"https:\/\/chaire-eti.org\/","name":"Chaire ETI","description":"Entrepreneuriat, Territoire, Innovation","potentialAction":[{"@type":"SearchAction","target":{"@type":"EntryPoint","urlTemplate":"https:\/\/chaire-eti.org\/?s={search_term_string}"},"query-input":"required name=search_term_string"}],"inLanguage":"pt-BR"},{"@type":"WebPage","@id":"https:\/\/chaire-eti.org\/pt-br\/equipe\/#webpage","url":"https:\/\/chaire-eti.org\/pt-br\/equipe\/","name":"Equipe - Chaire ETI","isPartOf":{"@id":"https:\/\/chaire-eti.org\/#website"},"datePublished":"2018-01-18T16:20:42+00:00","dateModified":"2021-10-05T09:29:37+00:00","breadcrumb":{"@id":"https:\/\/chaire-eti.org\/pt-br\/equipe\/#breadcrumb"},"inLanguage":"pt-BR","potentialAction":[{"@type":"ReadAction","target":["https:\/\/chaire-eti.org\/pt-br\/equipe\/"]}]},{"@type":"BreadcrumbList","@id":"https:\/\/chaire-eti.org\/pt-br\/equipe\/#breadcrumb","itemListElement":[{"@type":"ListItem","position":1,"name":"Accueil","item":"https:\/\/chaire-eti.org\/pt-br\/"},{"@type":"ListItem","position":2,"name":"Equipe"}]}]}},"_links":{"self":[{"href":"https:\/\/chaire-eti.org\/pt-br\/wp-json\/wp\/v2\/pages\/1057\/"}],"collection":[{"href":"https:\/\/chaire-eti.org\/pt-br\/wp-json\/wp\/v2\/pages\/"}],"about":[{"href":"https:\/\/chaire-eti.org\/pt-br\/wp-json\/wp\/v2\/types\/page\/"}],"author":[{"embeddable":true,"href":"https:\/\/chaire-eti.org\/pt-br\/wp-json\/wp\/v2\/users\/1\/"}],"replies":[{"embeddable":true,"href":"https:\/\/chaire-eti.org\/pt-br\/wp-json\/wp\/v2\/comments\/?post=1057"}],"version-history":[{"count":8,"href":"https:\/\/chaire-eti.org\/pt-br\/wp-json\/wp\/v2\/pages\/1057\/revisions\/"}],"predecessor-version":[{"id":6581,"href":"https:\/\/chaire-eti.org\/pt-br\/wp-json\/wp\/v2\/pages\/1057\/revisions\/6581\/"}],"wp:attachment":[{"href":"https:\/\/chaire-eti.org\/pt-br\/wp-json\/wp\/v2\/media\/?parent=1057"}],"curies":[{"name":"wp","href":"https:\/\/api.w.org\/{rel}","templated":true}]}}