{"id":1062,"date":"2018-01-18T19:13:59","date_gmt":"2018-01-18T18:13:59","guid":{"rendered":"https:\/\/chaire-eti.org\/carlos-moreno\/"},"modified":"2018-04-04T10:50:03","modified_gmt":"2018-04-04T08:50:03","slug":"carlos-moreno","status":"publish","type":"page","link":"https:\/\/chaire-eti.org\/pt-br\/carlos-moreno\/","title":{"rendered":"Carlos Moreno"},"content":{"rendered":"<p>[et_pb_section bb_built=&#8221;1&#8243; _builder_version=&#8221;3.0.100&#8243; background_image=&#8221;https:\/\/chaire-eti.org\/wp-content\/uploads\/2017\/11\/chaire-eti-sorbonne-parallaxe.jpg&#8221; next_background_color=&#8221;#000000&#8243;][et_pb_row][et_pb_column type=&#8221;4_4&#8243;][et_pb_text admin_label=&#8221;A EQUIPE&#8221; _builder_version=&#8221;3.0.106&#8243; background_layout=&#8221;light&#8221; header_font=&#8221;|700|||||||&#8221; header_font_size=&#8221;36px&#8221; header_text_color=&#8221;#ffffff&#8221;]<\/p>\n<h1>A EQUIPE<\/h1>\n<p>[\/et_pb_text][\/et_pb_column][\/et_pb_row][\/et_pb_section][et_pb_section bb_built=&#8221;1&#8243; fullwidth=&#8221;off&#8221; specialty=&#8221;on&#8221; _builder_version=&#8221;3.0.100&#8243; prev_background_color=&#8221;#000000&#8243;][et_pb_column type=&#8221;1_4&#8243;][et_pb_sidebar _builder_version=&#8221;3.0.96&#8243; area=&#8221;et_pb_widget_area_1&#8243; orientation=&#8221;left&#8221; show_border=&#8221;on&#8221; background_layout=&#8221;light&#8221; \/][\/et_pb_column][et_pb_column type=&#8221;3_4&#8243; specialty_columns=&#8221;3&#8243;][et_pb_row_inner admin_label=&#8221;Ligne&#8221;][et_pb_column_inner type=&#8221;1_2&#8243; saved_specialty_column_type=&#8221;3_4&#8243;][et_pb_image _builder_version=&#8221;3.0.96&#8243; src=&#8221;https:\/\/chaire-eti.org\/wp-content\/uploads\/2018\/01\/carlos-moreno-directeur-scientifique-chaire-eti-sorbonne-pantheon.jpg&#8221; show_in_lightbox=&#8221;off&#8221; url_new_window=&#8221;off&#8221; use_overlay=&#8221;off&#8221; always_center_on_mobile=&#8221;on&#8221; force_fullwidth=&#8221;off&#8221; show_bottom_space=&#8221;on&#8221; \/][\/et_pb_column_inner][et_pb_column_inner type=&#8221;1_2&#8243; saved_specialty_column_type=&#8221;3_4&#8243;][\/et_pb_column_inner][\/et_pb_row_inner][et_pb_row_inner admin_label=&#8221;Ligne&#8221; _builder_version=&#8221;3.0.96&#8243; custom_margin=&#8221;0px|||&#8221; custom_padding=&#8221;0px|||&#8221;][et_pb_column_inner type=&#8221;4_4&#8243; saved_specialty_column_type=&#8221;3_4&#8243;][et_pb_text _builder_version=&#8221;3.0.106&#8243; background_layout=&#8221;light&#8221; header_4_text_color=&#8221;#44b7d4&#8243;]<\/p>\n<h2>Carlos Moreno<\/h2>\n<h4>Diretor Cient\u00edfico<\/h4>\n<p>[\/et_pb_text][et_pb_social_media_follow _builder_version=&#8221;3.0.96&#8243; url_new_window=&#8221;on&#8221; follow_button=&#8221;off&#8221; background_layout=&#8221;light&#8221;][et_pb_social_media_follow_network _builder_version=&#8221;3.0.96&#8243; social_network=&#8221;facebook&#8221; skype_action=&#8221;call&#8221; url=&#8221;https:\/\/www.facebook.com\/CarlosMorenoFr\/&#8221; background_color=&#8221;#3b5998&#8243; use_background_color_gradient=&#8221;off&#8221; background_color_gradient_start=&#8221;#2b87da&#8221; background_color_gradient_end=&#8221;#29c4a9&#8243; background_color_gradient_type=&#8221;linear&#8221; background_color_gradient_direction=&#8221;180deg&#8221; background_color_gradient_direction_radial=&#8221;center&#8221; background_color_gradient_start_position=&#8221;0%&#8221; background_color_gradient_end_position=&#8221;100%&#8221; background_color_gradient_overlays_image=&#8221;off&#8221; parallax=&#8221;off&#8221; parallax_method=&#8221;on&#8221; background_size=&#8221;cover&#8221; background_position=&#8221;center&#8221; background_repeat=&#8221;no-repeat&#8221; background_blend=&#8221;normal&#8221; allow_player_pause=&#8221;off&#8221;]<\/p>\n<p>Facebook<\/p>\n<p>[\/et_pb_social_media_follow_network][et_pb_social_media_follow_network _builder_version=&#8221;3.0.96&#8243; social_network=&#8221;twitter&#8221; skype_action=&#8221;call&#8221; url=&#8221;https:\/\/twitter.com\/carlosmorenofr&#8221; background_color=&#8221;#00aced&#8221; use_background_color_gradient=&#8221;off&#8221; background_color_gradient_start=&#8221;#2b87da&#8221; background_color_gradient_end=&#8221;#29c4a9&#8243; background_color_gradient_type=&#8221;linear&#8221; background_color_gradient_direction=&#8221;180deg&#8221; background_color_gradient_direction_radial=&#8221;center&#8221; background_color_gradient_start_position=&#8221;0%&#8221; background_color_gradient_end_position=&#8221;100%&#8221; background_color_gradient_overlays_image=&#8221;off&#8221; parallax=&#8221;off&#8221; parallax_method=&#8221;on&#8221; background_size=&#8221;cover&#8221; background_position=&#8221;center&#8221; background_repeat=&#8221;no-repeat&#8221; background_blend=&#8221;normal&#8221; allow_player_pause=&#8221;off&#8221;]<\/p>\n<p>Twitter<\/p>\n<p>[\/et_pb_social_media_follow_network][et_pb_social_media_follow_network _builder_version=&#8221;3.0.96&#8243; social_network=&#8221;linkedin&#8221; skype_action=&#8221;call&#8221; url=&#8221;https:\/\/www.linkedin.com\/in\/carlos-moreno-71b34420\/&#8221; background_color=&#8221;#007bb6&#8243; use_background_color_gradient=&#8221;off&#8221; background_color_gradient_start=&#8221;#2b87da&#8221; background_color_gradient_end=&#8221;#29c4a9&#8243; background_color_gradient_type=&#8221;linear&#8221; background_color_gradient_direction=&#8221;180deg&#8221; background_color_gradient_direction_radial=&#8221;center&#8221; background_color_gradient_start_position=&#8221;0%&#8221; background_color_gradient_end_position=&#8221;100%&#8221; background_color_gradient_overlays_image=&#8221;off&#8221; parallax=&#8221;off&#8221; parallax_method=&#8221;on&#8221; background_size=&#8221;cover&#8221; background_position=&#8221;center&#8221; background_repeat=&#8221;no-repeat&#8221; background_blend=&#8221;normal&#8221; allow_player_pause=&#8221;off&#8221;]<\/p>\n<p>LinkedIn<\/p>\n<p>[\/et_pb_social_media_follow_network][et_pb_social_media_follow_network _builder_version=&#8221;3.0.96&#8243; social_network=&#8221;instagram&#8221; skype_action=&#8221;call&#8221; url=&#8221;https:\/\/www.instagram.com\/carlosmorenofr\/&#8221; background_color=&#8221;#517fa4&#8243; use_background_color_gradient=&#8221;off&#8221; background_color_gradient_start=&#8221;#2b87da&#8221; background_color_gradient_end=&#8221;#29c4a9&#8243; background_color_gradient_type=&#8221;linear&#8221; background_color_gradient_direction=&#8221;180deg&#8221; background_color_gradient_direction_radial=&#8221;center&#8221; background_color_gradient_start_position=&#8221;0%&#8221; background_color_gradient_end_position=&#8221;100%&#8221; background_color_gradient_overlays_image=&#8221;off&#8221; parallax=&#8221;off&#8221; parallax_method=&#8221;on&#8221; background_size=&#8221;cover&#8221; background_position=&#8221;center&#8221; background_repeat=&#8221;no-repeat&#8221; background_blend=&#8221;normal&#8221; allow_player_pause=&#8221;off&#8221;]<\/p>\n<p>Instagram<\/p>\n<p>[\/et_pb_social_media_follow_network][\/et_pb_social_media_follow][et_pb_text _builder_version=&#8221;3.0.106&#8243; background_layout=&#8221;light&#8221;]<\/p>\n<p>O professor Carlos MORENO \u00e9 um cientista-empreendedor. Ele criou uma das primeiras startups da G\u00e9nople de Evry (1998), uma hist\u00f3ria de sucesso, comprada pelo Grupo ENGIE, em 2010, onde foi conselheiro cient\u00edfico.<\/p>\n<p>Ele \u00e9 um dos precursores das \u201cCidades Inteligentes\u201d, desde 2008, com o conceito de \u201cCidade digital sustent\u00e1vel\u201d. Ele desenvolveu, em seguida, o conceito de \u201cCidades Vivas\u201d, do qual \u00e9 um dos pioneiros, ator reconhecido e especialista em n\u00edvel mundial. Conferencista e autor de iniciativas, que visam criar pontos de converg\u00eancia entre atores nacionais, internacionais, institucionais, p\u00fablicos e privados (ele preside o F\u00f3rum Think Tank \u201cLive in a Living City\u201d), ele est\u00e1 tamb\u00e9m presente nas m\u00eddias (Conselheiro Cient\u00edfico Cidade Inteligente em <em>La Tribune<\/em> onde coordena a se\u00e7\u00e3o \u201cCidades Inteligentes\u201d), na imprensa, r\u00e1dio, TV, WEB, na Fran\u00e7a e no exterior. <\/p>\n<p>Ele \u00e9 igualmente, desde janeiro 2015, correspondente especial Cidade Inteligente da Prefeitura de Paris.<\/p>\n<p>[\/et_pb_text][\/et_pb_column_inner][\/et_pb_row_inner][\/et_pb_column][\/et_pb_section]<\/p>\n","protected":false},"excerpt":{"rendered":"<p><div class=\"et_pb_row et_pb_row_0 et_pb_row_empty\">\n\t\t\t\t\n\t\t\t\t\n\t\t\t\t\n\t\t\t\t\n\t\t\t\t\n\t\t\t<\/div> A EQUIPE Carlos Moreno Diretor Cient\u00edfico Facebook Twitter LinkedIn Instagram O professor Carlos MORENO \u00e9 um cientista-empreendedor. Ele criou uma das primeiras startups da G\u00e9nople de Evry (1998), uma hist\u00f3ria de sucesso, comprada pelo Grupo ENGIE, em 2010, onde foi conselheiro cient\u00edfico. Ele \u00e9 um dos precursores das \u201cCidades Inteligentes\u201d, desde 2008, com o [&hellip;]<\/p>\n","protected":false},"author":1,"featured_media":0,"parent":0,"menu_order":0,"comment_status":"closed","ping_status":"closed","template":"","meta":{"_et_pb_use_builder":"on","_et_pb_old_content":"","_et_gb_content_width":"","_mi_skip_tracking":false},"yoast_head":"<!-- This site is optimized with the Yoast SEO plugin v19.2 - https:\/\/yoast.com\/wordpress\/plugins\/seo\/ -->\n<title>Carlos Moreno - Chaire ETI<\/title>\n<meta name=\"robots\" content=\"index, follow, max-snippet:-1, max-image-preview:large, max-video-preview:-1\" \/>\n<link rel=\"canonical\" href=\"https:\/\/chaire-eti.org\/pt-br\/carlos-moreno\/\" \/>\n<meta property=\"og:locale\" content=\"pt_BR\" \/>\n<meta property=\"og:type\" content=\"article\" \/>\n<meta property=\"og:title\" content=\"Carlos Moreno - Chaire ETI\" \/>\n<meta property=\"og:description\" content=\"A EQUIPE Carlos Moreno Diretor Cient\u00edfico Facebook Twitter LinkedIn Instagram O professor Carlos MORENO \u00e9 um cientista-empreendedor. Ele criou uma das primeiras startups da G\u00e9nople de Evry (1998), uma hist\u00f3ria de sucesso, comprada pelo Grupo ENGIE, em 2010, onde foi conselheiro cient\u00edfico. Ele \u00e9 um dos precursores das \u201cCidades Inteligentes\u201d, desde 2008, com o [&hellip;]\" \/>\n<meta property=\"og:url\" content=\"https:\/\/chaire-eti.org\/pt-br\/carlos-moreno\/\" \/>\n<meta property=\"og:site_name\" content=\"Chaire ETI\" \/>\n<meta property=\"article:modified_time\" content=\"2018-04-04T08:50:03+00:00\" \/>\n<meta name=\"author\" content=\"admin9390\" \/>\n<meta name=\"twitter:card\" content=\"summary_large_image\" \/>\n<meta name=\"twitter:label1\" content=\"Est. tempo de leitura\" \/>\n\t<meta name=\"twitter:data1\" content=\"4 minutos\" \/>\n<script type=\"application\/ld+json\" class=\"yoast-schema-graph\">{\"@context\":\"https:\/\/schema.org\",\"@graph\":[{\"@type\":\"WebSite\",\"@id\":\"https:\/\/chaire-eti.org\/pt-br\/#website\",\"url\":\"https:\/\/chaire-eti.org\/pt-br\/\",\"name\":\"Chaire ETI\",\"description\":\"Entrepreneuriat, Territoire, Innovation\",\"potentialAction\":[{\"@type\":\"SearchAction\",\"target\":{\"@type\":\"EntryPoint\",\"urlTemplate\":\"https:\/\/chaire-eti.org\/pt-br\/?s={search_term_string}\"},\"query-input\":\"required name=search_term_string\"}],\"inLanguage\":\"pt-BR\"},{\"@type\":\"WebPage\",\"@id\":\"https:\/\/chaire-eti.org\/pt-br\/carlos-moreno\/#webpage\",\"url\":\"https:\/\/chaire-eti.org\/pt-br\/carlos-moreno\/\",\"name\":\"Carlos Moreno - Chaire ETI\",\"isPartOf\":{\"@id\":\"https:\/\/chaire-eti.org\/pt-br\/#website\"},\"datePublished\":\"2018-01-18T18:13:59+00:00\",\"dateModified\":\"2018-04-04T08:50:03+00:00\",\"breadcrumb\":{\"@id\":\"https:\/\/chaire-eti.org\/pt-br\/carlos-moreno\/#breadcrumb\"},\"inLanguage\":\"pt-BR\",\"potentialAction\":[{\"@type\":\"ReadAction\",\"target\":[\"https:\/\/chaire-eti.org\/pt-br\/carlos-moreno\/\"]}]},{\"@type\":\"BreadcrumbList\",\"@id\":\"https:\/\/chaire-eti.org\/pt-br\/carlos-moreno\/#breadcrumb\",\"itemListElement\":[{\"@type\":\"ListItem\",\"position\":1,\"name\":\"Accueil\",\"item\":\"https:\/\/chaire-eti.org\/pt-br\/\"},{\"@type\":\"ListItem\",\"position\":2,\"name\":\"Carlos Moreno\"}]}]}<\/script>\n<!-- \/ Yoast SEO plugin. -->","yoast_head_json":{"title":"Carlos Moreno - Chaire ETI","robots":{"index":"index","follow":"follow","max-snippet":"max-snippet:-1","max-image-preview":"max-image-preview:large","max-video-preview":"max-video-preview:-1"},"canonical":"https:\/\/chaire-eti.org\/pt-br\/carlos-moreno\/","og_locale":"pt_BR","og_type":"article","og_title":"Carlos Moreno - Chaire ETI","og_description":"A EQUIPE Carlos Moreno Diretor Cient\u00edfico Facebook Twitter LinkedIn Instagram O professor Carlos MORENO \u00e9 um cientista-empreendedor. Ele criou uma das primeiras startups da G\u00e9nople de Evry (1998), uma hist\u00f3ria de sucesso, comprada pelo Grupo ENGIE, em 2010, onde foi conselheiro cient\u00edfico. Ele \u00e9 um dos precursores das \u201cCidades Inteligentes\u201d, desde 2008, com o [&hellip;]","og_url":"https:\/\/chaire-eti.org\/pt-br\/carlos-moreno\/","og_site_name":"Chaire ETI","article_modified_time":"2018-04-04T08:50:03+00:00","author":"admin9390","twitter_card":"summary_large_image","twitter_misc":{"Est. tempo de leitura":"4 minutos"},"schema":{"@context":"https:\/\/schema.org","@graph":[{"@type":"WebSite","@id":"https:\/\/chaire-eti.org\/pt-br\/#website","url":"https:\/\/chaire-eti.org\/pt-br\/","name":"Chaire ETI","description":"Entrepreneuriat, Territoire, Innovation","potentialAction":[{"@type":"SearchAction","target":{"@type":"EntryPoint","urlTemplate":"https:\/\/chaire-eti.org\/pt-br\/?s={search_term_string}"},"query-input":"required name=search_term_string"}],"inLanguage":"pt-BR"},{"@type":"WebPage","@id":"https:\/\/chaire-eti.org\/pt-br\/carlos-moreno\/#webpage","url":"https:\/\/chaire-eti.org\/pt-br\/carlos-moreno\/","name":"Carlos Moreno - Chaire ETI","isPartOf":{"@id":"https:\/\/chaire-eti.org\/pt-br\/#website"},"datePublished":"2018-01-18T18:13:59+00:00","dateModified":"2018-04-04T08:50:03+00:00","breadcrumb":{"@id":"https:\/\/chaire-eti.org\/pt-br\/carlos-moreno\/#breadcrumb"},"inLanguage":"pt-BR","potentialAction":[{"@type":"ReadAction","target":["https:\/\/chaire-eti.org\/pt-br\/carlos-moreno\/"]}]},{"@type":"BreadcrumbList","@id":"https:\/\/chaire-eti.org\/pt-br\/carlos-moreno\/#breadcrumb","itemListElement":[{"@type":"ListItem","position":1,"name":"Accueil","item":"https:\/\/chaire-eti.org\/pt-br\/"},{"@type":"ListItem","position":2,"name":"Carlos Moreno"}]}]}},"_links":{"self":[{"href":"https:\/\/chaire-eti.org\/pt-br\/wp-json\/wp\/v2\/pages\/1062\/"}],"collection":[{"href":"https:\/\/chaire-eti.org\/pt-br\/wp-json\/wp\/v2\/pages\/"}],"about":[{"href":"https:\/\/chaire-eti.org\/pt-br\/wp-json\/wp\/v2\/types\/page\/"}],"author":[{"embeddable":true,"href":"https:\/\/chaire-eti.org\/pt-br\/wp-json\/wp\/v2\/users\/1\/"}],"replies":[{"embeddable":true,"href":"https:\/\/chaire-eti.org\/pt-br\/wp-json\/wp\/v2\/comments\/?post=1062"}],"version-history":[{"count":4,"href":"https:\/\/chaire-eti.org\/pt-br\/wp-json\/wp\/v2\/pages\/1062\/revisions\/"}],"predecessor-version":[{"id":1221,"href":"https:\/\/chaire-eti.org\/pt-br\/wp-json\/wp\/v2\/pages\/1062\/revisions\/1221\/"}],"wp:attachment":[{"href":"https:\/\/chaire-eti.org\/pt-br\/wp-json\/wp\/v2\/media\/?parent=1062"}],"curies":[{"name":"wp","href":"https:\/\/api.w.org\/{rel}","templated":true}]}}