{"id":1070,"date":"2018-02-12T09:06:53","date_gmt":"2018-02-12T08:06:53","guid":{"rendered":"https:\/\/chaire-eti.org\/christelle-thomas\/"},"modified":"2018-03-28T14:01:10","modified_gmt":"2018-03-28T12:01:10","slug":"christelle-thomas","status":"publish","type":"page","link":"https:\/\/chaire-eti.org\/pt-br\/christelle-thomas\/","title":{"rendered":"Christelle Thomas"},"content":{"rendered":"<p>[et_pb_section bb_built=&#8221;1&#8243; _builder_version=&#8221;3.0.100&#8243; background_image=&#8221;https:\/\/chaire-eti.org\/wp-content\/uploads\/2017\/11\/chaire-eti-sorbonne-parallaxe.jpg&#8221; next_background_color=&#8221;#000000&#8243;][et_pb_row][et_pb_column type=&#8221;4_4&#8243;][et_pb_text admin_label=&#8221;A equipe&#8221; _builder_version=&#8221;3.0.106&#8243; background_layout=&#8221;light&#8221; header_font=&#8221;|700|||||||&#8221; header_font_size=&#8221;36px&#8221; header_text_color=&#8221;#ffffff&#8221;]<\/p>\n<h1>A equipe<\/h1>\n<p>[\/et_pb_text][\/et_pb_column][\/et_pb_row][\/et_pb_section][et_pb_section bb_built=&#8221;1&#8243; fullwidth=&#8221;off&#8221; specialty=&#8221;on&#8221; _builder_version=&#8221;3.0.100&#8243; prev_background_color=&#8221;#000000&#8243;][et_pb_column type=&#8221;1_4&#8243;][et_pb_sidebar _builder_version=&#8221;3.0.96&#8243; area=&#8221;et_pb_widget_area_1&#8243; orientation=&#8221;left&#8221; show_border=&#8221;on&#8221; background_layout=&#8221;light&#8221; \/][\/et_pb_column][et_pb_column type=&#8221;3_4&#8243; specialty_columns=&#8221;3&#8243;][et_pb_row_inner admin_label=&#8221;Ligne&#8221;][et_pb_column_inner type=&#8221;1_2&#8243; saved_specialty_column_type=&#8221;3_4&#8243;][et_pb_image _builder_version=&#8221;3.0.101&#8243; src=&#8221;https:\/\/chaire-eti.org\/wp-content\/uploads\/2018\/02\/christelle-thomas-deleguee-generale-chaire-eti-sorbonne-pantheon.jpg&#8221; show_in_lightbox=&#8221;off&#8221; url_new_window=&#8221;off&#8221; use_overlay=&#8221;off&#8221; always_center_on_mobile=&#8221;on&#8221; force_fullwidth=&#8221;off&#8221; show_bottom_space=&#8221;on&#8221; \/][\/et_pb_column_inner][et_pb_column_inner type=&#8221;1_2&#8243; saved_specialty_column_type=&#8221;3_4&#8243;][\/et_pb_column_inner][\/et_pb_row_inner][et_pb_row_inner admin_label=&#8221;Ligne&#8221; _builder_version=&#8221;3.0.96&#8243; custom_margin=&#8221;0px|||&#8221; custom_padding=&#8221;0px|||&#8221;][et_pb_column_inner type=&#8221;4_4&#8243; saved_specialty_column_type=&#8221;3_4&#8243;][et_pb_text admin_label=&#8221;Delegada Geral&#8221; _builder_version=&#8221;3.0.106&#8243; background_layout=&#8221;light&#8221; header_4_text_color=&#8221;#44b7d4&#8243;]<\/p>\n<h2>Christelle Thomas<\/h2>\n<h4>Delegada Geral<\/h4>\n<p>[\/et_pb_text][et_pb_text _builder_version=&#8221;3.0.106&#8243; background_layout=&#8221;light&#8221;]<\/p>\n<p>Formada em Rela\u00e7\u00f5es Internacionais pelo IEP (Instituto de Estudos Pol\u00edticos) e pela Sup de Co, MSP (Escola Superior de Com\u00e9rcio de Paris), estudou na EHESS (Escola de Estudos Superiores em Ci\u00eancias Sociais) e na LSTHM (London School of Hygiene and Tropical Medecine). Ela trabalhou no escrit\u00f3rio de PricewaterhouseCoopers no Vietnam, depois em Hong Kong para o lan\u00e7amento da primeira startup asi\u00e1tica, listada no NASDAQ.<\/p>\n<p>Em seguida, ela colaborou com v\u00e1rias organiza\u00e7\u00f5es internacionais &#8211;  OCDE, OMS, Proparco \/ AFD. Ela trabalhou em diferentes programas, e especialmente sobre o papel do setor privado como acelerador de crescimento. Desde 2009, ela interv\u00e9m, igualmente, junto a universidades sobre tem\u00e1ticas de rela\u00e7\u00f5es interculturais e de gest\u00e3o de projetos internacionais.<\/p>\n<p>[\/et_pb_text][\/et_pb_column_inner][\/et_pb_row_inner][\/et_pb_column][\/et_pb_section]<\/p>\n","protected":false},"excerpt":{"rendered":"<p><div class=\"et_pb_row et_pb_row_0 et_pb_row_empty\">\n\t\t\t\t\n\t\t\t\t\n\t\t\t\t\n\t\t\t\t\n\t\t\t\t\n\t\t\t<\/div> A equipe Christelle Thomas Delegada Geral Formada em Rela\u00e7\u00f5es Internacionais pelo IEP (Instituto de Estudos Pol\u00edticos) e pela Sup de Co, MSP (Escola Superior de Com\u00e9rcio de Paris), estudou na EHESS (Escola de Estudos Superiores em Ci\u00eancias Sociais) e na LSTHM (London School of Hygiene and Tropical Medecine). Ela trabalhou no escrit\u00f3rio de PricewaterhouseCoopers [&hellip;]<\/p>\n","protected":false},"author":1,"featured_media":0,"parent":0,"menu_order":0,"comment_status":"closed","ping_status":"closed","template":"","meta":{"_et_pb_use_builder":"on","_et_pb_old_content":"","_et_gb_content_width":"","_mi_skip_tracking":false},"yoast_head":"<!-- This site is optimized with the Yoast SEO plugin v19.2 - https:\/\/yoast.com\/wordpress\/plugins\/seo\/ -->\n<title>Christelle Thomas - Chaire ETI<\/title>\n<meta name=\"robots\" content=\"index, follow, max-snippet:-1, max-image-preview:large, max-video-preview:-1\" \/>\n<link rel=\"canonical\" href=\"https:\/\/chaire-eti.org\/pt-br\/christelle-thomas\/\" \/>\n<meta property=\"og:locale\" content=\"pt_BR\" \/>\n<meta property=\"og:type\" content=\"article\" \/>\n<meta property=\"og:title\" content=\"Christelle Thomas - Chaire ETI\" \/>\n<meta property=\"og:description\" content=\"A equipe Christelle Thomas Delegada Geral Formada em Rela\u00e7\u00f5es Internacionais pelo IEP (Instituto de Estudos Pol\u00edticos) e pela Sup de Co, MSP (Escola Superior de Com\u00e9rcio de Paris), estudou na EHESS (Escola de Estudos Superiores em Ci\u00eancias Sociais) e na LSTHM (London School of Hygiene and Tropical Medecine). Ela trabalhou no escrit\u00f3rio de PricewaterhouseCoopers [&hellip;]\" \/>\n<meta property=\"og:url\" content=\"https:\/\/chaire-eti.org\/pt-br\/christelle-thomas\/\" \/>\n<meta property=\"og:site_name\" content=\"Chaire ETI\" \/>\n<meta property=\"article:modified_time\" content=\"2018-03-28T12:01:10+00:00\" \/>\n<meta name=\"author\" content=\"admin9390\" \/>\n<meta name=\"twitter:card\" content=\"summary_large_image\" \/>\n<meta name=\"twitter:label1\" content=\"Est. tempo de leitura\" \/>\n\t<meta name=\"twitter:data1\" content=\"2 minutos\" \/>\n<script type=\"application\/ld+json\" class=\"yoast-schema-graph\">{\"@context\":\"https:\/\/schema.org\",\"@graph\":[{\"@type\":\"WebSite\",\"@id\":\"https:\/\/chaire-eti.org\/#website\",\"url\":\"https:\/\/chaire-eti.org\/\",\"name\":\"Chaire ETI\",\"description\":\"Entrepreneuriat, Territoire, Innovation\",\"potentialAction\":[{\"@type\":\"SearchAction\",\"target\":{\"@type\":\"EntryPoint\",\"urlTemplate\":\"https:\/\/chaire-eti.org\/?s={search_term_string}\"},\"query-input\":\"required name=search_term_string\"}],\"inLanguage\":\"pt-BR\"},{\"@type\":\"WebPage\",\"@id\":\"https:\/\/chaire-eti.org\/pt-br\/christelle-thomas\/#webpage\",\"url\":\"https:\/\/chaire-eti.org\/pt-br\/christelle-thomas\/\",\"name\":\"Christelle Thomas - Chaire ETI\",\"isPartOf\":{\"@id\":\"https:\/\/chaire-eti.org\/#website\"},\"datePublished\":\"2018-02-12T08:06:53+00:00\",\"dateModified\":\"2018-03-28T12:01:10+00:00\",\"breadcrumb\":{\"@id\":\"https:\/\/chaire-eti.org\/pt-br\/christelle-thomas\/#breadcrumb\"},\"inLanguage\":\"pt-BR\",\"potentialAction\":[{\"@type\":\"ReadAction\",\"target\":[\"https:\/\/chaire-eti.org\/pt-br\/christelle-thomas\/\"]}]},{\"@type\":\"BreadcrumbList\",\"@id\":\"https:\/\/chaire-eti.org\/pt-br\/christelle-thomas\/#breadcrumb\",\"itemListElement\":[{\"@type\":\"ListItem\",\"position\":1,\"name\":\"Accueil\",\"item\":\"https:\/\/chaire-eti.org\/pt-br\/\"},{\"@type\":\"ListItem\",\"position\":2,\"name\":\"Christelle Thomas\"}]}]}<\/script>\n<!-- \/ Yoast SEO plugin. -->","yoast_head_json":{"title":"Christelle Thomas - Chaire ETI","robots":{"index":"index","follow":"follow","max-snippet":"max-snippet:-1","max-image-preview":"max-image-preview:large","max-video-preview":"max-video-preview:-1"},"canonical":"https:\/\/chaire-eti.org\/pt-br\/christelle-thomas\/","og_locale":"pt_BR","og_type":"article","og_title":"Christelle Thomas - Chaire ETI","og_description":"A equipe Christelle Thomas Delegada Geral Formada em Rela\u00e7\u00f5es Internacionais pelo IEP (Instituto de Estudos Pol\u00edticos) e pela Sup de Co, MSP (Escola Superior de Com\u00e9rcio de Paris), estudou na EHESS (Escola de Estudos Superiores em Ci\u00eancias Sociais) e na LSTHM (London School of Hygiene and Tropical Medecine). Ela trabalhou no escrit\u00f3rio de PricewaterhouseCoopers [&hellip;]","og_url":"https:\/\/chaire-eti.org\/pt-br\/christelle-thomas\/","og_site_name":"Chaire ETI","article_modified_time":"2018-03-28T12:01:10+00:00","author":"admin9390","twitter_card":"summary_large_image","twitter_misc":{"Est. tempo de leitura":"2 minutos"},"schema":{"@context":"https:\/\/schema.org","@graph":[{"@type":"WebSite","@id":"https:\/\/chaire-eti.org\/#website","url":"https:\/\/chaire-eti.org\/","name":"Chaire ETI","description":"Entrepreneuriat, Territoire, Innovation","potentialAction":[{"@type":"SearchAction","target":{"@type":"EntryPoint","urlTemplate":"https:\/\/chaire-eti.org\/?s={search_term_string}"},"query-input":"required name=search_term_string"}],"inLanguage":"pt-BR"},{"@type":"WebPage","@id":"https:\/\/chaire-eti.org\/pt-br\/christelle-thomas\/#webpage","url":"https:\/\/chaire-eti.org\/pt-br\/christelle-thomas\/","name":"Christelle Thomas - Chaire ETI","isPartOf":{"@id":"https:\/\/chaire-eti.org\/#website"},"datePublished":"2018-02-12T08:06:53+00:00","dateModified":"2018-03-28T12:01:10+00:00","breadcrumb":{"@id":"https:\/\/chaire-eti.org\/pt-br\/christelle-thomas\/#breadcrumb"},"inLanguage":"pt-BR","potentialAction":[{"@type":"ReadAction","target":["https:\/\/chaire-eti.org\/pt-br\/christelle-thomas\/"]}]},{"@type":"BreadcrumbList","@id":"https:\/\/chaire-eti.org\/pt-br\/christelle-thomas\/#breadcrumb","itemListElement":[{"@type":"ListItem","position":1,"name":"Accueil","item":"https:\/\/chaire-eti.org\/pt-br\/"},{"@type":"ListItem","position":2,"name":"Christelle Thomas"}]}]}},"_links":{"self":[{"href":"https:\/\/chaire-eti.org\/pt-br\/wp-json\/wp\/v2\/pages\/1070\/"}],"collection":[{"href":"https:\/\/chaire-eti.org\/pt-br\/wp-json\/wp\/v2\/pages\/"}],"about":[{"href":"https:\/\/chaire-eti.org\/pt-br\/wp-json\/wp\/v2\/types\/page\/"}],"author":[{"embeddable":true,"href":"https:\/\/chaire-eti.org\/pt-br\/wp-json\/wp\/v2\/users\/1\/"}],"replies":[{"embeddable":true,"href":"https:\/\/chaire-eti.org\/pt-br\/wp-json\/wp\/v2\/comments\/?post=1070"}],"version-history":[{"count":2,"href":"https:\/\/chaire-eti.org\/pt-br\/wp-json\/wp\/v2\/pages\/1070\/revisions\/"}],"predecessor-version":[{"id":1072,"href":"https:\/\/chaire-eti.org\/pt-br\/wp-json\/wp\/v2\/pages\/1070\/revisions\/1072\/"}],"wp:attachment":[{"href":"https:\/\/chaire-eti.org\/pt-br\/wp-json\/wp\/v2\/media\/?parent=1070"}],"curies":[{"name":"wp","href":"https:\/\/api.w.org\/{rel}","templated":true}]}}