{"id":1073,"date":"2018-01-19T09:07:43","date_gmt":"2018-01-19T08:07:43","guid":{"rendered":"https:\/\/chaire-eti.org\/florent-pratlong\/"},"modified":"2018-03-28T14:05:47","modified_gmt":"2018-03-28T12:05:47","slug":"florent-pratlong","status":"publish","type":"page","link":"https:\/\/chaire-eti.org\/pt-br\/florent-pratlong\/","title":{"rendered":"Florent Pratlong"},"content":{"rendered":"<p>[et_pb_section bb_built=&#8221;1&#8243; _builder_version=&#8221;3.0.96&#8243; background_image=&#8221;https:\/\/chaire-eti.org\/wp-content\/uploads\/2017\/11\/chaire-eti-sorbonne-parallaxe.jpg&#8221; next_background_color=&#8221;#000000&#8243;][et_pb_row][et_pb_column type=&#8221;4_4&#8243;][et_pb_text admin_label=&#8221;A equipe&#8221; _builder_version=&#8221;3.0.106&#8243; background_layout=&#8221;light&#8221; header_font=&#8221;|700|||||||&#8221; header_font_size=&#8221;36px&#8221; header_text_color=&#8221;#ffffff&#8221;]<\/p>\n<h1>A equipe<\/h1>\n<p>[\/et_pb_text][\/et_pb_column][\/et_pb_row][\/et_pb_section][et_pb_section bb_built=&#8221;1&#8243; fullwidth=&#8221;off&#8221; specialty=&#8221;on&#8221; prev_background_color=&#8221;#000000&#8243;][et_pb_column type=&#8221;1_4&#8243;][et_pb_sidebar _builder_version=&#8221;3.0.96&#8243; area=&#8221;et_pb_widget_area_1&#8243; orientation=&#8221;left&#8221; show_border=&#8221;on&#8221; background_layout=&#8221;light&#8221; \/][\/et_pb_column][et_pb_column type=&#8221;3_4&#8243; specialty_columns=&#8221;3&#8243;][et_pb_row_inner admin_label=&#8221;Ligne&#8221;][et_pb_column_inner type=&#8221;1_2&#8243; saved_specialty_column_type=&#8221;3_4&#8243;][et_pb_image _builder_version=&#8221;3.0.101&#8243; src=&#8221;https:\/\/chaire-eti.org\/wp-content\/uploads\/2018\/02\/florent-pratlong-directeur-adjoint-chaire-eti-sorbonne-pantheon-2.jpg&#8221; show_in_lightbox=&#8221;off&#8221; url_new_window=&#8221;off&#8221; use_overlay=&#8221;off&#8221; always_center_on_mobile=&#8221;on&#8221; force_fullwidth=&#8221;off&#8221; show_bottom_space=&#8221;on&#8221; \/][\/et_pb_column_inner][et_pb_column_inner type=&#8221;1_2&#8243; saved_specialty_column_type=&#8221;3_4&#8243;][\/et_pb_column_inner][\/et_pb_row_inner][et_pb_row_inner admin_label=&#8221;Ligne&#8221; _builder_version=&#8221;3.0.96&#8243; custom_margin=&#8221;0px|||&#8221; custom_padding=&#8221;0px|||&#8221;][et_pb_column_inner type=&#8221;4_4&#8243; saved_specialty_column_type=&#8221;3_4&#8243;][et_pb_text _builder_version=&#8221;3.0.106&#8243; background_layout=&#8221;light&#8221; header_4_text_color=&#8221;#44b7d4&#8243;]<\/p>\n<h2>Florent Pratlong<\/h2>\n<h4>Diretor Geral Adjunto<\/h4>\n<p>[\/et_pb_text][et_pb_text _builder_version=&#8221;3.0.106&#8243; background_layout=&#8221;light&#8221;]<\/p>\n<p>Florent Pratlong \u00e9 professor na UFR 06 (Escola de Gest\u00e3o da Sorbonne, Universidade Panth\u00e9on-Sorbonne), especialista em inova\u00e7\u00e3o, respons\u00e1vel pelo Mestrado em gest\u00e3o da inova\u00e7\u00e3o na UFR 06, Secret\u00e1rio da Comiss\u00e3o da Academia das Tecnologias, participa tamb\u00e9m das a\u00e7\u00f5es do Clube de Paris dos Diretores da inova\u00e7\u00e3o, concebeu e implantou programas de forma\u00e7\u00e3o em inova\u00e7\u00e3o e viagens de aprendizagem.<\/p>\n<p>[\/et_pb_text][\/et_pb_column_inner][\/et_pb_row_inner][\/et_pb_column][\/et_pb_section]<\/p>\n","protected":false},"excerpt":{"rendered":"<p><div class=\"et_pb_row et_pb_row_0 et_pb_row_empty\">\n\t\t\t\t\n\t\t\t\t\n\t\t\t\t\n\t\t\t\t\n\t\t\t\t\n\t\t\t<\/div> A equipe Florent Pratlong Diretor Geral Adjunto Florent Pratlong \u00e9 professor na UFR 06 (Escola de Gest\u00e3o da Sorbonne, Universidade Panth\u00e9on-Sorbonne), especialista em inova\u00e7\u00e3o, respons\u00e1vel pelo Mestrado em gest\u00e3o da inova\u00e7\u00e3o na UFR 06, Secret\u00e1rio da Comiss\u00e3o da Academia das Tecnologias, participa tamb\u00e9m das a\u00e7\u00f5es do Clube de Paris dos Diretores da inova\u00e7\u00e3o, concebeu [&hellip;]<\/p>\n","protected":false},"author":1,"featured_media":0,"parent":0,"menu_order":0,"comment_status":"closed","ping_status":"closed","template":"","meta":{"_et_pb_use_builder":"on","_et_pb_old_content":"","_et_gb_content_width":"","_mi_skip_tracking":false},"yoast_head":"<!-- This site is optimized with the Yoast SEO plugin v19.2 - https:\/\/yoast.com\/wordpress\/plugins\/seo\/ -->\n<title>Florent Pratlong - Chaire ETI<\/title>\n<meta name=\"robots\" content=\"index, follow, max-snippet:-1, max-image-preview:large, max-video-preview:-1\" \/>\n<link rel=\"canonical\" href=\"https:\/\/chaire-eti.org\/pt-br\/florent-pratlong\/\" \/>\n<meta property=\"og:locale\" content=\"pt_BR\" \/>\n<meta property=\"og:type\" content=\"article\" \/>\n<meta property=\"og:title\" content=\"Florent Pratlong - Chaire ETI\" \/>\n<meta property=\"og:description\" content=\"A equipe Florent Pratlong Diretor Geral Adjunto Florent Pratlong \u00e9 professor na UFR 06 (Escola de Gest\u00e3o da Sorbonne, Universidade Panth\u00e9on-Sorbonne), especialista em inova\u00e7\u00e3o, respons\u00e1vel pelo Mestrado em gest\u00e3o da inova\u00e7\u00e3o na UFR 06, Secret\u00e1rio da Comiss\u00e3o da Academia das Tecnologias, participa tamb\u00e9m das a\u00e7\u00f5es do Clube de Paris dos Diretores da inova\u00e7\u00e3o, concebeu [&hellip;]\" \/>\n<meta property=\"og:url\" content=\"https:\/\/chaire-eti.org\/pt-br\/florent-pratlong\/\" \/>\n<meta property=\"og:site_name\" content=\"Chaire ETI\" \/>\n<meta property=\"article:modified_time\" content=\"2018-03-28T12:05:47+00:00\" \/>\n<meta name=\"author\" content=\"admin9390\" \/>\n<meta name=\"twitter:card\" content=\"summary_large_image\" \/>\n<meta name=\"twitter:label1\" content=\"Est. tempo de leitura\" \/>\n\t<meta name=\"twitter:data1\" content=\"2 minutos\" \/>\n<script type=\"application\/ld+json\" class=\"yoast-schema-graph\">{\"@context\":\"https:\/\/schema.org\",\"@graph\":[{\"@type\":\"WebSite\",\"@id\":\"https:\/\/chaire-eti.org\/pt-br\/#website\",\"url\":\"https:\/\/chaire-eti.org\/pt-br\/\",\"name\":\"Chaire ETI\",\"description\":\"Entrepreneuriat, Territoire, Innovation\",\"potentialAction\":[{\"@type\":\"SearchAction\",\"target\":{\"@type\":\"EntryPoint\",\"urlTemplate\":\"https:\/\/chaire-eti.org\/pt-br\/?s={search_term_string}\"},\"query-input\":\"required name=search_term_string\"}],\"inLanguage\":\"pt-BR\"},{\"@type\":\"WebPage\",\"@id\":\"https:\/\/chaire-eti.org\/pt-br\/florent-pratlong\/#webpage\",\"url\":\"https:\/\/chaire-eti.org\/pt-br\/florent-pratlong\/\",\"name\":\"Florent Pratlong - Chaire ETI\",\"isPartOf\":{\"@id\":\"https:\/\/chaire-eti.org\/pt-br\/#website\"},\"datePublished\":\"2018-01-19T08:07:43+00:00\",\"dateModified\":\"2018-03-28T12:05:47+00:00\",\"breadcrumb\":{\"@id\":\"https:\/\/chaire-eti.org\/pt-br\/florent-pratlong\/#breadcrumb\"},\"inLanguage\":\"pt-BR\",\"potentialAction\":[{\"@type\":\"ReadAction\",\"target\":[\"https:\/\/chaire-eti.org\/pt-br\/florent-pratlong\/\"]}]},{\"@type\":\"BreadcrumbList\",\"@id\":\"https:\/\/chaire-eti.org\/pt-br\/florent-pratlong\/#breadcrumb\",\"itemListElement\":[{\"@type\":\"ListItem\",\"position\":1,\"name\":\"Accueil\",\"item\":\"https:\/\/chaire-eti.org\/pt-br\/\"},{\"@type\":\"ListItem\",\"position\":2,\"name\":\"Florent Pratlong\"}]}]}<\/script>\n<!-- \/ Yoast SEO plugin. -->","yoast_head_json":{"title":"Florent Pratlong - Chaire ETI","robots":{"index":"index","follow":"follow","max-snippet":"max-snippet:-1","max-image-preview":"max-image-preview:large","max-video-preview":"max-video-preview:-1"},"canonical":"https:\/\/chaire-eti.org\/pt-br\/florent-pratlong\/","og_locale":"pt_BR","og_type":"article","og_title":"Florent Pratlong - Chaire ETI","og_description":"A equipe Florent Pratlong Diretor Geral Adjunto Florent Pratlong \u00e9 professor na UFR 06 (Escola de Gest\u00e3o da Sorbonne, Universidade Panth\u00e9on-Sorbonne), especialista em inova\u00e7\u00e3o, respons\u00e1vel pelo Mestrado em gest\u00e3o da inova\u00e7\u00e3o na UFR 06, Secret\u00e1rio da Comiss\u00e3o da Academia das Tecnologias, participa tamb\u00e9m das a\u00e7\u00f5es do Clube de Paris dos Diretores da inova\u00e7\u00e3o, concebeu [&hellip;]","og_url":"https:\/\/chaire-eti.org\/pt-br\/florent-pratlong\/","og_site_name":"Chaire ETI","article_modified_time":"2018-03-28T12:05:47+00:00","author":"admin9390","twitter_card":"summary_large_image","twitter_misc":{"Est. tempo de leitura":"2 minutos"},"schema":{"@context":"https:\/\/schema.org","@graph":[{"@type":"WebSite","@id":"https:\/\/chaire-eti.org\/pt-br\/#website","url":"https:\/\/chaire-eti.org\/pt-br\/","name":"Chaire ETI","description":"Entrepreneuriat, Territoire, Innovation","potentialAction":[{"@type":"SearchAction","target":{"@type":"EntryPoint","urlTemplate":"https:\/\/chaire-eti.org\/pt-br\/?s={search_term_string}"},"query-input":"required name=search_term_string"}],"inLanguage":"pt-BR"},{"@type":"WebPage","@id":"https:\/\/chaire-eti.org\/pt-br\/florent-pratlong\/#webpage","url":"https:\/\/chaire-eti.org\/pt-br\/florent-pratlong\/","name":"Florent Pratlong - Chaire ETI","isPartOf":{"@id":"https:\/\/chaire-eti.org\/pt-br\/#website"},"datePublished":"2018-01-19T08:07:43+00:00","dateModified":"2018-03-28T12:05:47+00:00","breadcrumb":{"@id":"https:\/\/chaire-eti.org\/pt-br\/florent-pratlong\/#breadcrumb"},"inLanguage":"pt-BR","potentialAction":[{"@type":"ReadAction","target":["https:\/\/chaire-eti.org\/pt-br\/florent-pratlong\/"]}]},{"@type":"BreadcrumbList","@id":"https:\/\/chaire-eti.org\/pt-br\/florent-pratlong\/#breadcrumb","itemListElement":[{"@type":"ListItem","position":1,"name":"Accueil","item":"https:\/\/chaire-eti.org\/pt-br\/"},{"@type":"ListItem","position":2,"name":"Florent Pratlong"}]}]}},"_links":{"self":[{"href":"https:\/\/chaire-eti.org\/pt-br\/wp-json\/wp\/v2\/pages\/1073\/"}],"collection":[{"href":"https:\/\/chaire-eti.org\/pt-br\/wp-json\/wp\/v2\/pages\/"}],"about":[{"href":"https:\/\/chaire-eti.org\/pt-br\/wp-json\/wp\/v2\/types\/page\/"}],"author":[{"embeddable":true,"href":"https:\/\/chaire-eti.org\/pt-br\/wp-json\/wp\/v2\/users\/1\/"}],"replies":[{"embeddable":true,"href":"https:\/\/chaire-eti.org\/pt-br\/wp-json\/wp\/v2\/comments\/?post=1073"}],"version-history":[{"count":2,"href":"https:\/\/chaire-eti.org\/pt-br\/wp-json\/wp\/v2\/pages\/1073\/revisions\/"}],"predecessor-version":[{"id":1075,"href":"https:\/\/chaire-eti.org\/pt-br\/wp-json\/wp\/v2\/pages\/1073\/revisions\/1075\/"}],"wp:attachment":[{"href":"https:\/\/chaire-eti.org\/pt-br\/wp-json\/wp\/v2\/media\/?parent=1073"}],"curies":[{"name":"wp","href":"https:\/\/api.w.org\/{rel}","templated":true}]}}