{"id":1084,"date":"2018-01-18T17:27:24","date_gmt":"2018-01-18T16:27:24","guid":{"rendered":"https:\/\/chaire-eti.org\/axes-de-recherche\/"},"modified":"2018-04-04T10:52:39","modified_gmt":"2018-04-04T08:52:39","slug":"axes-de-recherche","status":"publish","type":"page","link":"https:\/\/chaire-eti.org\/pt-br\/axes-de-recherche\/","title":{"rendered":"Linha de pesquisa"},"content":{"rendered":"<p>[et_pb_section bb_built=&#8221;1&#8243; _builder_version=&#8221;3.0.96&#8243; background_image=&#8221;https:\/\/chaire-eti.org\/wp-content\/uploads\/2017\/11\/chaire-eti-sorbonne-parallaxe.jpg&#8221; next_background_color=&#8221;#000000&#8243;][et_pb_row][et_pb_column type=&#8221;4_4&#8243;][et_pb_text admin_label=&#8221;Linha de pesquisa&#8221; _builder_version=&#8221;3.0.106&#8243; background_layout=&#8221;light&#8221; header_font=&#8221;|700|||||||&#8221; header_font_size=&#8221;36px&#8221; header_text_color=&#8221;#ffffff&#8221; header_2_font_size=&#8221;36px&#8221;]<\/p>\n<h1>Linha de pesquisa<\/h1>\n<p>[\/et_pb_text][\/et_pb_column][\/et_pb_row][\/et_pb_section][et_pb_section bb_built=&#8221;1&#8243; fullwidth=&#8221;off&#8221; specialty=&#8221;off&#8221; prev_background_color=&#8221;#000000&#8243; next_background_color=&#8221;#000000&#8243;][et_pb_row][et_pb_column type=&#8221;4_4&#8243;][et_pb_text admin_label=&#8221;NOSSA TEM\u00c1TICA&#8221; _builder_version=&#8221;3.0.106&#8243; background_layout=&#8221;light&#8221; header_2_font=&#8221;|300|||||||&#8221; header_2_text_color=&#8221;#44b7d4&#8243; header_2_line_height=&#8221;1.2em&#8221; header_2_font_size=&#8221;36px&#8221; text_text_color=&#8221;#042f40&#8243; header_3_font=&#8221;|700|||||||&#8221; header_3_line_height=&#8221;1.3em&#8221;]<\/p>\n<h2>NOSSA <strong>TEM\u00c1TICA<\/strong><\/h2>\n<p>[\/et_pb_text][et_pb_text admin_label=&#8221;Repenser&#8221; _builder_version=&#8221;3.0.106&#8243; background_layout=&#8221;light&#8221; header_2_font=&#8221;|300|||||||&#8221; header_2_text_color=&#8221;#44b7d4&#8243; header_2_line_height=&#8221;1.2em&#8221; header_2_font_size=&#8221;36px&#8221; text_text_color=&#8221;#042f40&#8243; header_3_font=&#8221;|700|||||||&#8221; header_3_line_height=&#8221;1.3em&#8221;]<\/p>\n<h3>Repensar a inova\u00e7\u00e3o e a disrup\u00e7\u00e3o nos territ\u00f3rios para ser fonte de cria\u00e7\u00e3o de valor econ\u00f4mico, social e ECOL\u00d3GICO!<\/h3>\n<p>Os objetivos da C\u00e1tedra ETI s\u00e3o desenvolver, partilhar e difundir reflex\u00f5es recentes e inovadoras, entre pesquisadores e parceiros associados, acerca do Territ\u00f3rio como atual piv\u00f4 na cria\u00e7\u00e3o de valores econ\u00f4mico, social e ecol\u00f3gico.<br \/>\nO trabalho produzido por pesquisadores se apresenta em formatos diferentes (curtos, escritos, visuais ou v\u00eddeos), de modo a torn\u00e1-lo mais acess\u00edvel a todos. Desejamos transmitir aos principiantes, que participam desse trabalho, o conhecimento cient\u00edfico de modo que ele seja \u00fatil \u00e0 vida e ao desenvolvimento de nossas cidades e territ\u00f3rios.<br \/>\nPor meio da C\u00e1tedra ETI, desejamos tamb\u00e9m criar v\u00ednculos fortes entre a pesquisa e os atores socioecon\u00f4micos, privados e p\u00fablicos, por meio de nossas pesquisas, estudos, publica\u00e7\u00f5es, eventos e miss\u00f5es de consultoria.<\/p>\n<p>[\/et_pb_text][\/et_pb_column][\/et_pb_row][\/et_pb_section][et_pb_section bb_built=&#8221;1&#8243; fullwidth=&#8221;off&#8221; specialty=&#8221;off&#8221; _builder_version=&#8221;3.0.96&#8243; background_video_mp4=&#8221;https:\/\/chaire-eti.org\/wp-content\/uploads\/2018\/01\/chaire-eti-paris-sorbonne-axes-de-recherche-hub.mp4&#8243; background_video_width=&#8221;960&#8243; background_video_height=&#8221;540&#8243; custom_padding=&#8221;150px||150px|&#8221; background_video_webm=&#8221;https:\/\/chaire-eti.org\/wp-content\/uploads\/2018\/01\/chaire-eti-paris-sorbonne-axes-de-recherche-hub.webm&#8221; background_image=&#8221;https:\/\/chaire-eti.org\/wp-content\/uploads\/2018\/01\/chaire-eti-hub-sorbonne.jpg&#8221; prev_background_color=&#8221;#000000&#8243; next_background_color=&#8221;#000000&#8243;][et_pb_row][et_pb_column type=&#8221;4_4&#8243;][et_pb_text admin_label=&#8221;Un Hub, un lieu de rencontres&#8221; _builder_version=&#8221;3.0.106&#8243; background_layout=&#8221;light&#8221; header_3_font=&#8221;|700|||||||&#8221; header_3_line_height=&#8221;1.3em&#8221; header_3_text_color=&#8221;#ffffff&#8221; text_orientation=&#8221;center&#8221; header_3_font_size=&#8221;32px&#8221;]<\/p>\n<h3>UM HUB, UM LUGAR DE ENCONTROS EM DIMENS\u00c3O NACIONAL E INTERNACIONAL<\/h3>\n<p>[\/et_pb_text][\/et_pb_column][\/et_pb_row][\/et_pb_section][et_pb_section bb_built=&#8221;1&#8243; fullwidth=&#8221;off&#8221; specialty=&#8221;off&#8221; prev_background_color=&#8221;#000000&#8243;][et_pb_row][et_pb_column type=&#8221;4_4&#8243;][et_pb_text admin_label=&#8221;Un Hub, un lieu de rencontres&#8221; _builder_version=&#8221;3.0.106&#8243; background_layout=&#8221;light&#8221; header_3_font=&#8221;|700|||||||&#8221; header_3_line_height=&#8221;1.3em&#8221;]<\/p>\n<p>A C\u00e1tedra ETI \u00e9 lugar f\u00edsico e virtual. E tal como o s\u00e9culo 21, \u00e9 um espa\u00e7o integrador de compet\u00eancias, cadinho de energias cruzadas, multiplicador de intelig\u00eancias coletivas.<\/p>\n<p>Criada em Paris, presente na Fran\u00e7a e no mundo, ela \u00e9 uma rede nacional e internacional de alto n\u00edvel, transdisciplinar e m\u00faltipla, animada pela profunda convic\u00e7\u00e3o de que devemos criar juntos e na diversidade de nossas pr\u00e1ticas, novos paradigmas, indispens\u00e1veis para antecipar muta\u00e7\u00f5es em devir, face aos desafios deste s\u00e9culo.<\/p>\n<p>[\/et_pb_text][et_pb_text _builder_version=&#8221;3.0.106&#8243; background_layout=&#8221;light&#8221; header_3_font=&#8221;|700|||||||&#8221;]<\/p>\n<h3>MOVIDOS PARA SER EXPLORADORES DA CIDADE DO AMANH\u00c3 ENQUANTO FONTE DE CRIA\u00c7\u00c3O DE VALOR!<\/h3>\n<p>Desenvolver territ\u00f3rios de inova\u00e7\u00e3o, construir espa\u00e7os de vida e de empreendedorismo, privilegiando a qualidade de vida face aos desafios ecol\u00f3gicos do s\u00e9culo 21.<\/p>\n<p>Desejamos trazer nossa contribui\u00e7\u00e3o para as mudan\u00e7as indispens\u00e1veis de paradigmas com ir e vir sobre o terreno:<\/p>\n<ul>\n<li><strong>EXPERIMENTA\u00c7\u00c3O:<\/strong> as experi\u00eancias de pesquisa da ETI ser\u00e3o conduzidas com base em a\u00e7\u00f5es empresariais e inovadoras, \u00e0 escala do territ\u00f3rio, com impacto substancial orientado para a cria\u00e7\u00e3o de valor, a qualidade de vida dos habitantes e a sustentabilidade global do territ\u00f3rio envolvido.<\/li>\n<li><strong>OPERACIONAL: <\/strong>os projetos de pesquisa ETI dever\u00e3o se articular em fun\u00e7\u00e3o de uma ambi\u00e7\u00e3o operacional, claramente definida, uma vis\u00e3o de longo prazo, inova\u00e7\u00f5es estruturantes em diversos setores, iniciativas p\u00fablicas e privadas, na converg\u00eancia de a\u00e7\u00f5es universit\u00e1rias e de recursos cient\u00edficos, econ\u00f4micos e industriais.<\/li>\n<li><strong>INTEGRATIVO:<\/strong> os projetos ETI far\u00e3o parte de uma iniciativa integrada com uma abordagem avaliativa, destacando-se a import\u00e2ncia da acessibilidade social das mudan\u00e7as, a viabilidade, a pertin\u00eancia dos novos modelos econ\u00f4micos e societ\u00e1rios, e os impactos das experi\u00eancias realizadas. As avalia\u00e7\u00f5es, pr\u00e9via e a posteriori, constru\u00eddas segundo a ambi\u00e7\u00e3o inicial do projeto, ocupam um lugar central nos objetivos da a\u00e7\u00e3o.<\/li>\n<\/ul>\n<p>[\/et_pb_text][\/et_pb_column][\/et_pb_row][\/et_pb_section]<\/p>\n","protected":false},"excerpt":{"rendered":"<p><div class=\"et_pb_row et_pb_row_0 et_pb_row_empty\">\n\t\t\t\t\n\t\t\t\t\n\t\t\t\t\n\t\t\t\t\n\t\t\t\t\n\t\t\t<\/div> Linha de pesquisa <div class=\"et_pb_row et_pb_row_1 et_pb_row_empty\">\n\t\t\t\t\n\t\t\t\t\n\t\t\t\t\n\t\t\t\t\n\t\t\t\t\n\t\t\t<\/div> NOSSA TEM\u00c1TICA Repensar a inova\u00e7\u00e3o e a disrup\u00e7\u00e3o nos territ\u00f3rios para ser fonte de cria\u00e7\u00e3o de valor econ\u00f4mico, social e ECOL\u00d3GICO! Os objetivos da C\u00e1tedra ETI s\u00e3o desenvolver, partilhar e difundir reflex\u00f5es recentes e inovadoras, entre pesquisadores e parceiros associados, acerca do Territ\u00f3rio como atual piv\u00f4 na cria\u00e7\u00e3o de valores [&hellip;]<\/p>\n","protected":false},"author":1,"featured_media":0,"parent":0,"menu_order":0,"comment_status":"closed","ping_status":"closed","template":"","meta":{"_et_pb_use_builder":"on","_et_pb_old_content":"","_et_gb_content_width":"","_mi_skip_tracking":false},"yoast_head":"<!-- This site is optimized with the Yoast SEO plugin v19.2 - https:\/\/yoast.com\/wordpress\/plugins\/seo\/ -->\n<title>Linha de pesquisa - Chaire ETI<\/title>\n<meta name=\"robots\" content=\"index, follow, max-snippet:-1, max-image-preview:large, max-video-preview:-1\" \/>\n<link rel=\"canonical\" href=\"https:\/\/chaire-eti.org\/pt-br\/axes-de-recherche\/\" \/>\n<meta property=\"og:locale\" content=\"pt_BR\" \/>\n<meta property=\"og:type\" content=\"article\" \/>\n<meta property=\"og:title\" content=\"Linha de pesquisa - Chaire ETI\" \/>\n<meta property=\"og:description\" content=\"Linha de pesquisa NOSSA TEM\u00c1TICA Repensar a inova\u00e7\u00e3o e a disrup\u00e7\u00e3o nos territ\u00f3rios para ser fonte de cria\u00e7\u00e3o de valor econ\u00f4mico, social e ECOL\u00d3GICO! Os objetivos da C\u00e1tedra ETI s\u00e3o desenvolver, partilhar e difundir reflex\u00f5es recentes e inovadoras, entre pesquisadores e parceiros associados, acerca do Territ\u00f3rio como atual piv\u00f4 na cria\u00e7\u00e3o de valores [&hellip;]\" \/>\n<meta property=\"og:url\" content=\"https:\/\/chaire-eti.org\/pt-br\/axes-de-recherche\/\" \/>\n<meta property=\"og:site_name\" content=\"Chaire ETI\" \/>\n<meta property=\"article:modified_time\" content=\"2018-04-04T08:52:39+00:00\" \/>\n<meta name=\"author\" content=\"admin9390\" \/>\n<meta name=\"twitter:card\" content=\"summary_large_image\" \/>\n<meta name=\"twitter:label1\" content=\"Est. tempo de leitura\" \/>\n\t<meta name=\"twitter:data1\" content=\"4 minutos\" \/>\n<script type=\"application\/ld+json\" class=\"yoast-schema-graph\">{\"@context\":\"https:\/\/schema.org\",\"@graph\":[{\"@type\":\"WebSite\",\"@id\":\"https:\/\/chaire-eti.org\/#website\",\"url\":\"https:\/\/chaire-eti.org\/\",\"name\":\"Chaire ETI\",\"description\":\"Entrepreneuriat, Territoire, Innovation\",\"potentialAction\":[{\"@type\":\"SearchAction\",\"target\":{\"@type\":\"EntryPoint\",\"urlTemplate\":\"https:\/\/chaire-eti.org\/?s={search_term_string}\"},\"query-input\":\"required name=search_term_string\"}],\"inLanguage\":\"pt-BR\"},{\"@type\":\"WebPage\",\"@id\":\"https:\/\/chaire-eti.org\/pt-br\/axes-de-recherche\/#webpage\",\"url\":\"https:\/\/chaire-eti.org\/pt-br\/axes-de-recherche\/\",\"name\":\"Linha de pesquisa - Chaire ETI\",\"isPartOf\":{\"@id\":\"https:\/\/chaire-eti.org\/#website\"},\"datePublished\":\"2018-01-18T16:27:24+00:00\",\"dateModified\":\"2018-04-04T08:52:39+00:00\",\"breadcrumb\":{\"@id\":\"https:\/\/chaire-eti.org\/pt-br\/axes-de-recherche\/#breadcrumb\"},\"inLanguage\":\"pt-BR\",\"potentialAction\":[{\"@type\":\"ReadAction\",\"target\":[\"https:\/\/chaire-eti.org\/pt-br\/axes-de-recherche\/\"]}]},{\"@type\":\"BreadcrumbList\",\"@id\":\"https:\/\/chaire-eti.org\/pt-br\/axes-de-recherche\/#breadcrumb\",\"itemListElement\":[{\"@type\":\"ListItem\",\"position\":1,\"name\":\"Accueil\",\"item\":\"https:\/\/chaire-eti.org\/pt-br\/\"},{\"@type\":\"ListItem\",\"position\":2,\"name\":\"Linha de pesquisa\"}]}]}<\/script>\n<!-- \/ Yoast SEO plugin. -->","yoast_head_json":{"title":"Linha de pesquisa - Chaire ETI","robots":{"index":"index","follow":"follow","max-snippet":"max-snippet:-1","max-image-preview":"max-image-preview:large","max-video-preview":"max-video-preview:-1"},"canonical":"https:\/\/chaire-eti.org\/pt-br\/axes-de-recherche\/","og_locale":"pt_BR","og_type":"article","og_title":"Linha de pesquisa - Chaire ETI","og_description":"Linha de pesquisa NOSSA TEM\u00c1TICA Repensar a inova\u00e7\u00e3o e a disrup\u00e7\u00e3o nos territ\u00f3rios para ser fonte de cria\u00e7\u00e3o de valor econ\u00f4mico, social e ECOL\u00d3GICO! Os objetivos da C\u00e1tedra ETI s\u00e3o desenvolver, partilhar e difundir reflex\u00f5es recentes e inovadoras, entre pesquisadores e parceiros associados, acerca do Territ\u00f3rio como atual piv\u00f4 na cria\u00e7\u00e3o de valores [&hellip;]","og_url":"https:\/\/chaire-eti.org\/pt-br\/axes-de-recherche\/","og_site_name":"Chaire ETI","article_modified_time":"2018-04-04T08:52:39+00:00","author":"admin9390","twitter_card":"summary_large_image","twitter_misc":{"Est. tempo de leitura":"4 minutos"},"schema":{"@context":"https:\/\/schema.org","@graph":[{"@type":"WebSite","@id":"https:\/\/chaire-eti.org\/#website","url":"https:\/\/chaire-eti.org\/","name":"Chaire ETI","description":"Entrepreneuriat, Territoire, Innovation","potentialAction":[{"@type":"SearchAction","target":{"@type":"EntryPoint","urlTemplate":"https:\/\/chaire-eti.org\/?s={search_term_string}"},"query-input":"required name=search_term_string"}],"inLanguage":"pt-BR"},{"@type":"WebPage","@id":"https:\/\/chaire-eti.org\/pt-br\/axes-de-recherche\/#webpage","url":"https:\/\/chaire-eti.org\/pt-br\/axes-de-recherche\/","name":"Linha de pesquisa - Chaire ETI","isPartOf":{"@id":"https:\/\/chaire-eti.org\/#website"},"datePublished":"2018-01-18T16:27:24+00:00","dateModified":"2018-04-04T08:52:39+00:00","breadcrumb":{"@id":"https:\/\/chaire-eti.org\/pt-br\/axes-de-recherche\/#breadcrumb"},"inLanguage":"pt-BR","potentialAction":[{"@type":"ReadAction","target":["https:\/\/chaire-eti.org\/pt-br\/axes-de-recherche\/"]}]},{"@type":"BreadcrumbList","@id":"https:\/\/chaire-eti.org\/pt-br\/axes-de-recherche\/#breadcrumb","itemListElement":[{"@type":"ListItem","position":1,"name":"Accueil","item":"https:\/\/chaire-eti.org\/pt-br\/"},{"@type":"ListItem","position":2,"name":"Linha de pesquisa"}]}]}},"_links":{"self":[{"href":"https:\/\/chaire-eti.org\/pt-br\/wp-json\/wp\/v2\/pages\/1084\/"}],"collection":[{"href":"https:\/\/chaire-eti.org\/pt-br\/wp-json\/wp\/v2\/pages\/"}],"about":[{"href":"https:\/\/chaire-eti.org\/pt-br\/wp-json\/wp\/v2\/types\/page\/"}],"author":[{"embeddable":true,"href":"https:\/\/chaire-eti.org\/pt-br\/wp-json\/wp\/v2\/users\/1\/"}],"replies":[{"embeddable":true,"href":"https:\/\/chaire-eti.org\/pt-br\/wp-json\/wp\/v2\/comments\/?post=1084"}],"version-history":[{"count":5,"href":"https:\/\/chaire-eti.org\/pt-br\/wp-json\/wp\/v2\/pages\/1084\/revisions\/"}],"predecessor-version":[{"id":1223,"href":"https:\/\/chaire-eti.org\/pt-br\/wp-json\/wp\/v2\/pages\/1084\/revisions\/1223\/"}],"wp:attachment":[{"href":"https:\/\/chaire-eti.org\/pt-br\/wp-json\/wp\/v2\/media\/?parent=1084"}],"curies":[{"name":"wp","href":"https:\/\/api.w.org\/{rel}","templated":true}]}}