{"id":1090,"date":"2018-01-07T15:16:23","date_gmt":"2018-01-07T14:16:23","guid":{"rendered":"https:\/\/chaire-eti.org\/partenaires\/"},"modified":"2018-04-04T10:56:21","modified_gmt":"2018-04-04T08:56:21","slug":"partenaires","status":"publish","type":"page","link":"https:\/\/chaire-eti.org\/pt-br\/partenaires\/","title":{"rendered":"PARCERIAS"},"content":{"rendered":"<p>[et_pb_section bb_built=&#8221;1&#8243; _builder_version=&#8221;3.0.92&#8243; background_image=&#8221;https:\/\/chaire-eti.org\/wp-content\/uploads\/2017\/11\/chaire-eti-sorbonne-parallaxe.jpg&#8221; next_background_color=&#8221;#000000&#8243;][et_pb_row][et_pb_column type=&#8221;4_4&#8243;][et_pb_text admin_label=&#8221;Partenaires&#8221; _builder_version=&#8221;3.0.106&#8243; background_layout=&#8221;light&#8221; header_font=&#8221;|700|||||||&#8221; header_font_size=&#8221;36px&#8221; header_text_color=&#8221;#ffffff&#8221;]<\/p>\n<h1>PARCERIAS<\/h1>\n<p>[\/et_pb_text][\/et_pb_column][\/et_pb_row][\/et_pb_section][et_pb_section bb_built=&#8221;1&#8243; fullwidth=&#8221;off&#8221; specialty=&#8221;off&#8221; prev_background_color=&#8221;#000000&#8243; next_background_color=&#8221;#f6f6f6&#8243;][et_pb_row][et_pb_column type=&#8221;4_4&#8243;][et_pb_text admin_label=&#8221;Partenaires &#8211; Axes d&#8217;int\u00e9r\u00eats &#8230;&#8221; _builder_version=&#8221;3.0.106&#8243; background_layout=&#8221;light&#8221; header_font=&#8221;|300|||||||&#8221; header_font_size=&#8221;36px&#8221; header_text_color=&#8221;#44b7d4&#8243; header_line_height=&#8221;1.3em&#8221;]<\/p>\n<h1>PARCERIAS &#8211; <strong>EIXOS DE INTERESSE<\/strong> POSS\u00cdVEIS PARA A C\u00c1TEDRA NA SORBONNE \u2013 IAE<\/h1>\n<p><strong>A C\u00e1tedra \u00e9 um espa\u00e7o de reflex\u00e3o, colabora\u00e7\u00e3o e trabalho cient\u00edfico, acad\u00eamico e profissional acerca da tem\u00e1tica Empreendedorismo, Territ\u00f3rio, Inova\u00e7\u00e3o.<\/strong><\/p>\n<p>Ela oferece um espa\u00e7o muito amplo a seus membros para que possam desenvolver a\u00e7\u00f5es conjuntas, utilizando os recursos da C\u00e1tedra. Ao reunir equipes de alt\u00edssimo n\u00edvel nacional e internacional, <strong>a C\u00e1tedra oferece uma grande visibilidade a seus membros e oferece acessos colaborativos para projetos e desenvolvimento estrutural de alta qualidade, como meta.<\/strong> O compromisso de 3 anos \u00e9 uma garantia de durabilidade para maximizar os esfor\u00e7os e investimentos de cada um dos atores.<\/p>\n<p>Os apoios institucionais nacionais e internacionais tamb\u00e9m constituem uma alavanca muito importante. O conjunto de parcerias j\u00e1 estabelecidas pelas 3 equipes fundadoras d\u00e1 acesso a uma vasta rede internacional, reconhecida unanimemente por sua excel\u00eancia no mundo: o F\u00f3rum Internacional &#8220;Live in a living city&#8221; do Professor Carlos Moreno, Diretor Cient\u00edfico da C\u00e1tedra, a equipe do IAE (Sorbonne Business School) representada pelo Professor Didier Chabaud e o Mestrado IMT (Inova\u00e7\u00e3o e Gest\u00e3o de Tecnologias) da Universidade de Paris 1 Panth\u00e9on-Sorbonne, representado por Florent Pratlong.<\/p>\n<p><strong>O parceiro enquanto membro fundador participar\u00e1 do Comit\u00ea Diretivo da C\u00e1tedra.<\/strong><\/p>\n<p>[\/et_pb_text][\/et_pb_column][\/et_pb_row][\/et_pb_section][et_pb_section bb_built=&#8221;1&#8243; fullwidth=&#8221;off&#8221; specialty=&#8221;off&#8221; _builder_version=&#8221;3.0.92&#8243; background_color=&#8221;#f6f6f6&#8243; prev_background_color=&#8221;#ffffff&#8221;][et_pb_row][et_pb_column type=&#8221;4_4&#8243;][et_pb_text admin_label=&#8221;A\u00c7\u00d5ES e RETORNOS DO INVESTIMENTO&#8221; _builder_version=&#8221;3.0.106&#8243; background_layout=&#8221;light&#8221; header_font=&#8221;|300|||||||&#8221; header_font_size=&#8221;36px&#8221; header_text_color=&#8221;#44b7d4&#8243; header_line_height=&#8221;1.3em&#8221; header_text_align=&#8221;center&#8221;]<\/p>\n<h1><strong>A\u00c7\u00d5ES e RETORNOS DO INVESTIMENTO<\/strong><\/h1>\n<p>[\/et_pb_text][\/et_pb_column][\/et_pb_row][et_pb_row][et_pb_column type=&#8221;1_4&#8243;][et_pb_image _builder_version=&#8221;3.0.92&#8243; src=&#8221;https:\/\/chaire-eti.org\/wp-content\/uploads\/2018\/01\/prspectives-chaire-eti.png&#8221; show_in_lightbox=&#8221;off&#8221; url_new_window=&#8221;off&#8221; use_overlay=&#8221;off&#8221; align=&#8221;center&#8221; always_center_on_mobile=&#8221;on&#8221; force_fullwidth=&#8221;off&#8221; max_width=&#8221;60%&#8221; show_bottom_space=&#8221;on&#8221; \/][\/et_pb_column][et_pb_column type=&#8221;3_4&#8243;][et_pb_text admin_label=&#8221;Prospective\/Etudes&#8221; _builder_version=&#8221;3.0.106&#8243; background_layout=&#8221;light&#8221; header_2_font=&#8221;|700|||||||&#8221;]<\/p>\n<h2>PROSPECTIVA\/ESTUDOS<\/h2>\n<p><strong>Os temas oferecidos contemplam um e\/ou outro dos tr\u00eas eixos da C\u00e1tedra: Empreendedorismo, Territ\u00f3rios, Inova\u00e7\u00e3o&nbsp;<\/strong><\/p>\n<ul>\n<li>Possibilidades de lan\u00e7ar e\/ou participar de reflex\u00f5es pr\u00e9vias sobre tem\u00e1ticas e estudos realizados por estudantes\/pesquisadores, inclusive internacionais, no \u00e2mbito das parcerias da C\u00e1tedra e de seus componentes (Paris 1 Panth\u00e9on Sorbonne &#8211; IAE)<\/li>\n<li>Temas de Mestrados ou de Teses<\/li>\n<li>Prorroga\u00e7\u00e3o de Mestrados com est\u00e1gios de 3 a 6 meses<\/li>\n<li>Proposta de subs\u00eddios e bolsas de doutorado no CIFRE<\/li>\n<\/ul>\n<p>[\/et_pb_text][\/et_pb_column][\/et_pb_row][et_pb_row][et_pb_column type=&#8221;1_4&#8243;][et_pb_image _builder_version=&#8221;3.0.92&#8243; src=&#8221;https:\/\/chaire-eti.org\/wp-content\/uploads\/2018\/01\/formations-chaire-eti.png&#8221; show_in_lightbox=&#8221;off&#8221; url_new_window=&#8221;off&#8221; use_overlay=&#8221;off&#8221; align=&#8221;center&#8221; always_center_on_mobile=&#8221;on&#8221; force_fullwidth=&#8221;off&#8221; max_width=&#8221;60%&#8221; show_bottom_space=&#8221;on&#8221; \/][\/et_pb_column][et_pb_column type=&#8221;3_4&#8243;][et_pb_text admin_label=&#8221;Formations&#8221; _builder_version=&#8221;3.0.106&#8243; background_layout=&#8221;light&#8221; header_2_font=&#8221;|700|||||||&#8221;]<\/p>\n<h2>FORMA\u00c7\u00d5ES<\/h2>\n<p><strong>A C\u00e1tedra desenvolver\u00e1 forma\u00e7\u00f5es certificativas e diplomantes.<\/strong><\/p>\n<ul>\n<li>Os membros da C\u00e1tedra podem ter acesso a cursos que oferecem diplomas (na forma de aprendizagem ou de forma\u00e7\u00e3o continuada).<\/li>\n<li>A C\u00e1tedra poder\u00e1 criar forma\u00e7\u00f5es espec\u00edficas, inclusive certificativas, em temas espec\u00edficos.<\/li>\n<li>\u00c9 poss\u00edvel estend\u00ea-las, por exemplo, para interempresa se o parceiro desejar ampli\u00e1-las para um conjunto de clientes\/parceiros privados ou p\u00fablicos.<\/li>\n<li>As forma\u00e7\u00f5es podem ter formatos flex\u00edveis e ser criadas ad hoc.<\/li>\n<\/ul>\n<p>Da mesma forma, o parceiro tem a possibilidade de convidar pessoas da empresa como palestrantes.<\/p>\n<p>[\/et_pb_text][\/et_pb_column][\/et_pb_row][et_pb_row][et_pb_column type=&#8221;1_4&#8243;][et_pb_image _builder_version=&#8221;3.0.92&#8243; src=&#8221;https:\/\/chaire-eti.org\/wp-content\/uploads\/2018\/01\/conference-chaire-eti.png&#8221; show_in_lightbox=&#8221;off&#8221; url_new_window=&#8221;off&#8221; use_overlay=&#8221;off&#8221; align=&#8221;center&#8221; always_center_on_mobile=&#8221;on&#8221; force_fullwidth=&#8221;off&#8221; max_width=&#8221;60%&#8221; show_bottom_space=&#8221;on&#8221; \/][\/et_pb_column][et_pb_column type=&#8221;3_4&#8243;][et_pb_text admin_label=&#8221;FORUMS, CONF\u00c9RENCES, \u00c9COLES D\u2019\u00c9T\u00c9 OU INTER SAISONS&#8221; _builder_version=&#8221;3.0.106&#8243; background_layout=&#8221;light&#8221; header_2_font=&#8221;|700|||||||&#8221;]<\/p>\n<h2>F\u00d3RUNS, CONFER\u00caNCIAS, ESCOLAS DE VER\u00c3O OU INTERSAZONAIS<\/h2>\n<p><strong>O parceiro ser\u00e1 associado aos eventos que ser\u00e3o organizados pela C\u00e1tedra e para os quais sua imagem e\/ou seu conte\u00fado ser\u00e3o vis\u00edveis.<\/strong><\/p>\n<ul>\n<li>Lan\u00e7amento de ideia: uma noite por m\u00eas (10 noites por ano) dedicadas a um tema com palestrantes externos para discutir um t\u00f3pico com personalidades, nacionais ou internacionais, convidadas.<\/li>\n<li>Sem ser uma a\u00e7\u00e3o comercial ou de vendas, e sempre mantendo um princ\u00edpio de alta qualidade cient\u00edfica e de conte\u00fado, o parceiro poder\u00e1 propor ou participar de lan\u00e7amento de a\u00e7\u00f5es. Elas se inscrever\u00e3o no \u00e2mbito da C\u00e1tedra e \u00e9 nesse sentido que ser\u00e3o lan\u00e7adas. As parcerias e as a\u00e7\u00f5es conjuntas com outros parceiros tamb\u00e9m constituem um diferencial.<\/li>\n<li>No \u00e2mbito da C\u00e1tedra, o parceiro poder\u00e1 tamb\u00e9m propor a\u00e7\u00f5es espec\u00edficas, tais como Caf\u00e9 da Manh\u00e3 Tem\u00e1tico ou equivalente, tendo \u00e0 sua disposi\u00e7\u00e3o os meios da C\u00e1tedra.<\/li>\n<\/ul>\n<p>Essas a\u00e7\u00f5es poder\u00e3o ser realizadas em Paris ou em qualquer outro lugar, dependendo de parcerias estabelecidas pela C\u00e1tedra.<\/p>\n<p>[\/et_pb_text][\/et_pb_column][\/et_pb_row][et_pb_row][et_pb_column type=&#8221;1_4&#8243;][et_pb_image _builder_version=&#8221;3.0.92&#8243; src=&#8221;https:\/\/chaire-eti.org\/wp-content\/uploads\/2018\/01\/innovate-chaire-eti.png&#8221; show_in_lightbox=&#8221;off&#8221; url_new_window=&#8221;off&#8221; use_overlay=&#8221;off&#8221; align=&#8221;center&#8221; always_center_on_mobile=&#8221;on&#8221; force_fullwidth=&#8221;off&#8221; max_width=&#8221;60%&#8221; show_bottom_space=&#8221;on&#8221; \/][\/et_pb_column][et_pb_column type=&#8221;3_4&#8243;][et_pb_text admin_label=&#8221;Fabrique d&#8217;id\u00e9es&#8221; _builder_version=&#8221;3.0.106&#8243; background_layout=&#8221;light&#8221; header_2_font=&#8221;|700|||||||&#8221;]<\/p>\n<h2>F\u00c1BRICA DE IDEIAS<\/h2>\n<p><strong>A C\u00e1tedra tamb\u00e9m oferece a possibilidade de lan\u00e7ar debates, a\u00e7\u00f5es abertas de \u201cbrainstorming\u201d, chamadas &#8220;F\u00e1brica de Ideias&#8221;.<\/strong><\/p>\n<ul>\n<li>O princ\u00edpio \u00e9 posicionar um tema, fruto de uma primeira reflex\u00e3o na C\u00e1tedra, e desenvolv\u00ea-lo, a longo prazo, segundo modelo de Inova\u00e7\u00e3o Aberta (Open Innovation).<\/li>\n<li>O tema tamb\u00e9m poder\u00e1 realizar-se na plataforma digital que ser\u00e1 colocada online.<\/li>\n<\/ul>\n<p>[\/et_pb_text][\/et_pb_column][\/et_pb_row][et_pb_row][et_pb_column type=&#8221;1_4&#8243;][et_pb_image _builder_version=&#8221;3.0.92&#8243; src=&#8221;https:\/\/chaire-eti.org\/wp-content\/uploads\/2018\/01\/mooc-chaire-eti.png&#8221; show_in_lightbox=&#8221;off&#8221; url_new_window=&#8221;off&#8221; use_overlay=&#8221;off&#8221; align=&#8221;center&#8221; always_center_on_mobile=&#8221;on&#8221; force_fullwidth=&#8221;off&#8221; max_width=&#8221;60%&#8221; show_bottom_space=&#8221;on&#8221; \/][\/et_pb_column][et_pb_column type=&#8221;3_4&#8243;][et_pb_text admin_label=&#8221;MOOCS&#8221; _builder_version=&#8221;3.0.106&#8243; background_layout=&#8221;light&#8221; header_2_font=&#8221;|700|||||||&#8221;]<\/p>\n<h2>MOOCS<\/h2>\n<p><strong>Mediante o desenvolvimento de MOOCs, a C\u00e1tedra visa ampliar seu p\u00fablico e sua \u00e1rea de interven\u00e7\u00e3o.<\/strong><\/p>\n<ul>\n<li>Essas ferramentas estar\u00e3o \u00e0 disposi\u00e7\u00e3o do parceiro.<\/li>\n<li>A C\u00e1tedra envolver\u00e1 seus membros nos MOOCs enquanto palestrantes.<\/li>\n<li>Uma forma especial de interven\u00e7\u00e3o ocorrer\u00e1 uma vez por trimestre: um Hangout tem\u00e1tico, teleconfer\u00eancia via internet, com 4 personalidades, cada uma em um lugar diferente do mundo.<\/li>\n<\/ul>\n<p>[\/et_pb_text][\/et_pb_column][\/et_pb_row][et_pb_row][et_pb_column type=&#8221;1_4&#8243;][et_pb_image _builder_version=&#8221;3.0.92&#8243; src=&#8221;https:\/\/chaire-eti.org\/wp-content\/uploads\/2018\/01\/territoires-chaire-eti.png&#8221; show_in_lightbox=&#8221;off&#8221; url_new_window=&#8221;off&#8221; use_overlay=&#8221;off&#8221; align=&#8221;center&#8221; always_center_on_mobile=&#8221;on&#8221; force_fullwidth=&#8221;off&#8221; max_width=&#8221;60%&#8221; show_bottom_space=&#8221;on&#8221; \/][\/et_pb_column][et_pb_column type=&#8221;3_4&#8243;][et_pb_text admin_label=&#8221;LEARNING EXPEDITION ET VOYAGES D\u2019\u00c9TUDES&#8221; _builder_version=&#8221;3.0.106&#8243; background_layout=&#8221;light&#8221; header_2_font=&#8221;|700|||||||&#8221;]<\/p>\n<h2>LEARNING EXPEDITION ET VOYAGES D\u2019\u00c9TUDES<\/h2>\n<p><strong>A C\u00e1tedra tamb\u00e9m ter\u00e1 a possibilidade de partilhar recursos humanos e materiais para propor viagens de estudos tem\u00e1ticas. Elas ser\u00e3o de dois n\u00edveis:<\/strong><\/p>\n<ul>\n<li>Para alunos que viajam com o prop\u00f3sito de trabalhar sobre um tema e publicar um trabalho em seguida.<\/li>\n<li>Para profissionais, membros da C\u00e1tedra, que trabalham sobre temas de seu interesse, no \u00e2mbito da C\u00e1tedra.<\/li>\n<\/ul>\n<p><strong>Plataformas colaborativas: <\/strong><\/p>\n<p>A plataforma colaborativa e a pol\u00edtica de publica\u00e7\u00f5es da C\u00e1tedra estar\u00e3o a servi\u00e7o de seus membros.<\/p>\n<ul>\n<li>Publica\u00e7\u00f5es multim\u00eddia, revista online, co-cria\u00e7\u00e3o.<\/li>\n<li>Acesso a outras publica\u00e7\u00f5es e ferramentas.<\/li>\n<li>Edi\u00e7\u00e3o espec\u00edfica de publica\u00e7\u00f5es propostas pelos membros e publicadas pela C\u00e1tedra.<\/li>\n<\/ul>\n<p>[\/et_pb_text][\/et_pb_column][\/et_pb_row][et_pb_row][et_pb_column type=&#8221;4_4&#8243;][et_pb_button admin_label=&#8221;T\u00e9l\u00e9charger la version PDF&#8221; _builder_version=&#8221;3.0.106&#8243; button_text=&#8221;BAIXAR A VERS\u00c3O EM PDF&#8221; url_new_window=&#8221;on&#8221; background_layout=&#8221;light&#8221; custom_button=&#8221;off&#8221; button_icon_placement=&#8221;right&#8221; button_url=&#8221;https:\/\/chaire-eti.org\/wp-content\/uploads\/2018\/03\/CHAIR-partenaires.pdf&#8221; button_alignment=&#8221;center&#8221; \/][\/et_pb_column][\/et_pb_row][\/et_pb_section]<\/p>\n","protected":false},"excerpt":{"rendered":"<p><div class=\"et_pb_row et_pb_row_0 et_pb_row_empty\">\n\t\t\t\t\n\t\t\t\t\n\t\t\t\t\n\t\t\t\t\n\t\t\t\t\n\t\t\t<\/div> PARCERIAS <div class=\"et_pb_row et_pb_row_1 et_pb_row_empty\">\n\t\t\t\t\n\t\t\t\t\n\t\t\t\t\n\t\t\t\t\n\t\t\t\t\n\t\t\t<\/div> PARCERIAS &#8211; EIXOS DE INTERESSE POSS\u00cdVEIS PARA A C\u00c1TEDRA NA SORBONNE \u2013 IAE A C\u00e1tedra \u00e9 um espa\u00e7o de reflex\u00e3o, colabora\u00e7\u00e3o e trabalho cient\u00edfico, acad\u00eamico e profissional acerca da tem\u00e1tica Empreendedorismo, Territ\u00f3rio, Inova\u00e7\u00e3o. Ela oferece um espa\u00e7o muito amplo a seus membros para que possam desenvolver a\u00e7\u00f5es conjuntas, utilizando os recursos da [&hellip;]<\/p>\n","protected":false},"author":1,"featured_media":0,"parent":0,"menu_order":0,"comment_status":"closed","ping_status":"closed","template":"","meta":{"_et_pb_use_builder":"on","_et_pb_old_content":"","_et_gb_content_width":"","_mi_skip_tracking":false},"yoast_head":"<!-- This site is optimized with the Yoast SEO plugin v19.2 - https:\/\/yoast.com\/wordpress\/plugins\/seo\/ -->\n<title>PARCERIAS - Chaire ETI<\/title>\n<meta name=\"robots\" content=\"index, follow, max-snippet:-1, max-image-preview:large, max-video-preview:-1\" \/>\n<link rel=\"canonical\" href=\"https:\/\/chaire-eti.org\/pt-br\/partenaires\/\" \/>\n<meta property=\"og:locale\" content=\"pt_BR\" \/>\n<meta property=\"og:type\" content=\"article\" \/>\n<meta property=\"og:title\" content=\"PARCERIAS - Chaire ETI\" \/>\n<meta property=\"og:description\" content=\"PARCERIAS PARCERIAS - EIXOS DE INTERESSE POSS\u00cdVEIS PARA A C\u00c1TEDRA NA SORBONNE \u2013 IAE A C\u00e1tedra \u00e9 um espa\u00e7o de reflex\u00e3o, colabora\u00e7\u00e3o e trabalho cient\u00edfico, acad\u00eamico e profissional acerca da tem\u00e1tica Empreendedorismo, Territ\u00f3rio, Inova\u00e7\u00e3o. Ela oferece um espa\u00e7o muito amplo a seus membros para que possam desenvolver a\u00e7\u00f5es conjuntas, utilizando os recursos da [&hellip;]\" \/>\n<meta property=\"og:url\" content=\"https:\/\/chaire-eti.org\/pt-br\/partenaires\/\" \/>\n<meta property=\"og:site_name\" content=\"Chaire ETI\" \/>\n<meta property=\"article:modified_time\" content=\"2018-04-04T08:56:21+00:00\" \/>\n<meta name=\"author\" content=\"admin9390\" \/>\n<meta name=\"twitter:card\" content=\"summary_large_image\" \/>\n<meta name=\"twitter:label1\" content=\"Est. tempo de leitura\" \/>\n\t<meta name=\"twitter:data1\" content=\"8 minutos\" \/>\n<script type=\"application\/ld+json\" class=\"yoast-schema-graph\">{\"@context\":\"https:\/\/schema.org\",\"@graph\":[{\"@type\":\"WebSite\",\"@id\":\"https:\/\/chaire-eti.org\/pt-br\/#website\",\"url\":\"https:\/\/chaire-eti.org\/pt-br\/\",\"name\":\"Chaire ETI\",\"description\":\"Entrepreneuriat, Territoire, Innovation\",\"potentialAction\":[{\"@type\":\"SearchAction\",\"target\":{\"@type\":\"EntryPoint\",\"urlTemplate\":\"https:\/\/chaire-eti.org\/pt-br\/?s={search_term_string}\"},\"query-input\":\"required name=search_term_string\"}],\"inLanguage\":\"pt-BR\"},{\"@type\":\"WebPage\",\"@id\":\"https:\/\/chaire-eti.org\/pt-br\/partenaires\/#webpage\",\"url\":\"https:\/\/chaire-eti.org\/pt-br\/partenaires\/\",\"name\":\"PARCERIAS - Chaire ETI\",\"isPartOf\":{\"@id\":\"https:\/\/chaire-eti.org\/pt-br\/#website\"},\"datePublished\":\"2018-01-07T14:16:23+00:00\",\"dateModified\":\"2018-04-04T08:56:21+00:00\",\"breadcrumb\":{\"@id\":\"https:\/\/chaire-eti.org\/pt-br\/partenaires\/#breadcrumb\"},\"inLanguage\":\"pt-BR\",\"potentialAction\":[{\"@type\":\"ReadAction\",\"target\":[\"https:\/\/chaire-eti.org\/pt-br\/partenaires\/\"]}]},{\"@type\":\"BreadcrumbList\",\"@id\":\"https:\/\/chaire-eti.org\/pt-br\/partenaires\/#breadcrumb\",\"itemListElement\":[{\"@type\":\"ListItem\",\"position\":1,\"name\":\"Accueil\",\"item\":\"https:\/\/chaire-eti.org\/pt-br\/\"},{\"@type\":\"ListItem\",\"position\":2,\"name\":\"PARCERIAS\"}]}]}<\/script>\n<!-- \/ Yoast SEO plugin. -->","yoast_head_json":{"title":"PARCERIAS - Chaire ETI","robots":{"index":"index","follow":"follow","max-snippet":"max-snippet:-1","max-image-preview":"max-image-preview:large","max-video-preview":"max-video-preview:-1"},"canonical":"https:\/\/chaire-eti.org\/pt-br\/partenaires\/","og_locale":"pt_BR","og_type":"article","og_title":"PARCERIAS - Chaire ETI","og_description":"PARCERIAS PARCERIAS - EIXOS DE INTERESSE POSS\u00cdVEIS PARA A C\u00c1TEDRA NA SORBONNE \u2013 IAE A C\u00e1tedra \u00e9 um espa\u00e7o de reflex\u00e3o, colabora\u00e7\u00e3o e trabalho cient\u00edfico, acad\u00eamico e profissional acerca da tem\u00e1tica Empreendedorismo, Territ\u00f3rio, Inova\u00e7\u00e3o. Ela oferece um espa\u00e7o muito amplo a seus membros para que possam desenvolver a\u00e7\u00f5es conjuntas, utilizando os recursos da [&hellip;]","og_url":"https:\/\/chaire-eti.org\/pt-br\/partenaires\/","og_site_name":"Chaire ETI","article_modified_time":"2018-04-04T08:56:21+00:00","author":"admin9390","twitter_card":"summary_large_image","twitter_misc":{"Est. tempo de leitura":"8 minutos"},"schema":{"@context":"https:\/\/schema.org","@graph":[{"@type":"WebSite","@id":"https:\/\/chaire-eti.org\/pt-br\/#website","url":"https:\/\/chaire-eti.org\/pt-br\/","name":"Chaire ETI","description":"Entrepreneuriat, Territoire, Innovation","potentialAction":[{"@type":"SearchAction","target":{"@type":"EntryPoint","urlTemplate":"https:\/\/chaire-eti.org\/pt-br\/?s={search_term_string}"},"query-input":"required name=search_term_string"}],"inLanguage":"pt-BR"},{"@type":"WebPage","@id":"https:\/\/chaire-eti.org\/pt-br\/partenaires\/#webpage","url":"https:\/\/chaire-eti.org\/pt-br\/partenaires\/","name":"PARCERIAS - Chaire ETI","isPartOf":{"@id":"https:\/\/chaire-eti.org\/pt-br\/#website"},"datePublished":"2018-01-07T14:16:23+00:00","dateModified":"2018-04-04T08:56:21+00:00","breadcrumb":{"@id":"https:\/\/chaire-eti.org\/pt-br\/partenaires\/#breadcrumb"},"inLanguage":"pt-BR","potentialAction":[{"@type":"ReadAction","target":["https:\/\/chaire-eti.org\/pt-br\/partenaires\/"]}]},{"@type":"BreadcrumbList","@id":"https:\/\/chaire-eti.org\/pt-br\/partenaires\/#breadcrumb","itemListElement":[{"@type":"ListItem","position":1,"name":"Accueil","item":"https:\/\/chaire-eti.org\/pt-br\/"},{"@type":"ListItem","position":2,"name":"PARCERIAS"}]}]}},"_links":{"self":[{"href":"https:\/\/chaire-eti.org\/pt-br\/wp-json\/wp\/v2\/pages\/1090\/"}],"collection":[{"href":"https:\/\/chaire-eti.org\/pt-br\/wp-json\/wp\/v2\/pages\/"}],"about":[{"href":"https:\/\/chaire-eti.org\/pt-br\/wp-json\/wp\/v2\/types\/page\/"}],"author":[{"embeddable":true,"href":"https:\/\/chaire-eti.org\/pt-br\/wp-json\/wp\/v2\/users\/1\/"}],"replies":[{"embeddable":true,"href":"https:\/\/chaire-eti.org\/pt-br\/wp-json\/wp\/v2\/comments\/?post=1090"}],"version-history":[{"count":9,"href":"https:\/\/chaire-eti.org\/pt-br\/wp-json\/wp\/v2\/pages\/1090\/revisions\/"}],"predecessor-version":[{"id":1224,"href":"https:\/\/chaire-eti.org\/pt-br\/wp-json\/wp\/v2\/pages\/1090\/revisions\/1224\/"}],"wp:attachment":[{"href":"https:\/\/chaire-eti.org\/pt-br\/wp-json\/wp\/v2\/media\/?parent=1090"}],"curies":[{"name":"wp","href":"https:\/\/api.w.org\/{rel}","templated":true}]}}